{"id":5831,"date":"2024-11-14T11:24:43","date_gmt":"2024-11-14T10:24:43","guid":{"rendered":"https:\/\/etev7e.pef.czu.cz\/zs2223\/?post_type=product&#038;p=5831"},"modified":"2024-11-14T11:24:43","modified_gmt":"2024-11-14T10:24:43","slug":"kosmeticky-darkovy-kos","status":"publish","type":"product","link":"https:\/\/etev7e.pef.czu.cz\/zs2223\/produkt\/kosmeticky-darkovy-kos\/","title":{"rendered":"Kosmetick\u00fd d\u00e1rkov\u00fd ko\u0161"},"content":{"rendered":"<p dir=\"ltr\">D\u00e1rkov\u00e1 sada vlasov\u00e9 kosmetiky zna\u010dky Jean Spali Myn\u00e8 je navr\u017eena tak, aby poskytla kompletn\u00ed p\u00e9\u010di o vlasy. Obsahuje \u0161ampon, kter\u00fd jemn\u011b \u010dist\u00ed vlasy a p\u0159ipravuje je na dal\u0161\u00ed p\u00e9\u010di, vy\u017eivuj\u00edc\u00ed masku, kter\u00e1 obnovuje hloubkovou hydrataci, termo-ochranu chr\u00e1n\u00edc\u00ed vlasy p\u0159ed po\u0161kozen\u00edm teplem p\u0159i stylingu, a lehk\u00fd olej\u00ed\u010dek ur\u010den\u00fd k o\u0161et\u0159en\u00ed such\u00fdch kone\u010dk\u016f, aby z\u016fstaly jemn\u00e9 a zdrav\u00e9.<\/p>\n<p dir=\"ltr\">Cel\u00e1 tato hydrata\u010dn\u00ed \u0159ada je vhodn\u00e1 jak pro barven\u00e9, tak pro p\u0159\u00edrodn\u00ed vlasy, a d\u00edky sv\u00e9mu slo\u017een\u00ed na b\u00e1zi p\u0159\u00edrodn\u00edch ingredienc\u00ed pom\u00e1h\u00e1 vlas\u016fm udr\u017eet p\u0159irozenou kr\u00e1su, hebkost a zdrav\u00ed. Ide\u00e1ln\u00ed jako d\u00e1rek pro ty, kte\u0159\u00ed hledaj\u00ed kvalitn\u00ed a \u0161etrnou p\u00e9\u010di pro sv\u00e9 vlasy.<\/p>\n","protected":false},"excerpt":{"rendered":"<p>D\u00e1rkov\u00e1 sada vlasov\u00e9 kosmetiky Jean Spali Myn\u00e8 nab\u00edz\u00ed kompletn\u00ed p\u00e9\u010di o vlasy. Obsahuje \u0161ampon pro jemn\u00e9 \u010di\u0161t\u011bn\u00ed, vy\u017eivuj\u00edc\u00ed masku pro hloubkovou hydrataci, termo-ochranu proti teplu p\u0159i stylingu a olej\u00ed\u010dek pro o\u0161et\u0159en\u00ed such\u00fdch kone\u010dk\u016f. Sada je vhodn\u00e1 pro barven\u00e9 i p\u0159\u00edrodn\u00ed vlasy a d\u00edky p\u0159\u00edrodn\u00edm slo\u017ek\u00e1m udr\u017euje vlasy hebk\u00e9, zdrav\u00e9 a kr\u00e1sn\u00e9. Ide\u00e1ln\u00ed d\u00e1rek pro milovn\u00edky kvalitn\u00ed a \u0161etrn\u00e9 p\u00e9\u010de.<\/p>\n","protected":false},"featured_media":5844,"comment_status":"open","ping_status":"closed","template":"","meta":[],"product_brand":[],"product_cat":[1797],"product_tag":[183,421,981,318,30],"class_list":{"0":"post-5831","1":"product","2":"type-product","3":"status-publish","4":"has-post-thumbnail","6":"product_cat-www-tvujshop-cz-darkove-kose","7":"product_tag-alkoholicke-napoje","8":"product_tag-caj","9":"product_tag-cokolada","10":"product_tag-damska-kosmetika","11":"product_tag-pivo","13":"first","14":"instock","15":"taxable","16":"shipping-taxable","17":"purchasable","18":"product-type-simple"},"jetpack_sharing_enabled":true,"_links":{"self":[{"href":"https:\/\/etev7e.pef.czu.cz\/zs2223\/wp-json\/wp\/v2\/product\/5831","targetHints":{"allow":["GET"]}}],"collection":[{"href":"https:\/\/etev7e.pef.czu.cz\/zs2223\/wp-json\/wp\/v2\/product"}],"about":[{"href":"https:\/\/etev7e.pef.czu.cz\/zs2223\/wp-json\/wp\/v2\/types\/product"}],"replies":[{"embeddable":true,"href":"https:\/\/etev7e.pef.czu.cz\/zs2223\/wp-json\/wp\/v2\/comments?post=5831"}],"wp:featuredmedia":[{"embeddable":true,"href":"https:\/\/etev7e.pef.czu.cz\/zs2223\/wp-json\/wp\/v2\/media\/5844"}],"wp:attachment":[{"href":"https:\/\/etev7e.pef.czu.cz\/zs2223\/wp-json\/wp\/v2\/media?parent=5831"}],"wp:term":[{"taxonomy":"product_brand","embeddable":true,"href":"https:\/\/etev7e.pef.czu.cz\/zs2223\/wp-json\/wp\/v2\/product_brand?post=5831"},{"taxonomy":"product_cat","embeddable":true,"href":"https:\/\/etev7e.pef.czu.cz\/zs2223\/wp-json\/wp\/v2\/product_cat?post=5831"},{"taxonomy":"product_tag","embeddable":true,"href":"https:\/\/etev7e.pef.czu.cz\/zs2223\/wp-json\/wp\/v2\/product_tag?post=5831"}],"curies":[{"name":"wp","href":"https:\/\/api.w.org\/{rel}","templated":true}]}}