{"id":5850,"date":"2024-11-14T11:32:42","date_gmt":"2024-11-14T10:32:42","guid":{"rendered":"https:\/\/etev7e.pef.czu.cz\/zs2223\/?post_type=product&#038;p=5850"},"modified":"2024-11-14T11:32:42","modified_gmt":"2024-11-14T10:32:42","slug":"cokoladovy-darkovy-kos","status":"publish","type":"product","link":"https:\/\/etev7e.pef.czu.cz\/zs2223\/produkt\/cokoladovy-darkovy-kos\/","title":{"rendered":"\u010cokol\u00e1dov\u00fd d\u00e1rkov\u00fd ko\u0161"},"content":{"rendered":"<p>Objevte lahodn\u00fd \u010dokol\u00e1dov\u00fd d\u00e1rkov\u00fd ko\u0161, kter\u00fd nab\u00edz\u00ed jedine\u010dnou kombinaci t\u0159\u00ed druh\u016f pr\u00e9miov\u00e9 \u010dokol\u00e1dy. Najdete zde ho\u0159kou \u010dokol\u00e1du s posypem lyofilizovan\u00fdch jahod, kter\u00e1 spojuje intenzivn\u00ed chu\u0165 s k\u0159upav\u00fdmi jahodami, d\u00e1le ml\u00e9\u010dnou \u010dokol\u00e1du s posypem lyofilizovan\u00fdch malin a l\u00edskov\u00fdch o\u0159\u00ed\u0161k\u016f, kde se sladk\u00e1 \u010dokol\u00e1da snoub\u00ed s ovocn\u00fdm a o\u0159\u00ed\u0161kov\u00fdm n\u00e1dechem. Pro vyv\u00e1\u017eenou chu\u0165 je zde b\u00edl\u00e1 \u010dokol\u00e1da s posypem ho\u0159k\u00e9 \u010dokol\u00e1dy, kter\u00e1 kombinuje jemnost a v\u00fdraznost. Tento ko\u0161 je ide\u00e1ln\u00edm d\u00e1rkem pro milovn\u00edky \u010dokol\u00e1dy a hod\u00ed se pro r\u016fzn\u00e9 p\u0159\u00edle\u017eitosti, jako jsou narozeniny, v\u00fdro\u010d\u00ed nebo pod\u011bkov\u00e1n\u00ed. Skv\u011bl\u00e1 volba pro v\u0161echny, kdo ocen\u00ed kvalitn\u00ed suroviny a v\u00fdjime\u010dn\u00e9 chut\u011b.<\/p>\n","protected":false},"excerpt":{"rendered":"<p>Lahodn\u00fd \u010dokol\u00e1dov\u00fd d\u00e1rkov\u00fd ko\u0161 obsahuje t\u0159i druhy pr\u00e9miov\u00e9 \u010dokol\u00e1dy: ho\u0159kou s jahodami, ml\u00e9\u010dnou s malinami a l\u00edskov\u00fdmi o\u0159\u00ed\u0161ky, a b\u00edlou s ho\u0159kou \u010dokol\u00e1dou. Ide\u00e1ln\u00ed d\u00e1rek pro milovn\u00edky kvalitn\u00ed \u010dokol\u00e1dy a v\u00fdjime\u010dn\u00fdch chut\u00ed, vhodn\u00fd pro r\u016fzn\u00e9 p\u0159\u00edle\u017eitosti.<\/p>\n","protected":false},"featured_media":5852,"comment_status":"open","ping_status":"closed","template":"","meta":[],"product_brand":[],"product_cat":[1797],"product_tag":[981,318,1097],"class_list":{"0":"post-5850","1":"product","2":"type-product","3":"status-publish","4":"has-post-thumbnail","6":"product_cat-www-tvujshop-cz-darkove-kose","7":"product_tag-cokolada","8":"product_tag-damska-kosmetika","9":"product_tag-darkove-sady","11":"first","12":"instock","13":"taxable","14":"shipping-taxable","15":"purchasable","16":"product-type-simple"},"jetpack_sharing_enabled":true,"_links":{"self":[{"href":"https:\/\/etev7e.pef.czu.cz\/zs2223\/wp-json\/wp\/v2\/product\/5850","targetHints":{"allow":["GET"]}}],"collection":[{"href":"https:\/\/etev7e.pef.czu.cz\/zs2223\/wp-json\/wp\/v2\/product"}],"about":[{"href":"https:\/\/etev7e.pef.czu.cz\/zs2223\/wp-json\/wp\/v2\/types\/product"}],"replies":[{"embeddable":true,"href":"https:\/\/etev7e.pef.czu.cz\/zs2223\/wp-json\/wp\/v2\/comments?post=5850"}],"wp:featuredmedia":[{"embeddable":true,"href":"https:\/\/etev7e.pef.czu.cz\/zs2223\/wp-json\/wp\/v2\/media\/5852"}],"wp:attachment":[{"href":"https:\/\/etev7e.pef.czu.cz\/zs2223\/wp-json\/wp\/v2\/media?parent=5850"}],"wp:term":[{"taxonomy":"product_brand","embeddable":true,"href":"https:\/\/etev7e.pef.czu.cz\/zs2223\/wp-json\/wp\/v2\/product_brand?post=5850"},{"taxonomy":"product_cat","embeddable":true,"href":"https:\/\/etev7e.pef.czu.cz\/zs2223\/wp-json\/wp\/v2\/product_cat?post=5850"},{"taxonomy":"product_tag","embeddable":true,"href":"https:\/\/etev7e.pef.czu.cz\/zs2223\/wp-json\/wp\/v2\/product_tag?post=5850"}],"curies":[{"name":"wp","href":"https:\/\/api.w.org\/{rel}","templated":true}]}}