{"id":5854,"date":"2024-11-14T11:36:09","date_gmt":"2024-11-14T10:36:09","guid":{"rendered":"https:\/\/etev7e.pef.czu.cz\/zs2223\/?post_type=product&#038;p=5854"},"modified":"2024-11-14T11:36:09","modified_gmt":"2024-11-14T10:36:09","slug":"cajovy-darkovy-kos","status":"publish","type":"product","link":"https:\/\/etev7e.pef.czu.cz\/zs2223\/produkt\/cajovy-darkovy-kos\/","title":{"rendered":"\u010cajov\u00fd d\u00e1rkov\u00fd ko\u0161"},"content":{"rendered":"<p>N\u00e1\u0161 \u010dajov\u00fd d\u00e1rkov\u00fd ko\u0161 p\u0159edstavuje harmonii chut\u00ed a v\u016fn\u00ed. Obsahem tohoto\u00a0 d\u00e1rkov\u00e9ho ko\u0161e je sada dvou mal\u00fdch \u010daj\u016f a jednoho velk\u00e9ho \u010daje Richard. \u010caj si m\u016f\u017eete vychutnat v plech\u00e1\u010dku \u201cRadost na m\u00edru\u201d, kter\u00fd je tak\u00e9 sou\u010d\u00e1st\u00ed bal\u00ed\u010dku. Ko\u0161 dopl\u0148uj\u00ed u\u017e jen lahodn\u00e9 datlenky &#8211; ru\u010dn\u011b vyr\u00e1b\u011bn\u00e9 pralinky z datl\u00ed, kokosu a ho\u0159k\u00e9 a ml\u00e9\u010dn\u00e9 \u010dokol\u00e1dy. Tento d\u00e1rkov\u00fd ko\u0161 je ide\u00e1ln\u00ed pro chv\u00edle relaxace, kdy si m\u016f\u017eete dop\u0159\u00e1t zaslou\u017een\u00fd odpo\u010dinek,\u00a0 a\u0165 u\u017e sami s knihou nebo ve spole\u010dnosti sv\u00fdch bl\u00edzk\u00fdch.<\/p>\n","protected":false},"excerpt":{"rendered":"<div class=\"flex-shrink-0 flex flex-col relative items-end\">\n<div>\n<div class=\"pt-0\">\n<div class=\"gizmo-bot-avatar flex h-8 w-8 items-center justify-center overflow-hidden rounded-full\">\n<div class=\"relative p-1 rounded-sm flex items-center justify-center bg-token-main-surface-primary text-token-text-primary h-8 w-8\">\u010cajov\u00fd d\u00e1rkov\u00fd ko\u0161 obsahuje dv\u011b mal\u00e9 \u010daje, jeden velk\u00fd \u010daj Richard a plech\u00e1\u010dek &#8222;Radost na m\u00edru&#8220;. Ko\u0161 dopl\u0148uj\u00ed lahodn\u00e9 datlenky \u2013 pralinky z datl\u00ed, kokosu a \u010dokol\u00e1dy. Ide\u00e1ln\u00ed pro chv\u00edle relaxace a odpo\u010dinku.<\/div>\n<\/div>\n<\/div>\n<\/div>\n<\/div>\n","protected":false},"featured_media":5855,"comment_status":"open","ping_status":"closed","template":"","meta":[],"product_brand":[],"product_cat":[1797],"product_tag":[1612,421,1097,466],"class_list":{"0":"post-5854","1":"product","2":"type-product","3":"status-publish","4":"has-post-thumbnail","6":"product_cat-www-tvujshop-cz-darkove-kose","7":"product_tag-bile-vino","8":"product_tag-caj","9":"product_tag-darkove-sady","10":"product_tag-svicka","12":"first","13":"instock","14":"taxable","15":"shipping-taxable","16":"purchasable","17":"product-type-simple"},"jetpack_sharing_enabled":true,"_links":{"self":[{"href":"https:\/\/etev7e.pef.czu.cz\/zs2223\/wp-json\/wp\/v2\/product\/5854","targetHints":{"allow":["GET"]}}],"collection":[{"href":"https:\/\/etev7e.pef.czu.cz\/zs2223\/wp-json\/wp\/v2\/product"}],"about":[{"href":"https:\/\/etev7e.pef.czu.cz\/zs2223\/wp-json\/wp\/v2\/types\/product"}],"replies":[{"embeddable":true,"href":"https:\/\/etev7e.pef.czu.cz\/zs2223\/wp-json\/wp\/v2\/comments?post=5854"}],"wp:featuredmedia":[{"embeddable":true,"href":"https:\/\/etev7e.pef.czu.cz\/zs2223\/wp-json\/wp\/v2\/media\/5855"}],"wp:attachment":[{"href":"https:\/\/etev7e.pef.czu.cz\/zs2223\/wp-json\/wp\/v2\/media?parent=5854"}],"wp:term":[{"taxonomy":"product_brand","embeddable":true,"href":"https:\/\/etev7e.pef.czu.cz\/zs2223\/wp-json\/wp\/v2\/product_brand?post=5854"},{"taxonomy":"product_cat","embeddable":true,"href":"https:\/\/etev7e.pef.czu.cz\/zs2223\/wp-json\/wp\/v2\/product_cat?post=5854"},{"taxonomy":"product_tag","embeddable":true,"href":"https:\/\/etev7e.pef.czu.cz\/zs2223\/wp-json\/wp\/v2\/product_tag?post=5854"}],"curies":[{"name":"wp","href":"https:\/\/api.w.org\/{rel}","templated":true}]}}