{"id":5856,"date":"2024-11-14T11:39:23","date_gmt":"2024-11-14T10:39:23","guid":{"rendered":"https:\/\/etev7e.pef.czu.cz\/zs2223\/?post_type=product&#038;p=5856"},"modified":"2024-11-14T11:39:23","modified_gmt":"2024-11-14T10:39:23","slug":"valentynsky-darkovy-kos","status":"publish","type":"product","link":"https:\/\/etev7e.pef.czu.cz\/zs2223\/produkt\/valentynsky-darkovy-kos\/","title":{"rendered":"Valent\u00fdnsk\u00fd d\u00e1rkov\u00fd ko\u0161"},"content":{"rendered":"<p>Valent\u00fdnsk\u00fd d\u00e1rkov\u00fd ko\u0161 je elegantn\u00ed a romantick\u00fd d\u00e1rek, kter\u00fd pot\u011b\u0161\u00ed ka\u017ed\u00e9ho milovn\u00edka sladk\u00fdch dobrot. Hlavn\u00edm l\u00e1kadlem jsou luxusn\u00ed pern\u00ed\u010dky od Luxury Cakes, jemn\u011b zdoben\u00e9 a pln\u00e9 chut\u00ed, kter\u00e9 p\u0159in\u00e1\u0161ej\u00ed na jazyk z\u00e1van l\u00e1sky. K tomu se skv\u011ble hod\u00ed l\u00e1hev kvalitn\u00edho v\u00edna, ide\u00e1ln\u00ed pro sd\u00edlen\u00ed nezapomenuteln\u00fdch chvil ve dvou. Cel\u00fd ko\u0161 je dopln\u011bn stylovou ozdobou ve tvaru srdce, kter\u00e1 podtrhuje sv\u00e1te\u010dn\u00ed atmosf\u00e9ru a \u010din\u00ed tento d\u00e1rek dokonal\u00fdm pro oslavu sv\u00e1tku zamilovan\u00fdch.<\/p>\n","protected":false},"excerpt":{"rendered":"<div class=\"flex-shrink-0 flex flex-col relative items-end\">\n<div>\n<div class=\"pt-0\">\n<div class=\"gizmo-bot-avatar flex h-8 w-8 items-center justify-center overflow-hidden rounded-full\">\n<div class=\"relative p-1 rounded-sm flex items-center justify-center bg-token-main-surface-primary text-token-text-primary h-8 w-8\">Valent\u00fdnsk\u00fd d\u00e1rkov\u00fd ko\u0161 obsahuje luxusn\u00ed pern\u00ed\u010dky od Luxury Cakes, kvalitn\u00ed v\u00edno a ozdobu ve tvaru srdce. Ide\u00e1ln\u00ed d\u00e1rek pro romantick\u00e9 chv\u00edle a oslavu sv\u00e1tku zamilovan\u00fdch.<\/div>\n<\/div>\n<\/div>\n<\/div>\n<\/div>\n","protected":false},"featured_media":5857,"comment_status":"open","ping_status":"closed","template":"","meta":[],"product_brand":[],"product_cat":[1797],"product_tag":[1612,981,926,787],"class_list":{"0":"post-5856","1":"product","2":"type-product","3":"status-publish","4":"has-post-thumbnail","6":"product_cat-www-tvujshop-cz-darkove-kose","7":"product_tag-bile-vino","8":"product_tag-cokolada","9":"product_tag-kvetiny","10":"product_tag-laska","12":"first","13":"instock","14":"taxable","15":"shipping-taxable","16":"purchasable","17":"product-type-simple"},"jetpack_sharing_enabled":true,"_links":{"self":[{"href":"https:\/\/etev7e.pef.czu.cz\/zs2223\/wp-json\/wp\/v2\/product\/5856","targetHints":{"allow":["GET"]}}],"collection":[{"href":"https:\/\/etev7e.pef.czu.cz\/zs2223\/wp-json\/wp\/v2\/product"}],"about":[{"href":"https:\/\/etev7e.pef.czu.cz\/zs2223\/wp-json\/wp\/v2\/types\/product"}],"replies":[{"embeddable":true,"href":"https:\/\/etev7e.pef.czu.cz\/zs2223\/wp-json\/wp\/v2\/comments?post=5856"}],"wp:featuredmedia":[{"embeddable":true,"href":"https:\/\/etev7e.pef.czu.cz\/zs2223\/wp-json\/wp\/v2\/media\/5857"}],"wp:attachment":[{"href":"https:\/\/etev7e.pef.czu.cz\/zs2223\/wp-json\/wp\/v2\/media?parent=5856"}],"wp:term":[{"taxonomy":"product_brand","embeddable":true,"href":"https:\/\/etev7e.pef.czu.cz\/zs2223\/wp-json\/wp\/v2\/product_brand?post=5856"},{"taxonomy":"product_cat","embeddable":true,"href":"https:\/\/etev7e.pef.czu.cz\/zs2223\/wp-json\/wp\/v2\/product_cat?post=5856"},{"taxonomy":"product_tag","embeddable":true,"href":"https:\/\/etev7e.pef.czu.cz\/zs2223\/wp-json\/wp\/v2\/product_tag?post=5856"}],"curies":[{"name":"wp","href":"https:\/\/api.w.org\/{rel}","templated":true}]}}