{"id":6117,"date":"2024-11-18T19:43:56","date_gmt":"2024-11-18T18:43:56","guid":{"rendered":"https:\/\/etev7e.pef.czu.cz\/zs2223\/?post_type=product&#038;p=6117"},"modified":"2024-11-18T20:17:16","modified_gmt":"2024-11-18T19:17:16","slug":"deskova-hra-kombi","status":"publish","type":"product","link":"https:\/\/etev7e.pef.czu.cz\/zs2223\/produkt\/deskova-hra-kombi\/","title":{"rendered":"KOMBI"},"content":{"rendered":"<p>Jestli\u017ee m\u00e1te r\u00e1di \u017eol\u00edky \u010di podobnou klasiku, pak pr\u00e1v\u011b v\u00e1m je ur\u010dena jednoduch\u00e1 kombina\u010dn\u00ed hra Kombi. P\u0159i h\u0159e kombinujte tradi\u010dn\u00ed barvy a \u010d\u00edsla na hrac\u00ed desce, abyste z\u00edskali co nejv\u00edce bod\u016f. Mus\u00edte b\u00fdt ale opatrn\u00ed, abyste sv\u00fdm protihr\u00e1\u010d\u016fm nepomohli do veden\u00ed. Vyzrajte na sv\u00e9 p\u0159\u00e1tele a rodinu ve h\u0159e v\u0161ech proti v\u0161em, anebo utvo\u0159te t\u00fdmy a utkejte se v taktick\u00e9m souboji.<\/p>\n<p dir=\"ltr\">Obsah hry:\u00a050 kamen\u016f, 4 stoj\u00e1nky, 4 hrac\u00ed figurky, 1 s\u00e1\u010dek, 1 hrac\u00ed deska, pravidla<\/p>\n<p dir=\"ltr\">Po\u010det hr\u00e1\u010d\u016f:\u00a02 &#8211; 4<\/p>\n<p dir=\"ltr\">Doba hran\u00ed:\u00a025 minut<\/p>\n<p dir=\"ltr\">Obt\u00ed\u017enost:\u00a0snadn\u00e1<\/p>\n<p dir=\"ltr\">Doporu\u010den\u00e1 v\u011bkov\u00e1 hranice:\u00a0od 8 let<\/p>\n","protected":false},"excerpt":{"rendered":"<p>KOMBI \u2013 kombinujte \u010d\u00edsla a symboly v t\u00e9to strategick\u00e9 deskov\u00e9 h\u0159e<\/p>\n","protected":false},"featured_media":6119,"comment_status":"open","ping_status":"closed","template":"","meta":[],"product_brand":[],"product_cat":[1804],"product_tag":[681,301,300,862,298],"class_list":{"0":"post-6117","1":"product","2":"type-product","3":"status-publish","4":"has-post-thumbnail","6":"product_cat-deskove-hry-cz","7":"product_tag-deskove-hry","8":"product_tag-hry","9":"product_tag-karetni-hry","10":"product_tag-rodinne-hry","11":"product_tag-spolecenske-hry","13":"first","14":"instock","15":"taxable","16":"shipping-taxable","17":"purchasable","18":"product-type-simple"},"jetpack_sharing_enabled":true,"_links":{"self":[{"href":"https:\/\/etev7e.pef.czu.cz\/zs2223\/wp-json\/wp\/v2\/product\/6117","targetHints":{"allow":["GET"]}}],"collection":[{"href":"https:\/\/etev7e.pef.czu.cz\/zs2223\/wp-json\/wp\/v2\/product"}],"about":[{"href":"https:\/\/etev7e.pef.czu.cz\/zs2223\/wp-json\/wp\/v2\/types\/product"}],"replies":[{"embeddable":true,"href":"https:\/\/etev7e.pef.czu.cz\/zs2223\/wp-json\/wp\/v2\/comments?post=6117"}],"wp:featuredmedia":[{"embeddable":true,"href":"https:\/\/etev7e.pef.czu.cz\/zs2223\/wp-json\/wp\/v2\/media\/6119"}],"wp:attachment":[{"href":"https:\/\/etev7e.pef.czu.cz\/zs2223\/wp-json\/wp\/v2\/media?parent=6117"}],"wp:term":[{"taxonomy":"product_brand","embeddable":true,"href":"https:\/\/etev7e.pef.czu.cz\/zs2223\/wp-json\/wp\/v2\/product_brand?post=6117"},{"taxonomy":"product_cat","embeddable":true,"href":"https:\/\/etev7e.pef.czu.cz\/zs2223\/wp-json\/wp\/v2\/product_cat?post=6117"},{"taxonomy":"product_tag","embeddable":true,"href":"https:\/\/etev7e.pef.czu.cz\/zs2223\/wp-json\/wp\/v2\/product_tag?post=6117"}],"curies":[{"name":"wp","href":"https:\/\/api.w.org\/{rel}","templated":true}]}}