{"id":6132,"date":"2024-11-18T19:31:42","date_gmt":"2024-11-18T18:31:42","guid":{"rendered":"https:\/\/etev7e.pef.czu.cz\/zs2223\/?post_type=product&#038;p=6132"},"modified":"2024-11-18T20:33:33","modified_gmt":"2024-11-18T19:33:33","slug":"munchkin","status":"publish","type":"product","link":"https:\/\/etev7e.pef.czu.cz\/zs2223\/produkt\/munchkin\/","title":{"rendered":"Munchkin"},"content":{"rendered":"<p>Munchkin je karetn\u00ed hra, kter\u00e1 je pom\u011brn\u011b vyda\u0159enou parodi\u00ed her na hrdiny. Za\u010d\u00edn\u00e1te jako oby\u010dejn\u00fd \u010dlov\u011bk bez povol\u00e1n\u00ed a postupn\u011b se m\u016f\u017eete st\u00e1t nap\u0159\u00edklad elfem klerikem, zde ale podobnost s klasick\u00fdm &#8222;Dra\u010d\u00e1kem&#8220; kon\u010d\u00ed. V Munchkinovi v\u00e1s \u010dek\u00e1 N\u00e1poj idiotsk\u00e9 odvahy, kleba Kachna osudu a vypracovat se budete muset na p\u0159\u00ed\u0161er\u00e1ch jako jsou zlat\u00e1 rybka z akv\u00e1ria \u010di chrom\u00fd goblin. Ale nebojte, na vy\u0161\u0161\u00edch \u00farovn\u00edch p\u0159ijdou i draci a dal\u0161\u00ed siln\u00ed protivn\u00edci.<\/p>\n<p dir=\"ltr\">Obsah hry:\u00a0hrac\u00ed karty, n\u00e1vod<\/p>\n<p id=\"yui_3_17_2_1_1731958324137_33\" dir=\"ltr\">Po\u010det hr\u00e1\u010d\u016f:\u00a03 &#8211; 6<\/p>\n<p dir=\"ltr\">Doba hran\u00ed:\u00a090 minut<\/p>\n<p dir=\"ltr\">Obt\u00ed\u017enost:\u00a0St\u0159edn\u00ed<\/p>\n<p dir=\"ltr\">Doporu\u010den\u00e1 v\u011bkov\u00e1 hranice:\u00a0od 10 let<\/p>\n","protected":false},"excerpt":{"rendered":"<p>Munchkin je karetn\u00ed hra paroduj\u00edc\u00ed hry na hrdiny. Za\u010d\u00edn\u00e1te jako oby\u010dejn\u00fd \u010dlov\u011bk a postupn\u011b se m\u011bn\u00edte t\u0159eba na elfa klerika. \u010cekaj\u00ed v\u00e1s vtipn\u00e9 p\u0159edm\u011bty jako Kachna osudu a souboje s p\u0159\u00ed\u0161erami od chrom\u00e9ho goblina a\u017e po draky<\/p>\n","protected":false},"featured_media":6134,"comment_status":"open","ping_status":"closed","template":"","meta":[],"product_brand":[],"product_cat":[1804],"product_tag":[681,300,862,299],"class_list":{"0":"post-6132","1":"product","2":"type-product","3":"status-publish","4":"has-post-thumbnail","6":"product_cat-deskove-hry-cz","7":"product_tag-deskove-hry","8":"product_tag-karetni-hry","9":"product_tag-rodinne-hry","10":"product_tag-stolni-hry","12":"first","13":"instock","14":"taxable","15":"shipping-taxable","16":"purchasable","17":"product-type-simple"},"jetpack_sharing_enabled":true,"_links":{"self":[{"href":"https:\/\/etev7e.pef.czu.cz\/zs2223\/wp-json\/wp\/v2\/product\/6132","targetHints":{"allow":["GET"]}}],"collection":[{"href":"https:\/\/etev7e.pef.czu.cz\/zs2223\/wp-json\/wp\/v2\/product"}],"about":[{"href":"https:\/\/etev7e.pef.czu.cz\/zs2223\/wp-json\/wp\/v2\/types\/product"}],"replies":[{"embeddable":true,"href":"https:\/\/etev7e.pef.czu.cz\/zs2223\/wp-json\/wp\/v2\/comments?post=6132"}],"wp:featuredmedia":[{"embeddable":true,"href":"https:\/\/etev7e.pef.czu.cz\/zs2223\/wp-json\/wp\/v2\/media\/6134"}],"wp:attachment":[{"href":"https:\/\/etev7e.pef.czu.cz\/zs2223\/wp-json\/wp\/v2\/media?parent=6132"}],"wp:term":[{"taxonomy":"product_brand","embeddable":true,"href":"https:\/\/etev7e.pef.czu.cz\/zs2223\/wp-json\/wp\/v2\/product_brand?post=6132"},{"taxonomy":"product_cat","embeddable":true,"href":"https:\/\/etev7e.pef.czu.cz\/zs2223\/wp-json\/wp\/v2\/product_cat?post=6132"},{"taxonomy":"product_tag","embeddable":true,"href":"https:\/\/etev7e.pef.czu.cz\/zs2223\/wp-json\/wp\/v2\/product_tag?post=6132"}],"curies":[{"name":"wp","href":"https:\/\/api.w.org\/{rel}","templated":true}]}}