{"id":6135,"date":"2024-11-18T19:37:47","date_gmt":"2024-11-18T18:37:47","guid":{"rendered":"https:\/\/etev7e.pef.czu.cz\/zs2223\/?post_type=product&#038;p=6135"},"modified":"2024-11-18T20:34:29","modified_gmt":"2024-11-18T19:34:29","slug":"carcassonne","status":"publish","type":"product","link":"https:\/\/etev7e.pef.czu.cz\/zs2223\/produkt\/carcassonne\/","title":{"rendered":"Carcassonne"},"content":{"rendered":"<p>Deskov\u00e1 hra, kde p\u0159ikl\u00e1d\u00e1n\u00edm \u010dtvercov\u00fdch d\u00edlk\u016f stav\u00edte mapu s hrady, loukami a cestami a za pomoci rozm\u00eds\u0165ov\u00e1n\u00ed pan\u00e1\u010dk\u016f za to sk\u00f3rujete body, si i v \u010cesk\u00e9 republice na\u0161la desetitis\u00edce p\u0159\u00edznivc\u016f. Ke h\u0159e existuje celkem dev\u011bt velk\u00fdch roz\u0161\u00ed\u0159en\u00ed, kter\u00e9 d\u00e1le prohlubuj\u00ed va\u0161e taktick\u00e9 mo\u017enosti. Nav\u00edc si hru Carcassonne m\u016f\u017eete zahr\u00e1t skute\u010dn\u011b s ka\u017ed\u00fdm, co\u017e je jej\u00ed nesporn\u00e1 v\u00fdhoda. Hra je obl\u00edben\u00e1 jak mezi d\u011btmi, tak mezi dosp\u011bl\u00fdmi a v\u011bt\u0161ina hr\u00e1\u010d\u016f u n\u00ed za\u010d\u00ednala. Doporu\u010dujeme jako zcela ide\u00e1ln\u00ed d\u00e1rek, s Carcassonne nes\u00e1hnete vedle ani u lid\u00ed, kte\u0159\u00ed se jinak hran\u00ed deskov\u00fdch her nev\u011bnuj\u00ed.<\/p>\n<p dir=\"ltr\">Obsah hry:\u00a072 karti\u010dek krajiny, 40 figurek v 5 barv\u00e1ch, 1 bodovac\u00ed tabulka, 12 karti\u010dek \u0159eky, 5 figurek opat\u016f, pravidla hry<\/p>\n<p dir=\"ltr\">Po\u010det hr\u00e1\u010d\u016f:\u00a02 &#8211; 5<\/p>\n<p dir=\"ltr\">Doba hran\u00ed:\u00a060 minut<\/p>\n<p dir=\"ltr\">Obt\u00ed\u017enost: snadn\u00e1<\/p>\n<p dir=\"ltr\">Doporu\u010den\u00e1 v\u011bkov\u00e1 hranice:\u00a0od 8 let<\/p>\n","protected":false},"excerpt":{"rendered":"<p>Deskov\u00e1 hra, kde stav\u00edte mapu z d\u00edlk\u016f a z\u00edsk\u00e1v\u00e1te body rozm\u00eds\u0165ov\u00e1n\u00edm figurek, si z\u00edskala tis\u00edce fanou\u0161k\u016f. Carcassonne m\u00e1 dev\u011bt velk\u00fdch roz\u0161\u00ed\u0159en\u00ed a je obl\u00edben\u00e1 u d\u011bt\u00ed i dosp\u011bl\u00fdch. Skv\u011bl\u00fd d\u00e1rek, vhodn\u00fd i pro za\u010d\u00e1te\u010dn\u00edky.<\/p>\n","protected":false},"featured_media":6136,"comment_status":"open","ping_status":"closed","template":"","meta":[],"product_brand":[],"product_cat":[1804],"product_tag":[681,300,862,299],"class_list":{"0":"post-6135","1":"product","2":"type-product","3":"status-publish","4":"has-post-thumbnail","6":"product_cat-deskove-hry-cz","7":"product_tag-deskove-hry","8":"product_tag-karetni-hry","9":"product_tag-rodinne-hry","10":"product_tag-stolni-hry","12":"first","13":"instock","14":"taxable","15":"shipping-taxable","16":"purchasable","17":"product-type-simple"},"jetpack_sharing_enabled":true,"_links":{"self":[{"href":"https:\/\/etev7e.pef.czu.cz\/zs2223\/wp-json\/wp\/v2\/product\/6135","targetHints":{"allow":["GET"]}}],"collection":[{"href":"https:\/\/etev7e.pef.czu.cz\/zs2223\/wp-json\/wp\/v2\/product"}],"about":[{"href":"https:\/\/etev7e.pef.czu.cz\/zs2223\/wp-json\/wp\/v2\/types\/product"}],"replies":[{"embeddable":true,"href":"https:\/\/etev7e.pef.czu.cz\/zs2223\/wp-json\/wp\/v2\/comments?post=6135"}],"wp:featuredmedia":[{"embeddable":true,"href":"https:\/\/etev7e.pef.czu.cz\/zs2223\/wp-json\/wp\/v2\/media\/6136"}],"wp:attachment":[{"href":"https:\/\/etev7e.pef.czu.cz\/zs2223\/wp-json\/wp\/v2\/media?parent=6135"}],"wp:term":[{"taxonomy":"product_brand","embeddable":true,"href":"https:\/\/etev7e.pef.czu.cz\/zs2223\/wp-json\/wp\/v2\/product_brand?post=6135"},{"taxonomy":"product_cat","embeddable":true,"href":"https:\/\/etev7e.pef.czu.cz\/zs2223\/wp-json\/wp\/v2\/product_cat?post=6135"},{"taxonomy":"product_tag","embeddable":true,"href":"https:\/\/etev7e.pef.czu.cz\/zs2223\/wp-json\/wp\/v2\/product_tag?post=6135"}],"curies":[{"name":"wp","href":"https:\/\/api.w.org\/{rel}","templated":true}]}}