{"id":6162,"date":"2024-11-19T11:15:53","date_gmt":"2024-11-19T10:15:53","guid":{"rendered":"https:\/\/etev7e.pef.czu.cz\/zs2223\/?post_type=product&#038;p=6162"},"modified":"2024-11-27T12:17:08","modified_gmt":"2024-11-27T11:17:08","slug":"garnier-rozjasnujici-serum-s-vitaminem-c","status":"publish","type":"product","link":"https:\/\/etev7e.pef.czu.cz\/zs2223\/produkt\/garnier-rozjasnujici-serum-s-vitaminem-c\/","title":{"rendered":"Garnier: rozjas\u0148uj\u00edc\u00ed s\u00e9rum s vitam\u00ednem C"},"content":{"rendered":"<p>Garnier Skin Naturals ple\u0165ov\u00e9 s\u00e9rum Vitamin C kombinuje 3,5% komplex vitam\u00ednu C, niacinamidu a kyseliny salicylov\u00e9 pro\u00a0v\u00fdrazn\u00e9\u00a0zlep\u0161en\u00ed\u00a0pleti.\u00a0Za\u00a0pouh\u00fdch\u00a06\u00a0dn\u00ed\u00a0sni\u017euje\u00a0viditelnost\u00a0pigmentov\u00fdch\u00a0skvrn\u00a0a\u00a0podporuje\u00a0tvorbu\u00a0kolagenu\u00a0pro\u00a0hlad\u0161\u00ed\u00a0ple\u0165.<br \/>\nCitronov\u00fd\u00a0extrakt\u00a0p\u0159isp\u00edv\u00e1\u00a0ke\u00a0sjednocen\u00ed\u00a0t\u00f3nu\u00a0a\u00a0antioxida\u010dn\u00ed\u00a0ochran\u011b.Po\u00a03\u00a0dnech\u00a0vypad\u00e1\u00a0ple\u0165\u00a0vyrovnan\u011bji\u00a0a\u00a0hlad\u0161\u00ed,\u00a0po\u00a06\u00a0dnech<br \/>\njsou\u00a0pigmentov\u00e9\u00a0skvrny\u00a0m\u00e9n\u011b\u00a0n\u00e1padn\u00e9.\u00a0Zna\u010dka\u00a0Garnier\u00a0Skin\u00a0Naturals\u00a0nab\u00edz\u00ed\u00a0va\u0161\u00ed\u00a0pleti\u00a0intenzivn\u00ed\u00a0p\u00e9\u010di.<\/p>\n","protected":false},"excerpt":{"rendered":"<p>Garnier rozjas\u0148uj\u00edc\u00ed s\u00e9rum s vitam\u00ednem C, kter\u00e9 redukuje pigmentov\u00e9 skvrny a\u00a0sjednocuje ple\u0165 ji\u017e za\u00a06\u00a0dn\u00ed.<\/p>\n","protected":false},"featured_media":6163,"comment_status":"open","ping_status":"closed","template":"","meta":[],"product_brand":[],"product_cat":[1173],"product_tag":[997,943,725,737,1811],"class_list":{"0":"post-6162","1":"product","2":"type-product","3":"status-publish","4":"has-post-thumbnail","6":"product_cat-kosmetika","7":"product_tag-drogerie","8":"product_tag-kosmetika","9":"product_tag-pece-o-plet","10":"product_tag-pletova-sera","11":"product_tag-rozjasneni-pleti","13":"first","14":"instock","15":"sale","16":"taxable","17":"shipping-taxable","18":"purchasable","19":"product-type-simple"},"jetpack_sharing_enabled":true,"_links":{"self":[{"href":"https:\/\/etev7e.pef.czu.cz\/zs2223\/wp-json\/wp\/v2\/product\/6162","targetHints":{"allow":["GET"]}}],"collection":[{"href":"https:\/\/etev7e.pef.czu.cz\/zs2223\/wp-json\/wp\/v2\/product"}],"about":[{"href":"https:\/\/etev7e.pef.czu.cz\/zs2223\/wp-json\/wp\/v2\/types\/product"}],"replies":[{"embeddable":true,"href":"https:\/\/etev7e.pef.czu.cz\/zs2223\/wp-json\/wp\/v2\/comments?post=6162"}],"wp:featuredmedia":[{"embeddable":true,"href":"https:\/\/etev7e.pef.czu.cz\/zs2223\/wp-json\/wp\/v2\/media\/6163"}],"wp:attachment":[{"href":"https:\/\/etev7e.pef.czu.cz\/zs2223\/wp-json\/wp\/v2\/media?parent=6162"}],"wp:term":[{"taxonomy":"product_brand","embeddable":true,"href":"https:\/\/etev7e.pef.czu.cz\/zs2223\/wp-json\/wp\/v2\/product_brand?post=6162"},{"taxonomy":"product_cat","embeddable":true,"href":"https:\/\/etev7e.pef.czu.cz\/zs2223\/wp-json\/wp\/v2\/product_cat?post=6162"},{"taxonomy":"product_tag","embeddable":true,"href":"https:\/\/etev7e.pef.czu.cz\/zs2223\/wp-json\/wp\/v2\/product_tag?post=6162"}],"curies":[{"name":"wp","href":"https:\/\/api.w.org\/{rel}","templated":true}]}}