{"id":6164,"date":"2024-11-19T11:26:19","date_gmt":"2024-11-19T10:26:19","guid":{"rendered":"https:\/\/etev7e.pef.czu.cz\/zs2223\/?post_type=product&#038;p=6164"},"modified":"2024-11-27T12:16:37","modified_gmt":"2024-11-27T11:16:37","slug":"garnier-vitamin-c-denni-rozjasnujici-uv-fluid-spf-50-invisible","status":"publish","type":"product","link":"https:\/\/etev7e.pef.czu.cz\/zs2223\/produkt\/garnier-vitamin-c-denni-rozjasnujici-uv-fluid-spf-50-invisible\/","title":{"rendered":"Garnier: Vitamin C denn\u00ed rozjas\u0148uj\u00edc\u00ed UV fluid SPF 50+ invisible"},"content":{"rendered":"<p>Garnier Skin Naturals je denn\u00ed rozjas\u0148uj\u00edc\u00ed UV fluid s vitam\u00ednem C a SPF50+ nab\u00edz\u00ed kombinaci \u00fa\u010dinn\u00e9ho vitam\u00ednu C s velmi vysokou slune\u010dn\u00ed ochranou a miner\u00e1ln\u00edmi pigmenty v lehk\u00e9 textu\u0159e. Poskytuje okam\u017eitou ochranu proti UVB, UVA a dlouhovlnn\u00e9mu UV z\u00e1\u0159en\u00ed, \u010d\u00edm\u017e pom\u00e1h\u00e1 p\u0159edch\u00e1zet vzniku tmav\u00fdch skvrn. Dop\u0159ejte sv\u00e9 pleti p\u00e9\u010di a ochranu s t\u00edmto rozjas\u0148uj\u00edc\u00edm UV fluidem od Garnier.<\/p>\n","protected":false},"excerpt":{"rendered":"<p>Lehk\u00fd denn\u00ed rozjas\u0148uj\u00edc\u00ed fluid se silou Vitaminu C v kombinaci s vysokou ochranou SPF50+.<\/p>\n","protected":false},"featured_media":6165,"comment_status":"open","ping_status":"closed","template":"","meta":[],"product_brand":[],"product_cat":[1173],"product_tag":[997,943,725,1122,1812],"class_list":{"0":"post-6164","1":"product","2":"type-product","3":"status-publish","4":"has-post-thumbnail","6":"product_cat-kosmetika","7":"product_tag-drogerie","8":"product_tag-kosmetika","9":"product_tag-pece-o-plet","10":"product_tag-pletove-kremy","11":"product_tag-spf-ochrana","13":"first","14":"instock","15":"sale","16":"taxable","17":"shipping-taxable","18":"purchasable","19":"product-type-simple"},"jetpack_sharing_enabled":true,"_links":{"self":[{"href":"https:\/\/etev7e.pef.czu.cz\/zs2223\/wp-json\/wp\/v2\/product\/6164","targetHints":{"allow":["GET"]}}],"collection":[{"href":"https:\/\/etev7e.pef.czu.cz\/zs2223\/wp-json\/wp\/v2\/product"}],"about":[{"href":"https:\/\/etev7e.pef.czu.cz\/zs2223\/wp-json\/wp\/v2\/types\/product"}],"replies":[{"embeddable":true,"href":"https:\/\/etev7e.pef.czu.cz\/zs2223\/wp-json\/wp\/v2\/comments?post=6164"}],"wp:featuredmedia":[{"embeddable":true,"href":"https:\/\/etev7e.pef.czu.cz\/zs2223\/wp-json\/wp\/v2\/media\/6165"}],"wp:attachment":[{"href":"https:\/\/etev7e.pef.czu.cz\/zs2223\/wp-json\/wp\/v2\/media?parent=6164"}],"wp:term":[{"taxonomy":"product_brand","embeddable":true,"href":"https:\/\/etev7e.pef.czu.cz\/zs2223\/wp-json\/wp\/v2\/product_brand?post=6164"},{"taxonomy":"product_cat","embeddable":true,"href":"https:\/\/etev7e.pef.czu.cz\/zs2223\/wp-json\/wp\/v2\/product_cat?post=6164"},{"taxonomy":"product_tag","embeddable":true,"href":"https:\/\/etev7e.pef.czu.cz\/zs2223\/wp-json\/wp\/v2\/product_tag?post=6164"}],"curies":[{"name":"wp","href":"https:\/\/api.w.org\/{rel}","templated":true}]}}