{"id":6166,"date":"2024-11-19T11:33:36","date_gmt":"2024-11-19T10:33:36","guid":{"rendered":"https:\/\/etev7e.pef.czu.cz\/zs2223\/?post_type=product&#038;p=6166"},"modified":"2024-11-27T12:16:11","modified_gmt":"2024-11-27T11:16:11","slug":"garnier-pure-active-3v1-cistici-gel-peeling-maska-s-aktivnim-uhlim","status":"publish","type":"product","link":"https:\/\/etev7e.pef.czu.cz\/zs2223\/produkt\/garnier-pure-active-3v1-cistici-gel-peeling-maska-s-aktivnim-uhlim\/","title":{"rendered":"Garnier: Pure Active 3v1 \u010dist\u00edc\u00ed gel, peeling, maska \u200b\u200bs aktivn\u00edm uhl\u00edm"},"content":{"rendered":"<p>Tento multifunk\u010dn\u00ed produkt slou\u017e\u00ed jako \u010dist\u00edc\u00ed gel, peeling i maska, a efektivn\u011b pom\u00e1h\u00e1 redukovat i ty nejodoln\u011bj\u0161\u00ed \u010dern\u00e9 te\u010dky, z\u00e1rove\u0148 zabra\u0148uje jejich op\u011btovn\u00e9mu vzniku. D\u00edky obsahu aktivn\u00edho uhl\u00ed intenzivn\u011b \u010dist\u00ed ple\u0165 a zmat\u0148uje ji. Exfolia\u010dn\u00ed \u010d\u00e1stice uvol\u0148uj\u00ed p\u00f3ry, co\u017e p\u0159isp\u00edv\u00e1 k viditeln\u00e9 redukci \u010dern\u00fdch te\u010dek. Slo\u017een\u00ed obohacen\u00e9 o kyselinu salicylovou s antibakteri\u00e1ln\u00edmi \u00fa\u010dinky nav\u00edc odstra\u0148uje i zbyl\u00e9 ne\u010distoty. Klinick\u00e1 studie na 44 \u017een\u00e1ch po \u010dty\u0159t\u00fddenn\u00edm ka\u017edodenn\u00edm pou\u017e\u00edv\u00e1n\u00ed prok\u00e1zala, \u017ee v\u00fdsledky p\u0159etrv\u00e1vaj\u00ed a\u017e dva t\u00fddny po ukon\u010den\u00ed aplikace.<\/p>\n","protected":false},"excerpt":{"rendered":"<p>Pure Active 3v1 \u010dist\u00edc\u00ed gel, peeling a maska \u200b\u200bs aktivn\u00edm uhl\u00edm. \u010cist\u00ed ple\u0165, p\u016fsob\u00ed proti \u010dern\u00fdm te\u010dk\u00e1m a redukuje p\u0159ebyte\u010dn\u00fd ko\u017en\u00ed maz.<\/p>\n<h2 class=\"product-detail__description\"><\/h2>\n","protected":false},"featured_media":6167,"comment_status":"open","ping_status":"closed","template":"","meta":[],"product_brand":[],"product_cat":[1173],"product_tag":[1813,997,943,725,345,726,727],"class_list":{"0":"post-6166","1":"product","2":"type-product","3":"status-publish","4":"has-post-thumbnail","6":"product_cat-kosmetika","7":"product_tag-cistici-gel","8":"product_tag-drogerie","9":"product_tag-kosmetika","10":"product_tag-pece-o-plet","11":"product_tag-plet-pece-o-plet-pletovy-peeling","12":"product_tag-pletove-masky","13":"product_tag-pletovy-peeling","15":"first","16":"instock","17":"sale","18":"taxable","19":"shipping-taxable","20":"purchasable","21":"product-type-simple"},"jetpack_sharing_enabled":true,"_links":{"self":[{"href":"https:\/\/etev7e.pef.czu.cz\/zs2223\/wp-json\/wp\/v2\/product\/6166","targetHints":{"allow":["GET"]}}],"collection":[{"href":"https:\/\/etev7e.pef.czu.cz\/zs2223\/wp-json\/wp\/v2\/product"}],"about":[{"href":"https:\/\/etev7e.pef.czu.cz\/zs2223\/wp-json\/wp\/v2\/types\/product"}],"replies":[{"embeddable":true,"href":"https:\/\/etev7e.pef.czu.cz\/zs2223\/wp-json\/wp\/v2\/comments?post=6166"}],"wp:featuredmedia":[{"embeddable":true,"href":"https:\/\/etev7e.pef.czu.cz\/zs2223\/wp-json\/wp\/v2\/media\/6167"}],"wp:attachment":[{"href":"https:\/\/etev7e.pef.czu.cz\/zs2223\/wp-json\/wp\/v2\/media?parent=6166"}],"wp:term":[{"taxonomy":"product_brand","embeddable":true,"href":"https:\/\/etev7e.pef.czu.cz\/zs2223\/wp-json\/wp\/v2\/product_brand?post=6166"},{"taxonomy":"product_cat","embeddable":true,"href":"https:\/\/etev7e.pef.czu.cz\/zs2223\/wp-json\/wp\/v2\/product_cat?post=6166"},{"taxonomy":"product_tag","embeddable":true,"href":"https:\/\/etev7e.pef.czu.cz\/zs2223\/wp-json\/wp\/v2\/product_tag?post=6166"}],"curies":[{"name":"wp","href":"https:\/\/api.w.org\/{rel}","templated":true}]}}