{"id":6168,"date":"2024-11-19T11:41:46","date_gmt":"2024-11-19T10:41:46","guid":{"rendered":"https:\/\/etev7e.pef.czu.cz\/zs2223\/?post_type=product&#038;p=6168"},"modified":"2024-11-27T12:15:26","modified_gmt":"2024-11-27T11:15:26","slug":"garnier-jednorazova-platynkova-maska-na-oblicej-s-probiotiky","status":"publish","type":"product","link":"https:\/\/etev7e.pef.czu.cz\/zs2223\/produkt\/garnier-jednorazova-platynkova-maska-na-oblicej-s-probiotiky\/","title":{"rendered":"Garnier: jednor\u00e1zov\u00e1 plat\u00fdnkov\u00e1 maska na obli\u010dej s probiotiky"},"content":{"rendered":"<p>Garnier\u00a0Skin\u00a0Naturals\u00a0textiln\u00ed\u00a0ple\u0165ov\u00e1\u00a0maska\u00a0obsahuje\u00a02\u00a0miliony\u00a0probiotick\u00fdch\u00a0frakc\u00ed,\u00a0kter\u00e9\u00a0posiluj\u00ed<br \/>\nko\u017en\u00ed\u00a0bari\u00e9ru\u00a0a\u00a0intenzivn\u011b\u00a0hydratuj\u00ed\u00a0ple\u0165.\u00a0Ple\u0165\u00a0je\u00a0okam\u017eit\u011b\u00a0zklidn\u011bn\u00e1\u00a0a\u00a0zdrav\u011b\u00a0z\u00e1\u0159\u00ed.\u00a0Tato\u00a0textiln\u00ed\u00a0maska\u00a0s\u00a0probiotiky<br \/>\nje\u00a0ide\u00e1ln\u00ed\u00a0pro\u00a0v\u0161echny\u00a0typy\u00a0pleti,\u00a0v\u010detn\u011b\u00a0citliv\u00e9.<\/p>\n","protected":false},"excerpt":{"rendered":"<p>Garnier Skin Naturals jednor\u00e1zov\u00e1 plat\u00fdnkov\u00e1 maska na obli\u010dej s probiotiky. Efekt masky je dlouhotrvaj\u00edc\u00ed, hydrata\u010dn\u00ed, t\u00f3nuj\u00edc\u00ed a zpev\u0148uj\u00edc\u00ed poko\u017eku.<\/p>\n","protected":false},"featured_media":6169,"comment_status":"open","ping_status":"closed","template":"","meta":[],"product_brand":[],"product_cat":[1173],"product_tag":[997,1814,943,725,726],"class_list":{"0":"post-6168","1":"product","2":"type-product","3":"status-publish","4":"has-post-thumbnail","6":"product_cat-kosmetika","7":"product_tag-drogerie","8":"product_tag-hydratace-pleti","9":"product_tag-kosmetika","10":"product_tag-pece-o-plet","11":"product_tag-pletove-masky","13":"first","14":"instock","15":"sale","16":"taxable","17":"shipping-taxable","18":"purchasable","19":"product-type-simple"},"jetpack_sharing_enabled":true,"_links":{"self":[{"href":"https:\/\/etev7e.pef.czu.cz\/zs2223\/wp-json\/wp\/v2\/product\/6168","targetHints":{"allow":["GET"]}}],"collection":[{"href":"https:\/\/etev7e.pef.czu.cz\/zs2223\/wp-json\/wp\/v2\/product"}],"about":[{"href":"https:\/\/etev7e.pef.czu.cz\/zs2223\/wp-json\/wp\/v2\/types\/product"}],"replies":[{"embeddable":true,"href":"https:\/\/etev7e.pef.czu.cz\/zs2223\/wp-json\/wp\/v2\/comments?post=6168"}],"wp:featuredmedia":[{"embeddable":true,"href":"https:\/\/etev7e.pef.czu.cz\/zs2223\/wp-json\/wp\/v2\/media\/6169"}],"wp:attachment":[{"href":"https:\/\/etev7e.pef.czu.cz\/zs2223\/wp-json\/wp\/v2\/media?parent=6168"}],"wp:term":[{"taxonomy":"product_brand","embeddable":true,"href":"https:\/\/etev7e.pef.czu.cz\/zs2223\/wp-json\/wp\/v2\/product_brand?post=6168"},{"taxonomy":"product_cat","embeddable":true,"href":"https:\/\/etev7e.pef.czu.cz\/zs2223\/wp-json\/wp\/v2\/product_cat?post=6168"},{"taxonomy":"product_tag","embeddable":true,"href":"https:\/\/etev7e.pef.czu.cz\/zs2223\/wp-json\/wp\/v2\/product_tag?post=6168"}],"curies":[{"name":"wp","href":"https:\/\/api.w.org\/{rel}","templated":true}]}}