{"id":6248,"date":"2024-11-28T09:08:35","date_gmt":"2024-11-28T08:08:35","guid":{"rendered":"https:\/\/etev7e.pef.czu.cz\/zs2223\/?post_type=product&#038;p=6248"},"modified":"2024-11-28T10:14:28","modified_gmt":"2024-11-28T09:14:28","slug":"sezonni-pernicky","status":"publish","type":"product","link":"https:\/\/etev7e.pef.czu.cz\/zs2223\/produkt\/sezonni-pernicky\/","title":{"rendered":"Sez\u00f3nn\u00ed pern\u00ed\u010dky"},"content":{"rendered":"<p id=\"yui_3_17_2_1_1732780571371_30\" dir=\"ltr\">Pern\u00ed\u010dky jsou nejen kr\u00e1snou dekorac\u00ed, ale i chutnou pochoutkou. Sez\u00f3nn\u00ed pern\u00ed\u010dky vyr\u00e1b\u00edme na Velikonoce, Halloween, sv. Mikul\u00e1\u0161e a V\u00e1noce. Jsou lahodn\u00fdm zpest\u0159en\u00edm pro v\u00fdznamn\u00e9 sv\u00e1tky b\u011bhem roku.<\/p>\n<p><strong>Varianty:<\/strong><\/p>\n<ul>\n<li>Na Velikonoce: velikono\u010dn\u00ed zaj\u00ed\u010dek, zdoben\u00e1 vaj\u00ed\u010dka, ku\u0159\u00e1tka<\/li>\n<li>Na Halloween: d\u00fdn\u011b, netop\u00fdr, duch, li\u0161ka<\/li>\n<li>Na Mikul\u00e1\u0161e: And\u011bl, \u010dert a Mikul\u00e1\u0161<\/li>\n<li>Na V\u00e1noce: strome\u010dek, zimn\u00ed chaloupka, d\u00e1re\u010dek, Je\u017e\u00ed\u0161ek a r\u016fzn\u00e9 tradi\u010dn\u00ed v\u00e1no\u010dn\u00ed motivy<\/li>\n<\/ul>\n<p dir=\"ltr\"><strong>Seznam alergen\u016f:\u00a0<\/strong>mouka p\u0161eni\u010dn\u00e1 ( alergen) , cukr, vejce( alergen), olej \u0159epkov\u00fd, med kv\u011btov\u00fd , pern\u00edkov\u00e9 ko\u0159en\u00ed, jedl\u00e1 soda.<\/p>\n<p dir=\"ltr\"><strong>Rozm\u011bry:\u00a0<\/strong>cca 15&#215;7 cm<\/p>\n<p dir=\"ltr\"><strong>Trvanlivost:\u00a0<\/strong>6 m\u011bs\u00edc\u016f od data v\u00fdroby<\/p>\n","protected":false},"excerpt":{"rendered":"<p>Pern\u00ed\u010dky jsou nejen kr\u00e1snou dekorac\u00ed, ale i chutnou pochoutkou. Sez\u00f3nn\u00ed pern\u00ed\u010dky vyr\u00e1b\u00edme na Velikonoce, Halloween, sv. Mikul\u00e1\u0161e a V\u00e1noce. Jsou lahodn\u00fdm zpest\u0159en\u00edm pro v\u00fdznamn\u00e9 sv\u00e1tky b\u011bhem roku. Varianty: Na Velikonoce: velikono\u010dn\u00ed zaj\u00ed\u010dek, zdoben\u00e1 vaj\u00ed\u010dka, ku\u0159\u00e1tka Na Halloween: d\u00fdn\u011b, netop\u00fdr, duch, li\u0161ka Na Mikul\u00e1\u0161e: And\u011bl, \u010dert a Mikul\u00e1\u0161 Na V\u00e1noce: strome\u010dek, zimn\u00ed chaloupka, d\u00e1re\u010dek, Je\u017e\u00ed\u0161ek a [&hellip;]<\/p>\n","protected":false},"featured_media":6249,"comment_status":"open","ping_status":"closed","template":"","meta":[],"product_brand":[],"product_cat":[1815],"product_tag":[372,1822,1823,925,1824,987],"class_list":{"0":"post-6248","1":"product","2":"type-product","3":"status-publish","4":"has-post-thumbnail","6":"product_cat-zdobene-pernicky","7":"product_tag-darek","8":"product_tag-mikulas","9":"product_tag-uhli","10":"product_tag-vanoce","11":"product_tag-velikonoce","12":"product_tag-zdobeni","14":"first","15":"instock","16":"taxable","17":"shipping-taxable","18":"purchasable","19":"product-type-simple"},"jetpack_sharing_enabled":true,"_links":{"self":[{"href":"https:\/\/etev7e.pef.czu.cz\/zs2223\/wp-json\/wp\/v2\/product\/6248","targetHints":{"allow":["GET"]}}],"collection":[{"href":"https:\/\/etev7e.pef.czu.cz\/zs2223\/wp-json\/wp\/v2\/product"}],"about":[{"href":"https:\/\/etev7e.pef.czu.cz\/zs2223\/wp-json\/wp\/v2\/types\/product"}],"replies":[{"embeddable":true,"href":"https:\/\/etev7e.pef.czu.cz\/zs2223\/wp-json\/wp\/v2\/comments?post=6248"}],"wp:featuredmedia":[{"embeddable":true,"href":"https:\/\/etev7e.pef.czu.cz\/zs2223\/wp-json\/wp\/v2\/media\/6249"}],"wp:attachment":[{"href":"https:\/\/etev7e.pef.czu.cz\/zs2223\/wp-json\/wp\/v2\/media?parent=6248"}],"wp:term":[{"taxonomy":"product_brand","embeddable":true,"href":"https:\/\/etev7e.pef.czu.cz\/zs2223\/wp-json\/wp\/v2\/product_brand?post=6248"},{"taxonomy":"product_cat","embeddable":true,"href":"https:\/\/etev7e.pef.czu.cz\/zs2223\/wp-json\/wp\/v2\/product_cat?post=6248"},{"taxonomy":"product_tag","embeddable":true,"href":"https:\/\/etev7e.pef.czu.cz\/zs2223\/wp-json\/wp\/v2\/product_tag?post=6248"}],"curies":[{"name":"wp","href":"https:\/\/api.w.org\/{rel}","templated":true}]}}