{"id":6252,"date":"2024-11-28T09:24:17","date_gmt":"2024-11-28T08:24:17","guid":{"rendered":"https:\/\/etev7e.pef.czu.cz\/zs2223\/?post_type=product&#038;p=6252"},"modified":"2024-11-28T10:15:09","modified_gmt":"2024-11-28T09:15:09","slug":"narozeninove-pernicky","status":"publish","type":"product","link":"https:\/\/etev7e.pef.czu.cz\/zs2223\/produkt\/narozeninove-pernicky\/","title":{"rendered":"Narozeninov\u00e9 pern\u00ed\u010dky"},"content":{"rendered":"<p dir=\"ltr\">Popis:\u00a0Narozeninov\u00e9 pern\u00ed\u010dky mohou zdobit nejen narozeninov\u00e9 dorty ale mohou slou\u017eit i jako d\u00e1rek pro obdarovan\u00e9ho. Nab\u00edz\u00edme je v podob\u011b\u00a0 \u010d\u00edsel v r\u016fzn\u00fdch barv\u00e1ch a velikostech, a jako dopln\u011bk pern\u00ed\u010dek s jm\u00e9nem a to v\u0161e ve stylu, kter\u00fd si vyberete.<\/p>\n<p><strong>Varianty:<\/strong><\/p>\n<ul>\n<li>\u010d\u00edsla<\/li>\n<li>jmenovky<\/li>\n<li>dle p\u0159\u00e1n\u00ed<\/li>\n<\/ul>\n<p>Seznam alergen\u016f: mouka p\u0161eni\u010dn\u00e1 ( alergen) , cukr, vejce( alergen), olej \u0159epkov\u00fd, med kv\u011btov\u00fd, pern\u00edkov\u00e9 ko\u0159en\u00ed, jedl\u00e1 soda.<\/p>\n<p dir=\"ltr\"><strong>Trvanlivost:\u00a0<\/strong>6 m\u011bs\u00edc\u016f od data v\u00fdroby<\/p>\n<p dir=\"ltr\">Rozm\u011bry:\u00a0r\u016fzn\u00e9 (od 3 do 20cm)<\/p>\n<p dir=\"ltr\">Cena:\u00a0od 25 &#8211; 70 K\u010d<\/p>\n","protected":false},"excerpt":{"rendered":"<p>Popis:\u00a0Narozeninov\u00e9 pern\u00ed\u010dky mohou zdobit nejen narozeninov\u00e9 dorty ale mohou slou\u017eit i jako d\u00e1rek pro obdarovan\u00e9ho. Nab\u00edz\u00edme je v podob\u011b\u00a0 \u010d\u00edsel v r\u016fzn\u00fdch barv\u00e1ch a velikostech, a jako dopln\u011bk pern\u00ed\u010dek s jm\u00e9nem a to v\u0161e ve stylu, kter\u00fd si vyberete. Varianty: \u010d\u00edsla jmenovky dle p\u0159\u00e1n\u00ed Seznam alergen\u016f: mouka p\u0161eni\u010dn\u00e1 ( alergen) , cukr, vejce( alergen), olej [&hellip;]<\/p>\n","protected":false},"featured_media":6255,"comment_status":"open","ping_status":"closed","template":"","meta":[],"product_brand":[],"product_cat":[1815],"product_tag":[370,905,1819,1825],"class_list":{"0":"post-6252","1":"product","2":"type-product","3":"status-publish","4":"has-post-thumbnail","6":"product_cat-zdobene-pernicky","7":"product_tag-dekorace","8":"product_tag-deti","9":"product_tag-dort","10":"product_tag-narozeniny","12":"first","13":"instock","14":"taxable","15":"shipping-taxable","16":"purchasable","17":"product-type-simple"},"jetpack_sharing_enabled":true,"_links":{"self":[{"href":"https:\/\/etev7e.pef.czu.cz\/zs2223\/wp-json\/wp\/v2\/product\/6252","targetHints":{"allow":["GET"]}}],"collection":[{"href":"https:\/\/etev7e.pef.czu.cz\/zs2223\/wp-json\/wp\/v2\/product"}],"about":[{"href":"https:\/\/etev7e.pef.czu.cz\/zs2223\/wp-json\/wp\/v2\/types\/product"}],"replies":[{"embeddable":true,"href":"https:\/\/etev7e.pef.czu.cz\/zs2223\/wp-json\/wp\/v2\/comments?post=6252"}],"wp:featuredmedia":[{"embeddable":true,"href":"https:\/\/etev7e.pef.czu.cz\/zs2223\/wp-json\/wp\/v2\/media\/6255"}],"wp:attachment":[{"href":"https:\/\/etev7e.pef.czu.cz\/zs2223\/wp-json\/wp\/v2\/media?parent=6252"}],"wp:term":[{"taxonomy":"product_brand","embeddable":true,"href":"https:\/\/etev7e.pef.czu.cz\/zs2223\/wp-json\/wp\/v2\/product_brand?post=6252"},{"taxonomy":"product_cat","embeddable":true,"href":"https:\/\/etev7e.pef.czu.cz\/zs2223\/wp-json\/wp\/v2\/product_cat?post=6252"},{"taxonomy":"product_tag","embeddable":true,"href":"https:\/\/etev7e.pef.czu.cz\/zs2223\/wp-json\/wp\/v2\/product_tag?post=6252"}],"curies":[{"name":"wp","href":"https:\/\/api.w.org\/{rel}","templated":true}]}}