{"id":6258,"date":"2024-11-28T09:29:21","date_gmt":"2024-11-28T08:29:21","guid":{"rendered":"https:\/\/etev7e.pef.czu.cz\/zs2223\/?post_type=product&#038;p=6258"},"modified":"2024-11-28T10:05:08","modified_gmt":"2024-11-28T09:05:08","slug":"svatebni-pernicky","status":"publish","type":"product","link":"https:\/\/etev7e.pef.czu.cz\/zs2223\/produkt\/svatebni-pernicky\/","title":{"rendered":"Svatebn\u00ed pern\u00ed\u010dky"},"content":{"rendered":"<p dir=\"ltr\">Popis:\u00a0Vyrob\u00edme svatebn\u00ed pern\u00ed\u010dky v podob\u011b svatebn\u00ed jmenovky pro svateb\u010dany nebo pern\u00ed\u010dky s datumem Va\u0161\u00ed svatby nebo jako z\u00e1kusek na svatebn\u00ed raut. Pern\u00ed\u010dky lze up\u00e9ct na p\u0159\u00e1n\u00ed.<\/p>\n<p><strong>Varianty:<\/strong><\/p>\n<ul>\n<li>svatebn\u00ed jmenovky<\/li>\n<li>holubi\u010dky s datem<\/li>\n<li>pern\u00ed\u010dky na svatebn\u00ed raut<\/li>\n<\/ul>\n<p dir=\"ltr\">Seznam alergen\u016f:\u00a0mouka p\u0161eni\u010dn\u00e1 ( alergen) , cukr, vejce( alergen), olej \u0159epkov\u00fd, med kv\u011btov\u00fd , pern\u00edkov\u00e9 ko\u0159en\u00ed, jedl\u00e1 soda.<\/p>\n<p dir=\"ltr\"><strong>Trvanlivost:\u00a0<\/strong>6 m\u011bs\u00edc\u016f od data v\u00fdroby<\/p>\n<p dir=\"ltr\">Rozm\u011bry:\u00a0r\u016fzn\u00e9, nej\u010dast\u011bji 8x8cm<\/p>\n","protected":false},"excerpt":{"rendered":"<p>Popis:\u00a0Vyrob\u00edme svatebn\u00ed pern\u00ed\u010dky v podob\u011b svatebn\u00ed jmenovky pro svateb\u010dany nebo pern\u00ed\u010dky s datumem Va\u0161\u00ed svatby nebo jako z\u00e1kusek na svatebn\u00ed raut. Pern\u00ed\u010dky lze up\u00e9ct na p\u0159\u00e1n\u00ed. Varianty: svatebn\u00ed jmenovky holubi\u010dky s datem pern\u00ed\u010dky na svatebn\u00ed raut Seznam alergen\u016f:\u00a0mouka p\u0161eni\u010dn\u00e1 ( alergen) , cukr, vejce( alergen), olej \u0159epkov\u00fd, med kv\u011btov\u00fd , pern\u00edkov\u00e9 ko\u0159en\u00ed, jedl\u00e1 soda. Trvanlivost:\u00a06 [&hellip;]<\/p>\n","protected":false},"featured_media":6259,"comment_status":"open","ping_status":"closed","template":"","meta":[],"product_brand":[],"product_cat":[1815],"product_tag":[1817,787,1816],"class_list":{"0":"post-6258","1":"product","2":"type-product","3":"status-publish","4":"has-post-thumbnail","6":"product_cat-zdobene-pernicky","7":"product_tag-jmenovky","8":"product_tag-laska","9":"product_tag-svatba","11":"first","12":"instock","13":"taxable","14":"shipping-taxable","15":"purchasable","16":"product-type-simple"},"jetpack_sharing_enabled":true,"_links":{"self":[{"href":"https:\/\/etev7e.pef.czu.cz\/zs2223\/wp-json\/wp\/v2\/product\/6258","targetHints":{"allow":["GET"]}}],"collection":[{"href":"https:\/\/etev7e.pef.czu.cz\/zs2223\/wp-json\/wp\/v2\/product"}],"about":[{"href":"https:\/\/etev7e.pef.czu.cz\/zs2223\/wp-json\/wp\/v2\/types\/product"}],"replies":[{"embeddable":true,"href":"https:\/\/etev7e.pef.czu.cz\/zs2223\/wp-json\/wp\/v2\/comments?post=6258"}],"wp:featuredmedia":[{"embeddable":true,"href":"https:\/\/etev7e.pef.czu.cz\/zs2223\/wp-json\/wp\/v2\/media\/6259"}],"wp:attachment":[{"href":"https:\/\/etev7e.pef.czu.cz\/zs2223\/wp-json\/wp\/v2\/media?parent=6258"}],"wp:term":[{"taxonomy":"product_brand","embeddable":true,"href":"https:\/\/etev7e.pef.czu.cz\/zs2223\/wp-json\/wp\/v2\/product_brand?post=6258"},{"taxonomy":"product_cat","embeddable":true,"href":"https:\/\/etev7e.pef.czu.cz\/zs2223\/wp-json\/wp\/v2\/product_cat?post=6258"},{"taxonomy":"product_tag","embeddable":true,"href":"https:\/\/etev7e.pef.czu.cz\/zs2223\/wp-json\/wp\/v2\/product_tag?post=6258"}],"curies":[{"name":"wp","href":"https:\/\/api.w.org\/{rel}","templated":true}]}}