{"id":6264,"date":"2024-11-28T09:34:47","date_gmt":"2024-11-28T08:34:47","guid":{"rendered":"https:\/\/etev7e.pef.czu.cz\/zs2223\/?post_type=product&#038;p=6264"},"modified":"2024-11-28T10:16:45","modified_gmt":"2024-11-28T09:16:45","slug":"obrazkove-pohadkove-pernicky","status":"publish","type":"product","link":"https:\/\/etev7e.pef.czu.cz\/zs2223\/produkt\/obrazkove-pohadkove-pernicky\/","title":{"rendered":"Obr\u00e1zkov\u00e9 (poh\u00e1dkov\u00e9) pern\u00ed\u010dky"},"content":{"rendered":"<p dir=\"ltr\">Poh\u00e1dkov\u00e9 pern\u00ed\u010dky vypadaj\u00ed jako \u017eiv\u00e9, jen o\u017e\u00edt. A takov\u00e9 pern\u00ed\u010dky m\u016f\u017eou b\u00fdt skv\u011bl\u00fdm d\u00e1rkem pro mal\u00e9 i velk\u00e9.<\/p>\n<p><strong>Varianty:<\/strong><\/p>\n<ul>\n<li>poh\u00e1dkov\u00e9 postavi\u010dky<\/li>\n<\/ul>\n<p dir=\"ltr\">Seznam alergen\u016f:\u00a0mouka p\u0161eni\u010dn\u00e1 ( alergen) , cukr, vejce( alergen), olej \u0159epkov\u00fd, med kv\u011btov\u00fd , pern\u00edkov\u00e9 ko\u0159en\u00ed, jedl\u00e1 soda.<\/p>\n<p dir=\"ltr\"><strong>Trvanlivost:\u00a0<\/strong>6 m\u011bs\u00edc\u016f od data v\u00fdroby<\/p>\n<p dir=\"ltr\">Rozm\u011bry:\u00a0R\u016fzn\u00e9, nej\u010dast\u011bji 9x7cm<\/p>\n","protected":false},"excerpt":{"rendered":"<p>Poh\u00e1dkov\u00e9 pern\u00ed\u010dky vypadaj\u00ed jako \u017eiv\u00e9, jen o\u017e\u00edt. A takov\u00e9 pern\u00ed\u010dky m\u016f\u017eou b\u00fdt skv\u011bl\u00fdm d\u00e1rkem pro mal\u00e9 i velk\u00e9. Varianty: poh\u00e1dkov\u00e9 postavi\u010dky Seznam alergen\u016f:\u00a0mouka p\u0161eni\u010dn\u00e1 ( alergen) , cukr, vejce( alergen), olej \u0159epkov\u00fd, med kv\u011btov\u00fd , pern\u00edkov\u00e9 ko\u0159en\u00ed, jedl\u00e1 soda. Trvanlivost:\u00a06 m\u011bs\u00edc\u016f od data v\u00fdroby Rozm\u011bry:\u00a0R\u016fzn\u00e9, nej\u010dast\u011bji 9x7cm<\/p>\n","protected":false},"featured_media":6265,"comment_status":"open","ping_status":"closed","template":"","meta":[],"product_brand":[],"product_cat":[1815],"product_tag":[1826,372,1818],"class_list":{"0":"post-6264","1":"product","2":"type-product","3":"status-publish","4":"has-post-thumbnail","6":"product_cat-zdobene-pernicky","7":"product_tag-cukrovinka","8":"product_tag-darek","9":"product_tag-pohadka","11":"first","12":"instock","13":"taxable","14":"shipping-taxable","15":"purchasable","16":"product-type-simple"},"jetpack_sharing_enabled":true,"_links":{"self":[{"href":"https:\/\/etev7e.pef.czu.cz\/zs2223\/wp-json\/wp\/v2\/product\/6264","targetHints":{"allow":["GET"]}}],"collection":[{"href":"https:\/\/etev7e.pef.czu.cz\/zs2223\/wp-json\/wp\/v2\/product"}],"about":[{"href":"https:\/\/etev7e.pef.czu.cz\/zs2223\/wp-json\/wp\/v2\/types\/product"}],"replies":[{"embeddable":true,"href":"https:\/\/etev7e.pef.czu.cz\/zs2223\/wp-json\/wp\/v2\/comments?post=6264"}],"wp:featuredmedia":[{"embeddable":true,"href":"https:\/\/etev7e.pef.czu.cz\/zs2223\/wp-json\/wp\/v2\/media\/6265"}],"wp:attachment":[{"href":"https:\/\/etev7e.pef.czu.cz\/zs2223\/wp-json\/wp\/v2\/media?parent=6264"}],"wp:term":[{"taxonomy":"product_brand","embeddable":true,"href":"https:\/\/etev7e.pef.czu.cz\/zs2223\/wp-json\/wp\/v2\/product_brand?post=6264"},{"taxonomy":"product_cat","embeddable":true,"href":"https:\/\/etev7e.pef.czu.cz\/zs2223\/wp-json\/wp\/v2\/product_cat?post=6264"},{"taxonomy":"product_tag","embeddable":true,"href":"https:\/\/etev7e.pef.czu.cz\/zs2223\/wp-json\/wp\/v2\/product_tag?post=6264"}],"curies":[{"name":"wp","href":"https:\/\/api.w.org\/{rel}","templated":true}]}}