{"id":6830,"date":"2025-11-04T16:40:30","date_gmt":"2025-11-04T15:40:30","guid":{"rendered":"https:\/\/etev7e.pef.czu.cz\/zs2223\/?post_type=product&#038;p=6830"},"modified":"2025-11-10T19:23:04","modified_gmt":"2025-11-10T18:23:04","slug":"obojek-pro-psy","status":"publish","type":"product","link":"https:\/\/etev7e.pef.czu.cz\/zs2223\/produkt\/obojek-pro-psy\/","title":{"rendered":"Obojek designov\u00fd ko\u017een\u00fd hn\u011bd\u00fd"},"content":{"rendered":"<p>Odoln\u00e9 ko\u017een\u00e9 vod\u00edtko, kter\u00e9 poskytuje pohodln\u00fd \u00fachop a spolehlivou kontrolu p\u0159i ka\u017ed\u00e9 proch\u00e1zce. Elegantn\u00ed dopln\u011bk pro va\u0161eho \u010dty\u0159noh\u00e9ho spole\u010dn\u00edka.<\/p>\n","protected":false},"excerpt":{"rendered":"<p>Odoln\u00e9 ko\u017een\u00e9 vod\u00edtko z prav\u00e9 hn\u011bd\u00e9 k\u016f\u017ee s pohodlnou rukojet\u00ed a kovovou oto\u010dnou karabinou. Ide\u00e1ln\u00ed pro bezpe\u010dn\u00e9 proch\u00e1zky s va\u0161\u00edm psem.<\/p>\n","protected":false},"featured_media":6842,"comment_status":"open","ping_status":"closed","template":"","meta":[],"product_brand":[],"product_cat":[1862],"product_tag":[1883,1882,385,712],"class_list":{"0":"post-6830","1":"product","2":"type-product","3":"status-publish","4":"has-post-thumbnail","6":"product_cat-prislusenstvi-pro-psy","7":"product_tag-bezpecnost","8":"product_tag-kozene-doplnky","9":"product_tag-pes","10":"product_tag-voditko","12":"first","13":"instock","14":"sale","15":"taxable","16":"shipping-taxable","17":"purchasable","18":"product-type-simple"},"jetpack_sharing_enabled":true,"_links":{"self":[{"href":"https:\/\/etev7e.pef.czu.cz\/zs2223\/wp-json\/wp\/v2\/product\/6830","targetHints":{"allow":["GET"]}}],"collection":[{"href":"https:\/\/etev7e.pef.czu.cz\/zs2223\/wp-json\/wp\/v2\/product"}],"about":[{"href":"https:\/\/etev7e.pef.czu.cz\/zs2223\/wp-json\/wp\/v2\/types\/product"}],"replies":[{"embeddable":true,"href":"https:\/\/etev7e.pef.czu.cz\/zs2223\/wp-json\/wp\/v2\/comments?post=6830"}],"wp:featuredmedia":[{"embeddable":true,"href":"https:\/\/etev7e.pef.czu.cz\/zs2223\/wp-json\/wp\/v2\/media\/6842"}],"wp:attachment":[{"href":"https:\/\/etev7e.pef.czu.cz\/zs2223\/wp-json\/wp\/v2\/media?parent=6830"}],"wp:term":[{"taxonomy":"product_brand","embeddable":true,"href":"https:\/\/etev7e.pef.czu.cz\/zs2223\/wp-json\/wp\/v2\/product_brand?post=6830"},{"taxonomy":"product_cat","embeddable":true,"href":"https:\/\/etev7e.pef.czu.cz\/zs2223\/wp-json\/wp\/v2\/product_cat?post=6830"},{"taxonomy":"product_tag","embeddable":true,"href":"https:\/\/etev7e.pef.czu.cz\/zs2223\/wp-json\/wp\/v2\/product_tag?post=6830"}],"curies":[{"name":"wp","href":"https:\/\/api.w.org\/{rel}","templated":true}]}}