{"id":6836,"date":"2025-11-04T16:40:36","date_gmt":"2025-11-04T15:40:36","guid":{"rendered":"https:\/\/etev7e.pef.czu.cz\/zs2223\/?post_type=product&#038;p=6836"},"modified":"2025-11-06T11:04:26","modified_gmt":"2025-11-06T10:04:26","slug":"sojova-svicka-vanilla-calm","status":"publish","type":"product","link":"https:\/\/etev7e.pef.czu.cz\/zs2223\/produkt\/sojova-svicka-vanilla-calm\/","title":{"rendered":"S\u00f3jov\u00e1 sv\u00ed\u010dka \u201eVanilla Calm\u201c"},"content":{"rendered":"","protected":false},"excerpt":{"rendered":"<p><span id=\"yui_3_18_1_1_1762270536385_647\">Dop\u0159ejte si chv\u00edli klidu s ru\u010dn\u011b litou s\u00f3jovou sv\u00ed\u010dkou Vanilla Calm. Tato elegantn\u00ed sv\u00ed\u010dka ve sklen\u011bn\u00e9 d\u00f3ze s d\u0159ev\u011bn\u00fdm knotem p\u0159in\u00e1\u0161\u00ed jemnou v\u016fni vanilky, kter\u00e1 vytv\u00e1\u0159\u00ed teplou a \u00fatulnou atmosf\u00e9ru. D\u00edky \u010dist\u00e9mu s\u00f3jov\u00e9mu vosku ho\u0159\u00ed rovnom\u011brn\u011b, nevylu\u010duje toxiny a vydr\u017e\u00ed sv\u00edtit a\u017e 30 hodin.<\/span><\/p>\n","protected":false},"featured_media":6837,"comment_status":"open","ping_status":"closed","template":"","meta":[],"product_brand":[1984],"product_cat":[1865],"product_tag":[2006,2009,2008,2005,2007],"class_list":{"0":"post-6836","1":"product","2":"type-product","3":"status-publish","4":"has-post-thumbnail","6":"product_brand-aroma-relax","7":"product_cat-aroma-a-relax-zona","8":"product_tag-dreveny-knot","9":"product_tag-relaxacni-vune","10":"product_tag-rucni-liti","11":"product_tag-sojova-svicka","12":"product_tag-svicka-vanilka","14":"first","15":"instock","16":"sale","17":"taxable","18":"shipping-taxable","19":"purchasable","20":"product-type-simple"},"jetpack_sharing_enabled":true,"_links":{"self":[{"href":"https:\/\/etev7e.pef.czu.cz\/zs2223\/wp-json\/wp\/v2\/product\/6836","targetHints":{"allow":["GET"]}}],"collection":[{"href":"https:\/\/etev7e.pef.czu.cz\/zs2223\/wp-json\/wp\/v2\/product"}],"about":[{"href":"https:\/\/etev7e.pef.czu.cz\/zs2223\/wp-json\/wp\/v2\/types\/product"}],"replies":[{"embeddable":true,"href":"https:\/\/etev7e.pef.czu.cz\/zs2223\/wp-json\/wp\/v2\/comments?post=6836"}],"wp:featuredmedia":[{"embeddable":true,"href":"https:\/\/etev7e.pef.czu.cz\/zs2223\/wp-json\/wp\/v2\/media\/6837"}],"wp:attachment":[{"href":"https:\/\/etev7e.pef.czu.cz\/zs2223\/wp-json\/wp\/v2\/media?parent=6836"}],"wp:term":[{"taxonomy":"product_brand","embeddable":true,"href":"https:\/\/etev7e.pef.czu.cz\/zs2223\/wp-json\/wp\/v2\/product_brand?post=6836"},{"taxonomy":"product_cat","embeddable":true,"href":"https:\/\/etev7e.pef.czu.cz\/zs2223\/wp-json\/wp\/v2\/product_cat?post=6836"},{"taxonomy":"product_tag","embeddable":true,"href":"https:\/\/etev7e.pef.czu.cz\/zs2223\/wp-json\/wp\/v2\/product_tag?post=6836"}],"curies":[{"name":"wp","href":"https:\/\/api.w.org\/{rel}","templated":true}]}}