{"id":6856,"date":"2025-11-04T17:08:53","date_gmt":"2025-11-04T16:08:53","guid":{"rendered":"https:\/\/etev7e.pef.czu.cz\/zs2223\/?post_type=product&#038;p=6856"},"modified":"2025-11-06T11:10:06","modified_gmt":"2025-11-06T10:10:06","slug":"aroma-difuzer-lavender-dream","status":"publish","type":"product","link":"https:\/\/etev7e.pef.czu.cz\/zs2223\/produkt\/aroma-difuzer-lavender-dream\/","title":{"rendered":"Aroma difuz\u00e9r \u201eLavender Dream\u201c"},"content":{"rendered":"","protected":false},"excerpt":{"rendered":"<p>Elegantn\u00ed aroma difuz\u00e9r Lavender Dream prom\u011bn\u00ed v\u00e1\u0161 domov v o\u00e1zu klidu. Sklen\u011bn\u00e1 lahvi\u010dka s p\u0159\u00edrodn\u00edmi ratanov\u00fdmi ty\u010dinkami postupn\u011b uvol\u0148uje v\u016fni levandule, kter\u00e1 napom\u00e1h\u00e1 relaxaci a lep\u0161\u00edmu sp\u00e1nku. Jednoduch\u00fd design v minimalistick\u00e9m stylu se hod\u00ed do ka\u017ed\u00e9ho interi\u00e9ru.<\/p>\n","protected":false},"featured_media":6857,"comment_status":"open","ping_status":"closed","template":"","meta":[],"product_brand":[1984],"product_cat":[1865],"product_tag":[2012,2013,2011,2010,2009],"class_list":{"0":"post-6856","1":"product","2":"type-product","3":"status-publish","4":"has-post-thumbnail","6":"product_brand-aroma-relax","7":"product_cat-aroma-a-relax-zona","8":"product_tag-antistresovy-difuzer","9":"product_tag-difuzer-s-prirodni-esenci","10":"product_tag-interierovy-difuzer","11":"product_tag-levandulovy-aroma-difuzer","12":"product_tag-relaxacni-vune","14":"first","15":"instock","16":"sale","17":"taxable","18":"shipping-taxable","19":"purchasable","20":"product-type-simple"},"jetpack_sharing_enabled":true,"_links":{"self":[{"href":"https:\/\/etev7e.pef.czu.cz\/zs2223\/wp-json\/wp\/v2\/product\/6856","targetHints":{"allow":["GET"]}}],"collection":[{"href":"https:\/\/etev7e.pef.czu.cz\/zs2223\/wp-json\/wp\/v2\/product"}],"about":[{"href":"https:\/\/etev7e.pef.czu.cz\/zs2223\/wp-json\/wp\/v2\/types\/product"}],"replies":[{"embeddable":true,"href":"https:\/\/etev7e.pef.czu.cz\/zs2223\/wp-json\/wp\/v2\/comments?post=6856"}],"wp:featuredmedia":[{"embeddable":true,"href":"https:\/\/etev7e.pef.czu.cz\/zs2223\/wp-json\/wp\/v2\/media\/6857"}],"wp:attachment":[{"href":"https:\/\/etev7e.pef.czu.cz\/zs2223\/wp-json\/wp\/v2\/media?parent=6856"}],"wp:term":[{"taxonomy":"product_brand","embeddable":true,"href":"https:\/\/etev7e.pef.czu.cz\/zs2223\/wp-json\/wp\/v2\/product_brand?post=6856"},{"taxonomy":"product_cat","embeddable":true,"href":"https:\/\/etev7e.pef.czu.cz\/zs2223\/wp-json\/wp\/v2\/product_cat?post=6856"},{"taxonomy":"product_tag","embeddable":true,"href":"https:\/\/etev7e.pef.czu.cz\/zs2223\/wp-json\/wp\/v2\/product_tag?post=6856"}],"curies":[{"name":"wp","href":"https:\/\/api.w.org\/{rel}","templated":true}]}}