{"id":6859,"date":"2025-11-04T17:11:19","date_gmt":"2025-11-04T16:11:19","guid":{"rendered":"https:\/\/etev7e.pef.czu.cz\/zs2223\/?post_type=product&#038;p=6859"},"modified":"2025-11-08T18:18:25","modified_gmt":"2025-11-08T17:18:25","slug":"6859","status":"publish","type":"product","link":"https:\/\/etev7e.pef.czu.cz\/zs2223\/produkt\/6859\/","title":{"rendered":"Vonn\u00fd sprej &#8211; Pot v zapln\u011bn\u00e9 107"},"content":{"rendered":"<p><span style=\"font-weight: 400\">Zav\u0159i o\u010di, nadechni se a p\u0159enes se do legend\u00e1rn\u00ed 107, p\u0159\u00edjemn\u00e1 vlhkost vonn\u00e9ho spreje ti r\u00e1zem p\u0159ipomene autobus narvan\u00fd po st\u0159echu, mlhu na oknech, teplo pades\u00e1ti t\u011bl a ciz\u00ed batohy v obli\u010deji.\u00a0<\/span><\/p>\n<p><span style=\"font-weight: 400\">Von\u00ed p\u0159esn\u011b tak dlouho, jak trv\u00e1 cesta z Dejvick\u00e9 na univerzitu, kdy\u017e mus\u00ed\u0161 p\u0159edt\u00edm nechat odjet p\u011bt autobus\u016f.<\/span><\/p>\n<p><span style=\"font-weight: 400\">Ide\u00e1ln\u00ed p\u0159i nostalgii pro absolventy, studenty p\u0159i zimn\u00edch pr\u00e1zdnin\u00e1ch nebo p\u0159i \u010dek\u00e1n\u00ed na dal\u0161\u00ed spoje, kter\u00e9 u\u017e stejn\u011b nepojedou.<\/span><\/p>\n<p><br style=\"font-weight: 400\" \/><br style=\"font-weight: 400\" \/><\/p>\n","protected":false},"excerpt":{"rendered":"<p>V\u016fn\u011b, kter\u00e1 ti p\u0159ipomene tvou alma mater.<\/p>\n","protected":false},"featured_media":6860,"comment_status":"open","ping_status":"closed","template":"","meta":[],"product_brand":[],"product_cat":[1863,753],"product_tag":[1507,997,943,317],"class_list":{"0":"post-6859","1":"product","2":"type-product","3":"status-publish","4":"has-post-thumbnail","6":"product_cat-aromaterapie","7":"product_cat-drogerie","8":"product_tag-aroma","9":"product_tag-drogerie","10":"product_tag-kosmetika","11":"product_tag-vune","13":"first","14":"instock","15":"sale","16":"taxable","17":"shipping-taxable","18":"purchasable","19":"product-type-simple"},"jetpack_sharing_enabled":true,"_links":{"self":[{"href":"https:\/\/etev7e.pef.czu.cz\/zs2223\/wp-json\/wp\/v2\/product\/6859","targetHints":{"allow":["GET"]}}],"collection":[{"href":"https:\/\/etev7e.pef.czu.cz\/zs2223\/wp-json\/wp\/v2\/product"}],"about":[{"href":"https:\/\/etev7e.pef.czu.cz\/zs2223\/wp-json\/wp\/v2\/types\/product"}],"replies":[{"embeddable":true,"href":"https:\/\/etev7e.pef.czu.cz\/zs2223\/wp-json\/wp\/v2\/comments?post=6859"}],"wp:featuredmedia":[{"embeddable":true,"href":"https:\/\/etev7e.pef.czu.cz\/zs2223\/wp-json\/wp\/v2\/media\/6860"}],"wp:attachment":[{"href":"https:\/\/etev7e.pef.czu.cz\/zs2223\/wp-json\/wp\/v2\/media?parent=6859"}],"wp:term":[{"taxonomy":"product_brand","embeddable":true,"href":"https:\/\/etev7e.pef.czu.cz\/zs2223\/wp-json\/wp\/v2\/product_brand?post=6859"},{"taxonomy":"product_cat","embeddable":true,"href":"https:\/\/etev7e.pef.czu.cz\/zs2223\/wp-json\/wp\/v2\/product_cat?post=6859"},{"taxonomy":"product_tag","embeddable":true,"href":"https:\/\/etev7e.pef.czu.cz\/zs2223\/wp-json\/wp\/v2\/product_tag?post=6859"}],"curies":[{"name":"wp","href":"https:\/\/api.w.org\/{rel}","templated":true}]}}