{"id":6861,"date":"2025-11-04T17:14:26","date_gmt":"2025-11-04T16:14:26","guid":{"rendered":"https:\/\/etev7e.pef.czu.cz\/zs2223\/?post_type=product&#038;p=6861"},"modified":"2025-11-06T11:12:56","modified_gmt":"2025-11-06T10:12:56","slug":"etericky-olej-citrus-energy","status":"publish","type":"product","link":"https:\/\/etev7e.pef.czu.cz\/zs2223\/produkt\/etericky-olej-citrus-energy\/","title":{"rendered":"\u00c9terick\u00fd olej \u201eCitrus Energy\u201c"},"content":{"rendered":"","protected":false},"excerpt":{"rendered":"<p>P\u0159\u00edrodn\u00ed \u00e9terick\u00fd olej Citrus Energy je koncentrovan\u00fd extrakt z pomeran\u010dov\u00e9 k\u016fry, kter\u00fd osv\u011b\u017e\u00ed va\u0161i mysl i prostor kolem v\u00e1s. Je ide\u00e1ln\u00ed do aroma lamp, difuz\u00e9r\u016f nebo k p\u0159id\u00e1n\u00ed do koupele. V\u016fn\u011b citrus\u016f povzbud\u00ed energii, zlep\u0161\u00ed n\u00e1ladu a dod\u00e1 prostoru sv\u011b\u017eest.<\/p>\n","protected":false},"featured_media":6865,"comment_status":"open","ping_status":"closed","template":"","meta":[],"product_brand":[1984],"product_cat":[1865],"product_tag":[2018,2016,2014,2017,2015],"class_list":{"0":"post-6861","1":"product","2":"type-product","3":"status-publish","4":"has-post-thumbnail","6":"product_brand-aroma-relax","7":"product_cat-aroma-a-relax-zona","8":"product_tag-antistresovy-etericky-olej","9":"product_tag-citrusova-vune-do-bytu","10":"product_tag-etericky-olej-citrus","11":"product_tag-olej-do-aroma-lampy","12":"product_tag-prirodni-esencialni-olej","14":"first","15":"instock","16":"sale","17":"taxable","18":"shipping-taxable","19":"purchasable","20":"product-type-simple"},"jetpack_sharing_enabled":true,"_links":{"self":[{"href":"https:\/\/etev7e.pef.czu.cz\/zs2223\/wp-json\/wp\/v2\/product\/6861","targetHints":{"allow":["GET"]}}],"collection":[{"href":"https:\/\/etev7e.pef.czu.cz\/zs2223\/wp-json\/wp\/v2\/product"}],"about":[{"href":"https:\/\/etev7e.pef.czu.cz\/zs2223\/wp-json\/wp\/v2\/types\/product"}],"replies":[{"embeddable":true,"href":"https:\/\/etev7e.pef.czu.cz\/zs2223\/wp-json\/wp\/v2\/comments?post=6861"}],"wp:featuredmedia":[{"embeddable":true,"href":"https:\/\/etev7e.pef.czu.cz\/zs2223\/wp-json\/wp\/v2\/media\/6865"}],"wp:attachment":[{"href":"https:\/\/etev7e.pef.czu.cz\/zs2223\/wp-json\/wp\/v2\/media?parent=6861"}],"wp:term":[{"taxonomy":"product_brand","embeddable":true,"href":"https:\/\/etev7e.pef.czu.cz\/zs2223\/wp-json\/wp\/v2\/product_brand?post=6861"},{"taxonomy":"product_cat","embeddable":true,"href":"https:\/\/etev7e.pef.czu.cz\/zs2223\/wp-json\/wp\/v2\/product_cat?post=6861"},{"taxonomy":"product_tag","embeddable":true,"href":"https:\/\/etev7e.pef.czu.cz\/zs2223\/wp-json\/wp\/v2\/product_tag?post=6861"}],"curies":[{"name":"wp","href":"https:\/\/api.w.org\/{rel}","templated":true}]}}