{"id":6862,"date":"2025-11-04T17:24:41","date_gmt":"2025-11-04T16:24:41","guid":{"rendered":"https:\/\/etev7e.pef.czu.cz\/zs2223\/?post_type=product&#038;p=6862"},"modified":"2025-11-08T18:18:47","modified_gmt":"2025-11-08T17:18:47","slug":"roll-on-olej-prezentace-bez-nervu","status":"publish","type":"product","link":"https:\/\/etev7e.pef.czu.cz\/zs2223\/produkt\/roll-on-olej-prezentace-bez-nervu\/","title":{"rendered":"Roll-on olej &#8211; Prezentace bez nervu"},"content":{"rendered":"<p><span style=\"font-weight: 400\">Zhluboka se nadechni, set\u0159i pot z dlan\u00ed a nanes roll-on \u201ePrezentace bez nervu\u201c. Lehk\u00fd film oleje s v\u016fn\u00ed levandule a nad\u011bje ti dod\u00e1 klamn\u00fd pocit, \u017ee to m\u00e1\u0161 pod kontrolou \u2013 aspo\u0148 do chv\u00edle, ne\u017e zjist\u00ed\u0161, \u017ee ti nejde spustit prezentace. V\u016fn\u011b paniky se pomalu rozv\u00edj\u00ed spolu s na\u010d\u00edtac\u00ed obrazovkou, kter\u00e1 hl\u00e1s\u00ed \u201eProb\u00edh\u00e1 aktualizace syst\u00e9mu, nechte po\u010d\u00edta\u010d zapnut\u00fd.\u201c Ide\u00e1ln\u00ed pro v\u0161echny prezentace, obhajobu diplomky i ty p\u0159edch\u00e1zej\u00edc\u00ed t\u0159i nekone\u010dn\u00e9 minuty, kdy se kdy se prezentace na\u010d\u00edt\u00e1 a ty jen z\u00edr\u00e1\u0161 na pl\u00e1tno a pot\u00ed\u0161 existenci\u00e1ln\u00ed stres. \u201eAplikuj, a\u017e ti za\u010dne cukat oko. Zaru\u010den\u011b t\u011b neuklidn\u00ed, ale aspo\u0148 bude\u0161 von\u011bt.\u201c\u00a0<\/span><\/p>\n<p>&nbsp;<\/p>\n<p>&nbsp;<\/p>\n","protected":false},"excerpt":{"rendered":"<p><span style=\"font-weight: 400\">V\u016fn\u011b, kter\u00e1 t\u011b provede od fale\u0161n\u00e9ho sebev\u011bdom\u00ed a\u017e po tichou paniku u pl\u00e1tna.<\/span><\/p>\n","protected":false},"featured_media":6872,"comment_status":"open","ping_status":"closed","template":"","meta":[],"product_brand":[],"product_cat":[1863,753],"product_tag":[1507,997,943,317],"class_list":{"0":"post-6862","1":"product","2":"type-product","3":"status-publish","4":"has-post-thumbnail","6":"product_cat-aromaterapie","7":"product_cat-drogerie","8":"product_tag-aroma","9":"product_tag-drogerie","10":"product_tag-kosmetika","11":"product_tag-vune","13":"first","14":"instock","15":"sale","16":"taxable","17":"shipping-taxable","18":"purchasable","19":"product-type-simple"},"jetpack_sharing_enabled":true,"_links":{"self":[{"href":"https:\/\/etev7e.pef.czu.cz\/zs2223\/wp-json\/wp\/v2\/product\/6862","targetHints":{"allow":["GET"]}}],"collection":[{"href":"https:\/\/etev7e.pef.czu.cz\/zs2223\/wp-json\/wp\/v2\/product"}],"about":[{"href":"https:\/\/etev7e.pef.czu.cz\/zs2223\/wp-json\/wp\/v2\/types\/product"}],"replies":[{"embeddable":true,"href":"https:\/\/etev7e.pef.czu.cz\/zs2223\/wp-json\/wp\/v2\/comments?post=6862"}],"wp:featuredmedia":[{"embeddable":true,"href":"https:\/\/etev7e.pef.czu.cz\/zs2223\/wp-json\/wp\/v2\/media\/6872"}],"wp:attachment":[{"href":"https:\/\/etev7e.pef.czu.cz\/zs2223\/wp-json\/wp\/v2\/media?parent=6862"}],"wp:term":[{"taxonomy":"product_brand","embeddable":true,"href":"https:\/\/etev7e.pef.czu.cz\/zs2223\/wp-json\/wp\/v2\/product_brand?post=6862"},{"taxonomy":"product_cat","embeddable":true,"href":"https:\/\/etev7e.pef.czu.cz\/zs2223\/wp-json\/wp\/v2\/product_cat?post=6862"},{"taxonomy":"product_tag","embeddable":true,"href":"https:\/\/etev7e.pef.czu.cz\/zs2223\/wp-json\/wp\/v2\/product_tag?post=6862"}],"curies":[{"name":"wp","href":"https:\/\/api.w.org\/{rel}","templated":true}]}}