{"id":6863,"date":"2025-11-04T17:24:52","date_gmt":"2025-11-04T16:24:52","guid":{"rendered":"https:\/\/etev7e.pef.czu.cz\/zs2223\/?post_type=product&#038;p=6863"},"modified":"2025-11-08T18:17:54","modified_gmt":"2025-11-08T17:17:54","slug":"vonna-tycinka-diplomka-therapy","status":"publish","type":"product","link":"https:\/\/etev7e.pef.czu.cz\/zs2223\/produkt\/vonna-tycinka-diplomka-therapy\/","title":{"rendered":"Vonn\u00e1 ty\u010dinka &#8211; Diplomka Therapy"},"content":{"rendered":"<p><span style=\"font-weight: 400\">Zapal ty\u010dinku a nadechni se sm\u011bsi levandule, b\u00edl\u00e9ho \u010daje a \u010dir\u00e9ho zoufalstv\u00ed nad citacemi, kter\u00e9 se ztratily do nezn\u00e1ma. P\u0159ipomene ti nekone\u010dn\u00e9 hodiny s k\u00e1vou, kter\u00e1 u\u017e nen\u00ed k pit\u00ed, tabulky, kter\u00e9 se odm\u00edtaj\u00ed srovnat, a odstavce, kter\u00e9 si musel napsat, p\u0159epsat a pak smazat.<\/span><\/p>\n<p><span style=\"font-weight: 400\">Ide\u00e1ln\u00ed spole\u010dn\u00edk pro no\u010dn\u00ed psan\u00ed, paniku nad \u0161patn\u00fdm form\u00e1tov\u00e1n\u00edm, prokrastinaci maskovanou jako \u201eresearch\u201c a chv\u00edle, kdy si \u0159\u00edk\u00e1\u0161: \u201ePro\u010d jsem neza\u010dal\/a ps\u00e1t d\u0159\u00edv?.\u201c<\/span><\/p>\n<p><br style=\"font-weight: 400\" \/><br style=\"font-weight: 400\" \/><\/p>\n","protected":false},"excerpt":{"rendered":"<p><span style=\"font-weight: 400\">V\u016fn\u011b, kter\u00e1 t\u011b zachr\u00e1n\u00ed p\u0159ed vlastn\u00ed diplomkou\u2026 nebo alespo\u0148 ti zlep\u0161\u00ed n\u00e1ladu.<\/span><\/p>\n<p><br style=\"font-weight: 400\" \/><br style=\"font-weight: 400\" \/><\/p>\n","protected":false},"featured_media":6871,"comment_status":"open","ping_status":"closed","template":"","meta":[],"product_brand":[],"product_cat":[1863,753],"product_tag":[1507,997,928,317],"class_list":{"0":"post-6863","1":"product","2":"type-product","3":"status-publish","4":"has-post-thumbnail","6":"product_cat-aromaterapie","7":"product_cat-drogerie","8":"product_tag-aroma","9":"product_tag-drogerie","10":"product_tag-relaxace","11":"product_tag-vune","13":"first","14":"instock","15":"sale","16":"taxable","17":"shipping-taxable","18":"purchasable","19":"product-type-simple"},"jetpack_sharing_enabled":true,"_links":{"self":[{"href":"https:\/\/etev7e.pef.czu.cz\/zs2223\/wp-json\/wp\/v2\/product\/6863","targetHints":{"allow":["GET"]}}],"collection":[{"href":"https:\/\/etev7e.pef.czu.cz\/zs2223\/wp-json\/wp\/v2\/product"}],"about":[{"href":"https:\/\/etev7e.pef.czu.cz\/zs2223\/wp-json\/wp\/v2\/types\/product"}],"replies":[{"embeddable":true,"href":"https:\/\/etev7e.pef.czu.cz\/zs2223\/wp-json\/wp\/v2\/comments?post=6863"}],"wp:featuredmedia":[{"embeddable":true,"href":"https:\/\/etev7e.pef.czu.cz\/zs2223\/wp-json\/wp\/v2\/media\/6871"}],"wp:attachment":[{"href":"https:\/\/etev7e.pef.czu.cz\/zs2223\/wp-json\/wp\/v2\/media?parent=6863"}],"wp:term":[{"taxonomy":"product_brand","embeddable":true,"href":"https:\/\/etev7e.pef.czu.cz\/zs2223\/wp-json\/wp\/v2\/product_brand?post=6863"},{"taxonomy":"product_cat","embeddable":true,"href":"https:\/\/etev7e.pef.czu.cz\/zs2223\/wp-json\/wp\/v2\/product_cat?post=6863"},{"taxonomy":"product_tag","embeddable":true,"href":"https:\/\/etev7e.pef.czu.cz\/zs2223\/wp-json\/wp\/v2\/product_tag?post=6863"}],"curies":[{"name":"wp","href":"https:\/\/api.w.org\/{rel}","templated":true}]}}