{"id":6866,"date":"2025-11-04T18:14:37","date_gmt":"2025-11-04T17:14:37","guid":{"rendered":"https:\/\/etev7e.pef.czu.cz\/zs2223\/?post_type=product&#038;p=6866"},"modified":"2025-11-11T16:01:32","modified_gmt":"2025-11-11T15:01:32","slug":"psi-hracka","status":"publish","type":"product","link":"https:\/\/etev7e.pef.czu.cz\/zs2223\/produkt\/psi-hracka\/","title":{"rendered":"Hra\u010dka pro psy, odoln\u00e1 a bezpe\u010dn\u00e1"},"content":{"rendered":"<p>Z\u00e1bavn\u00e1 a bezpe\u010dn\u00e1 hra\u010dka pro psy vyroben\u00e1 z netoxick\u00e9ho TPR materi\u00e1lu. Je odoln\u00e1 v\u016f\u010di \u017ev\u00fdk\u00e1n\u00ed, vhodn\u00e1 pro dom\u00e1c\u00ed i venkovn\u00ed pou\u017eit\u00ed a pom\u00e1h\u00e1 posilovat zuby i \u010delistn\u00ed svaly. D\u00edky tvaru je ide\u00e1ln\u00ed pro p\u0159etahov\u00e1n\u00ed i aportov\u00e1n\u00ed. Snadno se \u010dist\u00ed a je dostupn\u00e1 v n\u011bkolika barv\u00e1ch. Perfektn\u00ed volba pro aktivn\u00ed psy v\u0161ech velikost\u00ed.<\/p>\n","protected":false},"excerpt":{"rendered":"<p>Zabavte sv\u00e9ho psa hrou, kter\u00e1 podporuje aktivitu i zdrav\u00e9 \u017ev\u00fdk\u00e1n\u00ed. Tato odoln\u00e1 \u017ev\u00fdkac\u00ed hra\u010dka je ide\u00e1ln\u00ed pro aportov\u00e1n\u00ed i samostatnou hru.<\/p>\n","protected":false},"featured_media":6966,"comment_status":"open","ping_status":"closed","template":"","meta":[],"product_brand":[],"product_cat":[1862],"product_tag":[1870,1869,1868,385],"class_list":{"0":"post-6866","1":"product","2":"type-product","3":"status-publish","4":"has-post-thumbnail","6":"product_cat-prislusenstvi-pro-psy","7":"product_tag-aktivita","8":"product_tag-bezpecne-materialy","9":"product_tag-hracka","10":"product_tag-pes","12":"first","13":"instock","14":"sale","15":"taxable","16":"shipping-taxable","17":"purchasable","18":"product-type-simple"},"jetpack_sharing_enabled":true,"_links":{"self":[{"href":"https:\/\/etev7e.pef.czu.cz\/zs2223\/wp-json\/wp\/v2\/product\/6866","targetHints":{"allow":["GET"]}}],"collection":[{"href":"https:\/\/etev7e.pef.czu.cz\/zs2223\/wp-json\/wp\/v2\/product"}],"about":[{"href":"https:\/\/etev7e.pef.czu.cz\/zs2223\/wp-json\/wp\/v2\/types\/product"}],"replies":[{"embeddable":true,"href":"https:\/\/etev7e.pef.czu.cz\/zs2223\/wp-json\/wp\/v2\/comments?post=6866"}],"wp:featuredmedia":[{"embeddable":true,"href":"https:\/\/etev7e.pef.czu.cz\/zs2223\/wp-json\/wp\/v2\/media\/6966"}],"wp:attachment":[{"href":"https:\/\/etev7e.pef.czu.cz\/zs2223\/wp-json\/wp\/v2\/media?parent=6866"}],"wp:term":[{"taxonomy":"product_brand","embeddable":true,"href":"https:\/\/etev7e.pef.czu.cz\/zs2223\/wp-json\/wp\/v2\/product_brand?post=6866"},{"taxonomy":"product_cat","embeddable":true,"href":"https:\/\/etev7e.pef.czu.cz\/zs2223\/wp-json\/wp\/v2\/product_cat?post=6866"},{"taxonomy":"product_tag","embeddable":true,"href":"https:\/\/etev7e.pef.czu.cz\/zs2223\/wp-json\/wp\/v2\/product_tag?post=6866"}],"curies":[{"name":"wp","href":"https:\/\/api.w.org\/{rel}","templated":true}]}}