{"id":6869,"date":"2025-11-04T17:20:31","date_gmt":"2025-11-04T16:20:31","guid":{"rendered":"https:\/\/etev7e.pef.czu.cz\/zs2223\/?post_type=product&#038;p=6869"},"modified":"2025-11-06T11:20:46","modified_gmt":"2025-11-06T10:20:46","slug":"set-cajovych-svicek-evening-harmony","status":"publish","type":"product","link":"https:\/\/etev7e.pef.czu.cz\/zs2223\/produkt\/set-cajovych-svicek-evening-harmony\/","title":{"rendered":"Set \u010dajov\u00fdch sv\u00ed\u010dek \u201eEvening Harmony\u201c"},"content":{"rendered":"","protected":false},"excerpt":{"rendered":"<p>Sada 6 s\u00f3jov\u00fdch \u010dajov\u00fdch sv\u00ed\u010dek Evening Harmony nab\u00edz\u00ed \u0161est p\u0159\u00edrodn\u00edch v\u016fn\u00ed \u2014 vanilka, levandule, citrus, santalov\u00e9 d\u0159evo, jasm\u00edn a sko\u0159ice. Ka\u017ed\u00e1 sv\u00ed\u010dka je ru\u010dn\u011b odlit\u00e1 do kovov\u00e9ho kal\u00ed\u0161ku a vytv\u00e1\u0159\u00ed jemn\u00e9 sv\u011btlo a p\u0159\u00edjemnou v\u016fni, ide\u00e1ln\u00ed pro ve\u010dern\u00ed relaxaci.<\/p>\n","protected":false},"featured_media":6870,"comment_status":"open","ping_status":"closed","template":"","meta":[],"product_brand":[1984],"product_cat":[1865],"product_tag":[2027,2025,2026,2024,2028],"class_list":{"0":"post-6869","1":"product","2":"type-product","3":"status-publish","4":"has-post-thumbnail","6":"product_brand-aroma-relax","7":"product_cat-aroma-a-relax-zona","8":"product_tag-antistresove-prirodni-vune","9":"product_tag-darkovy-set-svicek","10":"product_tag-relaxacni-cajove-svicky","11":"product_tag-sojove-cajove-svicky","12":"product_tag-sojove-svicky-do-aromalampy","14":"first","15":"instock","16":"sale","17":"taxable","18":"shipping-taxable","19":"purchasable","20":"product-type-simple"},"jetpack_sharing_enabled":true,"_links":{"self":[{"href":"https:\/\/etev7e.pef.czu.cz\/zs2223\/wp-json\/wp\/v2\/product\/6869","targetHints":{"allow":["GET"]}}],"collection":[{"href":"https:\/\/etev7e.pef.czu.cz\/zs2223\/wp-json\/wp\/v2\/product"}],"about":[{"href":"https:\/\/etev7e.pef.czu.cz\/zs2223\/wp-json\/wp\/v2\/types\/product"}],"replies":[{"embeddable":true,"href":"https:\/\/etev7e.pef.czu.cz\/zs2223\/wp-json\/wp\/v2\/comments?post=6869"}],"wp:featuredmedia":[{"embeddable":true,"href":"https:\/\/etev7e.pef.czu.cz\/zs2223\/wp-json\/wp\/v2\/media\/6870"}],"wp:attachment":[{"href":"https:\/\/etev7e.pef.czu.cz\/zs2223\/wp-json\/wp\/v2\/media?parent=6869"}],"wp:term":[{"taxonomy":"product_brand","embeddable":true,"href":"https:\/\/etev7e.pef.czu.cz\/zs2223\/wp-json\/wp\/v2\/product_brand?post=6869"},{"taxonomy":"product_cat","embeddable":true,"href":"https:\/\/etev7e.pef.czu.cz\/zs2223\/wp-json\/wp\/v2\/product_cat?post=6869"},{"taxonomy":"product_tag","embeddable":true,"href":"https:\/\/etev7e.pef.czu.cz\/zs2223\/wp-json\/wp\/v2\/product_tag?post=6869"}],"curies":[{"name":"wp","href":"https:\/\/api.w.org\/{rel}","templated":true}]}}