{"id":6873,"date":"2025-11-04T17:31:14","date_gmt":"2025-11-04T16:31:14","guid":{"rendered":"https:\/\/etev7e.pef.czu.cz\/zs2223\/?post_type=product&#038;p=6873"},"modified":"2025-11-08T18:17:35","modified_gmt":"2025-11-08T17:17:35","slug":"aromaticky-olej-konec-letniho-semestru","status":"publish","type":"product","link":"https:\/\/etev7e.pef.czu.cz\/zs2223\/produkt\/aromaticky-olej-konec-letniho-semestru\/","title":{"rendered":"Aromatick\u00fd olej &#8211; Konec letn\u00edho semestru"},"content":{"rendered":"<p>Nakapej p\u00e1r kapek a nech do m\u00edstnosti proniknout esenci klidu, kter\u00fd p\u0159ich\u00e1z\u00ed a\u017e po zkou\u0161kov\u00e9m o\u010distci.\u201eKonec letn\u00edho semestru\u201c je v\u016fn\u011b v\u00edt\u011bzstv\u00ed, detoxu a ment\u00e1ln\u00edho resetu po m\u011bs\u00edc\u00edch akademick\u00e9ho chaosu.<br \/>\nVon\u00ed po smazan\u00e9m Moodlu, vypnut\u00fdch notifikac\u00edch z Outlooku, prvn\u00edm letn\u00edm pivku a euforii z toho, \u017ee jsi pr\u00e1v\u011b zav\u0159el posledn\u00ed soubor s n\u00e1zvem \u201everze_final_FINAL3.docx\u201c.<br \/>\nJe to aroma studentsk\u00e9ho r\u00e1je \u2014 lehk\u00fd v\u00e1nek bez povinnost\u00ed, \u017e\u00e1dn\u00e9 skupinov\u00e9 projekty, \u017e\u00e1dn\u00e9 deadliny, jen volno, slunce a iluze, \u017ee p\u0159\u00ed\u0161t\u00ed semestr bude\u0161 m\u00edt kone\u010dn\u011b syst\u00e9m.<br \/>\nPou\u017eij po posledn\u00ed zkou\u0161ce jako symbol svobody, nebo klidn\u011b i b\u011bhem zkou\u0161kov\u00e9ho \u2013 kdy\u017e pot\u0159ebuje\u0161 v\u011b\u0159it, \u017ee i tenhle akademick\u00fd kolob\u011bh jednou skon\u010d\u00ed.<\/p>\n","protected":false},"excerpt":{"rendered":"<p>V\u016fn\u011b, kter\u00e1 ti p\u0159ipomene, \u017ee tohle tr\u00e1pen\u00ed m\u00e1 p\u0159ece jen \u0161\u0165astn\u00fd konec.<\/p>\n","protected":false},"featured_media":6874,"comment_status":"open","ping_status":"closed","template":"","meta":[],"product_brand":[],"product_cat":[1863,753],"product_tag":[1507,997,928,317],"class_list":{"0":"post-6873","1":"product","2":"type-product","3":"status-publish","4":"has-post-thumbnail","6":"product_cat-aromaterapie","7":"product_cat-drogerie","8":"product_tag-aroma","9":"product_tag-drogerie","10":"product_tag-relaxace","11":"product_tag-vune","13":"first","14":"instock","15":"sale","16":"taxable","17":"shipping-taxable","18":"purchasable","19":"product-type-simple"},"jetpack_sharing_enabled":true,"_links":{"self":[{"href":"https:\/\/etev7e.pef.czu.cz\/zs2223\/wp-json\/wp\/v2\/product\/6873","targetHints":{"allow":["GET"]}}],"collection":[{"href":"https:\/\/etev7e.pef.czu.cz\/zs2223\/wp-json\/wp\/v2\/product"}],"about":[{"href":"https:\/\/etev7e.pef.czu.cz\/zs2223\/wp-json\/wp\/v2\/types\/product"}],"replies":[{"embeddable":true,"href":"https:\/\/etev7e.pef.czu.cz\/zs2223\/wp-json\/wp\/v2\/comments?post=6873"}],"wp:featuredmedia":[{"embeddable":true,"href":"https:\/\/etev7e.pef.czu.cz\/zs2223\/wp-json\/wp\/v2\/media\/6874"}],"wp:attachment":[{"href":"https:\/\/etev7e.pef.czu.cz\/zs2223\/wp-json\/wp\/v2\/media?parent=6873"}],"wp:term":[{"taxonomy":"product_brand","embeddable":true,"href":"https:\/\/etev7e.pef.czu.cz\/zs2223\/wp-json\/wp\/v2\/product_brand?post=6873"},{"taxonomy":"product_cat","embeddable":true,"href":"https:\/\/etev7e.pef.czu.cz\/zs2223\/wp-json\/wp\/v2\/product_cat?post=6873"},{"taxonomy":"product_tag","embeddable":true,"href":"https:\/\/etev7e.pef.czu.cz\/zs2223\/wp-json\/wp\/v2\/product_tag?post=6873"}],"curies":[{"name":"wp","href":"https:\/\/api.w.org\/{rel}","templated":true}]}}