{"id":6877,"date":"2025-11-04T19:08:11","date_gmt":"2025-11-04T18:08:11","guid":{"rendered":"https:\/\/etev7e.pef.czu.cz\/zs2223\/?post_type=product&#038;p=6877"},"modified":"2025-11-05T14:25:21","modified_gmt":"2025-11-05T13:25:21","slug":"popcornovac-guzzanti","status":"publish","type":"product","link":"https:\/\/etev7e.pef.czu.cz\/zs2223\/produkt\/popcornovac-guzzanti\/","title":{"rendered":"Popcornova\u010d &#8222;Guzzanti&#8220;"},"content":{"rendered":"<h4><strong>Popkornova\u010d Guzzanti<\/strong><\/h4>\n<p>Stylov\u00fd horkovzdu\u0161n\u00fd popkornova\u010d pro zdravou a rychlou p\u0159\u00edpravu dom\u00e1c\u00edho popkornu -bez oleje, snadno, b\u011bhem p\u00e1r minut.<\/p>\n<p><strong>Hlavn\u00ed vlasntosti:<\/strong><\/p>\n<ul>\n<li>P\u0159\u00edprava popkornu pomoc\u00ed hork\u00e9ho vzduchu &#8211; bez oleje<\/li>\n<li>Rychl\u00e1 p\u0159\u00edprava: \u010derstv\u00fd popkorn za 3-5minut<\/li>\n<li>Odd\u011bln\u00fd z\u00e1sobn\u00edk na kuku\u0159i\u010dn\u00e1 zrna pro snadnou \u00fadr\u017ebu<\/li>\n<li>D\u00e1vkova\u010d pro p\u0159esn\u00e9 mno\u017estv\u00ed zrn<\/li>\n<li>Modern\u00ed \u010derveno-b\u00edl\u00fd design<\/li>\n<\/ul>\n","protected":false},"excerpt":{"rendered":"<p>Popkornova\u010d Guzzanti Stylov\u00fd horkovzdu\u0161n\u00fd popkornova\u010d pro zdravou a rychlou p\u0159\u00edpravu dom\u00e1c\u00edho popkornu -bez oleje, snadno, b\u011bhem p\u00e1r minut. Hlavn\u00ed vlasntosti: P\u0159\u00edprava popkornu pomoc\u00ed hork\u00e9ho vzduchu &#8211; bez oleje Rychl\u00e1 p\u0159\u00edprava: \u010derstv\u00fd popkorn za 3-5minut Odd\u011bln\u00fd z\u00e1sobn\u00edk na kuku\u0159i\u010dn\u00e1 zrna pro snadnou \u00fadr\u017ebu D\u00e1vkova\u010d pro p\u0159esn\u00e9 mno\u017estv\u00ed zrn Modern\u00ed \u010derveno-b\u00edl\u00fd design<\/p>\n","protected":false},"featured_media":6879,"comment_status":"open","ping_status":"closed","template":"","meta":[],"product_brand":[],"product_cat":[1871],"product_tag":[1667],"class_list":{"0":"post-6877","1":"product","2":"type-product","3":"status-publish","4":"has-post-thumbnail","6":"product_cat-domaci-elektro-10","7":"product_tag-domaci-spotrebic","9":"first","10":"instock","11":"sale","12":"taxable","13":"shipping-taxable","14":"purchasable","15":"product-type-simple"},"jetpack_sharing_enabled":true,"_links":{"self":[{"href":"https:\/\/etev7e.pef.czu.cz\/zs2223\/wp-json\/wp\/v2\/product\/6877","targetHints":{"allow":["GET"]}}],"collection":[{"href":"https:\/\/etev7e.pef.czu.cz\/zs2223\/wp-json\/wp\/v2\/product"}],"about":[{"href":"https:\/\/etev7e.pef.czu.cz\/zs2223\/wp-json\/wp\/v2\/types\/product"}],"replies":[{"embeddable":true,"href":"https:\/\/etev7e.pef.czu.cz\/zs2223\/wp-json\/wp\/v2\/comments?post=6877"}],"wp:featuredmedia":[{"embeddable":true,"href":"https:\/\/etev7e.pef.czu.cz\/zs2223\/wp-json\/wp\/v2\/media\/6879"}],"wp:attachment":[{"href":"https:\/\/etev7e.pef.czu.cz\/zs2223\/wp-json\/wp\/v2\/media?parent=6877"}],"wp:term":[{"taxonomy":"product_brand","embeddable":true,"href":"https:\/\/etev7e.pef.czu.cz\/zs2223\/wp-json\/wp\/v2\/product_brand?post=6877"},{"taxonomy":"product_cat","embeddable":true,"href":"https:\/\/etev7e.pef.czu.cz\/zs2223\/wp-json\/wp\/v2\/product_cat?post=6877"},{"taxonomy":"product_tag","embeddable":true,"href":"https:\/\/etev7e.pef.czu.cz\/zs2223\/wp-json\/wp\/v2\/product_tag?post=6877"}],"curies":[{"name":"wp","href":"https:\/\/api.w.org\/{rel}","templated":true}]}}