{"id":6890,"date":"2025-11-04T19:24:43","date_gmt":"2025-11-04T18:24:43","guid":{"rendered":"https:\/\/etev7e.pef.czu.cz\/zs2223\/?post_type=product&#038;p=6890"},"modified":"2025-11-06T13:55:42","modified_gmt":"2025-11-06T12:55:42","slug":"voditko-kozene-hnede","status":"publish","type":"product","link":"https:\/\/etev7e.pef.czu.cz\/zs2223\/produkt\/voditko-kozene-hnede\/","title":{"rendered":"Vod\u00edtko ko\u017een\u00e9 hn\u011bd\u00e9"},"content":{"rendered":"<p>Odoln\u00e9 ko\u017een\u00e9 vod\u00edtko z prav\u00e9 hn\u011bd\u00e9 k\u016f\u017ee s pohodlnou rukojet\u00ed a kovovou oto\u010dnou karabinou. Ide\u00e1ln\u00ed pro bezpe\u010dn\u00e9 proch\u00e1zky s va\u0161\u00edm psem.<\/p>\n","protected":false},"excerpt":{"rendered":"<p>Odoln\u00e9 ko\u017een\u00e9 vod\u00edtko z prav\u00e9 hn\u011bd\u00e9 k\u016f\u017ee s pohodlnou rukojet\u00ed a kovovou oto\u010dnou karabinou.<\/p>\n","protected":false},"featured_media":6891,"comment_status":"open","ping_status":"closed","template":"","meta":[],"product_brand":[],"product_cat":[1862],"product_tag":[1883,1882,385,712],"class_list":{"0":"post-6890","1":"product","2":"type-product","3":"status-publish","4":"has-post-thumbnail","6":"product_cat-prislusenstvi-pro-psy","7":"product_tag-bezpecnost","8":"product_tag-kozene-doplnky","9":"product_tag-pes","10":"product_tag-voditko","12":"first","13":"instock","14":"sale","15":"taxable","16":"shipping-taxable","17":"purchasable","18":"product-type-simple"},"jetpack_sharing_enabled":true,"_links":{"self":[{"href":"https:\/\/etev7e.pef.czu.cz\/zs2223\/wp-json\/wp\/v2\/product\/6890","targetHints":{"allow":["GET"]}}],"collection":[{"href":"https:\/\/etev7e.pef.czu.cz\/zs2223\/wp-json\/wp\/v2\/product"}],"about":[{"href":"https:\/\/etev7e.pef.czu.cz\/zs2223\/wp-json\/wp\/v2\/types\/product"}],"replies":[{"embeddable":true,"href":"https:\/\/etev7e.pef.czu.cz\/zs2223\/wp-json\/wp\/v2\/comments?post=6890"}],"wp:featuredmedia":[{"embeddable":true,"href":"https:\/\/etev7e.pef.czu.cz\/zs2223\/wp-json\/wp\/v2\/media\/6891"}],"wp:attachment":[{"href":"https:\/\/etev7e.pef.czu.cz\/zs2223\/wp-json\/wp\/v2\/media?parent=6890"}],"wp:term":[{"taxonomy":"product_brand","embeddable":true,"href":"https:\/\/etev7e.pef.czu.cz\/zs2223\/wp-json\/wp\/v2\/product_brand?post=6890"},{"taxonomy":"product_cat","embeddable":true,"href":"https:\/\/etev7e.pef.czu.cz\/zs2223\/wp-json\/wp\/v2\/product_cat?post=6890"},{"taxonomy":"product_tag","embeddable":true,"href":"https:\/\/etev7e.pef.czu.cz\/zs2223\/wp-json\/wp\/v2\/product_tag?post=6890"}],"curies":[{"name":"wp","href":"https:\/\/api.w.org\/{rel}","templated":true}]}}