{"id":6893,"date":"2025-11-05T10:54:30","date_gmt":"2025-11-05T09:54:30","guid":{"rendered":"https:\/\/etev7e.pef.czu.cz\/zs2223\/?post_type=product&#038;p=6893"},"modified":"2025-11-06T11:02:03","modified_gmt":"2025-11-06T10:02:03","slug":"rulandske-modre","status":"publish","type":"product","link":"https:\/\/etev7e.pef.czu.cz\/zs2223\/produkt\/rulandske-modre\/","title":{"rendered":"Rulandsk\u00e9 modr\u00e9"},"content":{"rendered":"<p><span style=\"font-weight: 400\">Odr\u016fda: Rulandsk\u00e9 modr\u00e9<\/span><\/p>\n<p><span style=\"font-weight: 400\">Kategorie: such\u00e9<\/span><\/p>\n<p><span style=\"font-weight: 400\">Barva v\u00edna: \u010derven\u00e9<\/span><\/p>\n<p><span style=\"font-weight: 400\">Ro\u010dn\u00edk: 2020<\/span><\/p>\n<p><span style=\"font-weight: 400\">Alkohol: <\/span><span style=\"font-weight: 400\">13,0 % obj.<\/span><\/p>\n<p><span style=\"font-weight: 400\">Obsah lahve: 0,75 l<\/span><\/p>\n<p><span style=\"font-weight: 400\">Obsahuje: oxid si\u0159i\u010dit<\/span><\/p>\n<p><br style=\"font-weight: 400\" \/><br style=\"font-weight: 400\" \/><br style=\"font-weight: 400\" \/><br style=\"font-weight: 400\" \/><\/p>\n","protected":false},"excerpt":{"rendered":"<p><b>Rulandsk\u00e9 modr\u00e9 v\u00edno je elegantn\u00ed \u010derven\u00e9 v\u00edno s hlubokou rub\u00ednovou barvou a bohatou v\u016fn\u00ed po zral\u00fdch vi\u0161n\u00edch a lesn\u00edm ovoci. V chuti je sametov\u00e9, pln\u00e9 a harmonick\u00e9, s jemn\u00fdmi t\u0159\u00edslovinami a dlouh\u00fdm dozvukem. Ka\u017ed\u00fd dou\u0161ek odhaluje zralost hrozn\u016f i poctivou rukod\u011blnou pr\u00e1ci vina\u0159e. V\u00edno je ide\u00e1ln\u00ed k hov\u011bz\u00edm steak\u016fm, zv\u011b\u0159inov\u00fdm specialit\u00e1m, pe\u010den\u00e9 kachn\u011b nebo tvrd\u00fdm, vyzr\u00e1l\u00fdm s\u00fdr\u016fm.<\/b><\/p>\n","protected":false},"featured_media":6895,"comment_status":"open","ping_status":"closed","template":"","meta":[],"product_brand":[1889],"product_cat":[1887,1884],"product_tag":[1897,1896,1899,1898,596],"class_list":{"0":"post-6893","1":"product","2":"type-product","3":"status-publish","4":"has-post-thumbnail","6":"product_brand-vinarske-poklady-z-moravy","7":"product_cat-cervena-vina-vina-z-moravy","8":"product_cat-vina-z-moravy","9":"product_tag-cervene","10":"product_tag-moravske","11":"product_tag-premiove","12":"product_tag-rulandske-modre","13":"product_tag-suche","15":"first","16":"instock","17":"sale","18":"taxable","19":"shipping-taxable","20":"purchasable","21":"product-type-simple"},"jetpack_sharing_enabled":true,"_links":{"self":[{"href":"https:\/\/etev7e.pef.czu.cz\/zs2223\/wp-json\/wp\/v2\/product\/6893","targetHints":{"allow":["GET"]}}],"collection":[{"href":"https:\/\/etev7e.pef.czu.cz\/zs2223\/wp-json\/wp\/v2\/product"}],"about":[{"href":"https:\/\/etev7e.pef.czu.cz\/zs2223\/wp-json\/wp\/v2\/types\/product"}],"replies":[{"embeddable":true,"href":"https:\/\/etev7e.pef.czu.cz\/zs2223\/wp-json\/wp\/v2\/comments?post=6893"}],"wp:featuredmedia":[{"embeddable":true,"href":"https:\/\/etev7e.pef.czu.cz\/zs2223\/wp-json\/wp\/v2\/media\/6895"}],"wp:attachment":[{"href":"https:\/\/etev7e.pef.czu.cz\/zs2223\/wp-json\/wp\/v2\/media?parent=6893"}],"wp:term":[{"taxonomy":"product_brand","embeddable":true,"href":"https:\/\/etev7e.pef.czu.cz\/zs2223\/wp-json\/wp\/v2\/product_brand?post=6893"},{"taxonomy":"product_cat","embeddable":true,"href":"https:\/\/etev7e.pef.czu.cz\/zs2223\/wp-json\/wp\/v2\/product_cat?post=6893"},{"taxonomy":"product_tag","embeddable":true,"href":"https:\/\/etev7e.pef.czu.cz\/zs2223\/wp-json\/wp\/v2\/product_tag?post=6893"}],"curies":[{"name":"wp","href":"https:\/\/api.w.org\/{rel}","templated":true}]}}