{"id":6898,"date":"2025-11-05T10:59:14","date_gmt":"2025-11-05T09:59:14","guid":{"rendered":"https:\/\/etev7e.pef.czu.cz\/zs2223\/?post_type=product&#038;p=6898"},"modified":"2025-11-05T11:00:46","modified_gmt":"2025-11-05T10:00:46","slug":"sauvignon","status":"publish","type":"product","link":"https:\/\/etev7e.pef.czu.cz\/zs2223\/produkt\/sauvignon\/","title":{"rendered":"Sauvignon"},"content":{"rendered":"<p><span style=\"font-weight: 400\">Odr\u016fda: Frankovka<\/span><\/p>\n<p><span style=\"font-weight: 400\">Kategorie: such\u00e9<\/span><\/p>\n<p><span style=\"font-weight: 400\">Barva v\u00edna: b\u00edl\u00e9<\/span><\/p>\n<p><span style=\"font-weight: 400\">Ro\u010dn\u00edk: 2022<\/span><\/p>\n<p><span style=\"font-weight: 400\">Alkohol: <\/span><span style=\"font-weight: 400\">12,6 % obj.<\/span><\/p>\n<p><span style=\"font-weight: 400\">Obsah lahve: 0,75 l<\/span><\/p>\n<p><span style=\"font-weight: 400\">Obsahuje: oxid si\u0159i\u010dit\u00fd<\/span><\/p>\n<p><br style=\"font-weight: 400\" \/><br style=\"font-weight: 400\" \/><\/p>\n","protected":false},"excerpt":{"rendered":"<p><b>V\u00edno Sauvignon m\u00e1 sv\u011btl\u00fd zeleno\u017elut\u00fd odst\u00edn a okouzl\u00ed v\u00fdraznou aromatikou, od sv\u011b\u017e\u00edch t\u00f3n\u016f kop\u0159ivy a \u010derstv\u011b pose\u010den\u00e9 tr\u00e1vy a\u017e po jemn\u00e9 ovocn\u00e9 nuance angre\u0161tu, kiwi a broskve. V chuti je \u017eiv\u00e9, sv\u011b\u017e\u00ed a miner\u00e1ln\u00ed, s vyv\u00e1\u017eenou kyselinkou, kter\u00e1 podtrhuje jeho lehkost a eleganci. Ide\u00e1ln\u00ed jako aperitiv, nebo k pokrm\u016fm z ryb, sv\u011btl\u00fdm mas\u016fm \u010di jemn\u00fdm s\u00fdr\u016fm.<\/b><\/p>\n","protected":false},"featured_media":6899,"comment_status":"open","ping_status":"closed","template":"","meta":[],"product_brand":[1889],"product_cat":[1888,1884],"product_tag":[1900,1788,1786,1904,596],"class_list":{"0":"post-6898","1":"product","2":"type-product","3":"status-publish","4":"has-post-thumbnail","6":"product_brand-vinarske-poklady-z-moravy","7":"product_cat-bila-vina-vina-z-moravy","8":"product_cat-vina-z-moravy","9":"product_tag-bile","10":"product_tag-letni","11":"product_tag-osvezujici","12":"product_tag-sauvignon","13":"product_tag-suche","15":"first","16":"instock","17":"sale","18":"taxable","19":"shipping-taxable","20":"purchasable","21":"product-type-simple"},"jetpack_sharing_enabled":true,"_links":{"self":[{"href":"https:\/\/etev7e.pef.czu.cz\/zs2223\/wp-json\/wp\/v2\/product\/6898","targetHints":{"allow":["GET"]}}],"collection":[{"href":"https:\/\/etev7e.pef.czu.cz\/zs2223\/wp-json\/wp\/v2\/product"}],"about":[{"href":"https:\/\/etev7e.pef.czu.cz\/zs2223\/wp-json\/wp\/v2\/types\/product"}],"replies":[{"embeddable":true,"href":"https:\/\/etev7e.pef.czu.cz\/zs2223\/wp-json\/wp\/v2\/comments?post=6898"}],"wp:featuredmedia":[{"embeddable":true,"href":"https:\/\/etev7e.pef.czu.cz\/zs2223\/wp-json\/wp\/v2\/media\/6899"}],"wp:attachment":[{"href":"https:\/\/etev7e.pef.czu.cz\/zs2223\/wp-json\/wp\/v2\/media?parent=6898"}],"wp:term":[{"taxonomy":"product_brand","embeddable":true,"href":"https:\/\/etev7e.pef.czu.cz\/zs2223\/wp-json\/wp\/v2\/product_brand?post=6898"},{"taxonomy":"product_cat","embeddable":true,"href":"https:\/\/etev7e.pef.czu.cz\/zs2223\/wp-json\/wp\/v2\/product_cat?post=6898"},{"taxonomy":"product_tag","embeddable":true,"href":"https:\/\/etev7e.pef.czu.cz\/zs2223\/wp-json\/wp\/v2\/product_tag?post=6898"}],"curies":[{"name":"wp","href":"https:\/\/api.w.org\/{rel}","templated":true}]}}