{"id":6901,"date":"2025-11-04T20:54:56","date_gmt":"2025-11-04T19:54:56","guid":{"rendered":"https:\/\/etev7e.pef.czu.cz\/zs2223\/?post_type=product&#038;p=6901"},"modified":"2025-11-04T23:57:43","modified_gmt":"2025-11-04T22:57:43","slug":"lumina-ozivujici-sampon","status":"publish","type":"product","link":"https:\/\/etev7e.pef.czu.cz\/zs2223\/produkt\/lumina-ozivujici-sampon\/","title":{"rendered":"LUMINA O\u017eivuj\u00edc\u00ed \u0161ampon"},"content":{"rendered":"<p>O\u017eivuj\u00edc\u00ed \u0161ampon p\u0159edstavuje prvn\u00ed krok va\u0161eho ka\u017edodenn\u00edho ritu\u00e1lu kr\u00e1sy. Jeho unik\u00e1tn\u00ed slo\u017een\u00ed s biotinem, panthenolem a rostlinn\u00fdmi keratinov\u00fdmi peptidy <strong data-start=\"546\" data-end=\"623\">stimuluje r\u016fst vlas\u016f, posiluje jejich strukturu a obnovuje p\u0159irozen\u00fd lesk<\/strong>.<br data-start=\"624\" data-end=\"627\" \/>Jemn\u00e1 p\u011bna \u0161etrn\u011b \u010dist\u00ed vlasovou poko\u017eku bez naru\u0161en\u00ed ochrann\u00e9ho filmu, zat\u00edmco opunciov\u00fd olej zanech\u00e1v\u00e1 vlasy hebk\u00e9, pru\u017en\u00e9 a snadno roz\u010desateln\u00e9.<br data-start=\"774\" data-end=\"777\" \/>D\u00edky absenci sulf\u00e1t\u016f a silikon\u016f je vhodn\u00fd i pro citlivou poko\u017eku hlavy a barven\u00e9 vlasy.<br data-start=\"864\" data-end=\"867\" \/>Jeho decentn\u00ed, p\u0159irozen\u011b \u010dist\u00e1 v\u016fn\u011b se st\u00e1v\u00e1 sou\u010d\u00e1st\u00ed va\u0161eho ka\u017edodenn\u00edho ritu\u00e1lu pohody a elegance.<\/p>\n<p data-start=\"887\" data-end=\"902\"><strong data-start=\"887\" data-end=\"900\">Varianty:<\/strong><\/p>\n<ul data-start=\"903\" data-end=\"980\">\n<li data-start=\"903\" data-end=\"938\">\n<p data-start=\"905\" data-end=\"938\">Objem: 400 ml<\/p>\n<\/li>\n<li data-start=\"939\" data-end=\"980\">\n<p data-start=\"941\" data-end=\"980\">Typ vlas\u016f: norm\u00e1ln\u00ed \/ such\u00e9 \/ barven\u00e9<\/p>\n<\/li>\n<\/ul>\n<p data-start=\"982\" data-end=\"1075\"><strong data-start=\"982\" data-end=\"996\">Kategorie:<\/strong> P\u00e9\u010de o vlasy<br data-start=\"1009\" data-end=\"1012\" \/><strong data-start=\"1012\" data-end=\"1023\">\u0160t\u00edtky:<\/strong> \u0161ampon, biotin, revitalizace, bez sulf\u00e1t\u016f, LUMINA<\/p>\n","protected":false},"excerpt":{"rendered":"<p>O\u017eivuj\u00edc\u00ed \u0161ampon p\u0159edstavuje prvn\u00ed krok va\u0161eho ka\u017edodenn\u00edho ritu\u00e1lu kr\u00e1sy. Jeho unik\u00e1tn\u00ed slo\u017een\u00ed s biotinem, panthenolem a rostlinn\u00fdmi keratinov\u00fdmi peptidy <strong data-start=\"546\" data-end=\"623\">stimuluje r\u016fst vlas\u016f, posiluje jejich strukturu a obnovuje p\u0159irozen\u00fd lesk<\/strong>.<br data-start=\"624\" data-end=\"627\" \/>Jemn\u00e1 p\u011bna \u0161etrn\u011b \u010dist\u00ed vlasovou poko\u017eku bez naru\u0161en\u00ed ochrann\u00e9ho filmu, zat\u00edmco opunciov\u00fd olej zanech\u00e1v\u00e1 vlasy hebk\u00e9, pru\u017en\u00e9 a snadno roz\u010desateln\u00e9.<br data-start=\"774\" data-end=\"777\" \/>D\u00edky absenci sulf\u00e1t\u016f a silikon\u016f je vhodn\u00fd i pro citlivou poko\u017eku hlavy a barven\u00e9 vlasy.<br data-start=\"864\" data-end=\"867\" \/>Jeho decentn\u00ed, p\u0159irozen\u011b \u010dist\u00e1 v\u016fn\u011b se st\u00e1v\u00e1 sou\u010d\u00e1st\u00ed va\u0161eho ka\u017edodenn\u00edho ritu\u00e1lu pohody a elegance.<\/p>\n","protected":false},"featured_media":6903,"comment_status":"open","ping_status":"closed","template":"","meta":[],"product_brand":[1890],"product_cat":[753,936],"product_tag":[997],"class_list":{"0":"post-6901","1":"product","2":"type-product","3":"status-publish","4":"has-post-thumbnail","6":"product_brand-lumina","7":"product_cat-drogerie","8":"product_cat-pece-o-telo","9":"product_tag-drogerie","11":"first","12":"instock","13":"sale","14":"taxable","15":"shipping-taxable","16":"purchasable","17":"product-type-simple"},"jetpack_sharing_enabled":true,"_links":{"self":[{"href":"https:\/\/etev7e.pef.czu.cz\/zs2223\/wp-json\/wp\/v2\/product\/6901","targetHints":{"allow":["GET"]}}],"collection":[{"href":"https:\/\/etev7e.pef.czu.cz\/zs2223\/wp-json\/wp\/v2\/product"}],"about":[{"href":"https:\/\/etev7e.pef.czu.cz\/zs2223\/wp-json\/wp\/v2\/types\/product"}],"replies":[{"embeddable":true,"href":"https:\/\/etev7e.pef.czu.cz\/zs2223\/wp-json\/wp\/v2\/comments?post=6901"}],"wp:featuredmedia":[{"embeddable":true,"href":"https:\/\/etev7e.pef.czu.cz\/zs2223\/wp-json\/wp\/v2\/media\/6903"}],"wp:attachment":[{"href":"https:\/\/etev7e.pef.czu.cz\/zs2223\/wp-json\/wp\/v2\/media?parent=6901"}],"wp:term":[{"taxonomy":"product_brand","embeddable":true,"href":"https:\/\/etev7e.pef.czu.cz\/zs2223\/wp-json\/wp\/v2\/product_brand?post=6901"},{"taxonomy":"product_cat","embeddable":true,"href":"https:\/\/etev7e.pef.czu.cz\/zs2223\/wp-json\/wp\/v2\/product_cat?post=6901"},{"taxonomy":"product_tag","embeddable":true,"href":"https:\/\/etev7e.pef.czu.cz\/zs2223\/wp-json\/wp\/v2\/product_tag?post=6901"}],"curies":[{"name":"wp","href":"https:\/\/api.w.org\/{rel}","templated":true}]}}