{"id":6902,"date":"2025-11-05T11:02:28","date_gmt":"2025-11-05T10:02:28","guid":{"rendered":"https:\/\/etev7e.pef.czu.cz\/zs2223\/?post_type=product&#038;p=6902"},"modified":"2025-11-05T11:04:32","modified_gmt":"2025-11-05T10:04:32","slug":"chardonnay","status":"publish","type":"product","link":"https:\/\/etev7e.pef.czu.cz\/zs2223\/produkt\/chardonnay\/","title":{"rendered":"Chardonnay"},"content":{"rendered":"<p><span style=\"font-weight: 400\">Odr\u016fda: Chardonnay<\/span><\/p>\n<p><span style=\"font-weight: 400\">Kategorie: polosuch\u00e9<\/span><\/p>\n<p><span style=\"font-weight: 400\">Barva v\u00edna: b\u00edl\u00e9<\/span><\/p>\n<p><span style=\"font-weight: 400\">Ro\u010dn\u00edk: 2020<\/span><\/p>\n<p><span style=\"font-weight: 400\">Alkohol: <\/span><span style=\"font-weight: 400\">12,0 % obj.<\/span><\/p>\n<p><span style=\"font-weight: 400\">Obsah lahve: 0,75 l<\/span><\/p>\n<p><span style=\"font-weight: 400\">Obsahuje: oxid si\u0159i\u010dit\u00fd<\/span><\/p>\n","protected":false},"excerpt":{"rendered":"<p><b>Chardonnay nab\u00edz\u00ed sv\u011btlou barvu a elegantn\u00ed profil. Ve v\u016fni se objevuj\u00ed t\u00f3ny l\u00edskov\u00fdch o\u0159\u00ed\u0161k\u016f a jemn\u00e9ho ovoce, v chuti je p\u0159\u00edjemn\u011b \u0161\u0165avnat\u00e9 s lehkou ko\u0159enitou stopou a dobrou vyv\u00e1\u017eenost\u00ed. Skv\u011ble se hod\u00ed k p\u0159edkrm\u016fm, ryb\u00e1m s b\u00edlou om\u00e1\u010dkou nebo uzen\u00e9 ryb\u011b.<\/b><\/p>\n<p><br style=\"font-weight: 400\" \/><br style=\"font-weight: 400\" \/><\/p>\n","protected":false},"featured_media":6904,"comment_status":"open","ping_status":"closed","template":"","meta":[],"product_brand":[1889],"product_cat":[1888,1884],"product_tag":[1900,1906,1907,1905],"class_list":{"0":"post-6902","1":"product","2":"type-product","3":"status-publish","4":"has-post-thumbnail","6":"product_brand-vinarske-poklady-z-moravy","7":"product_cat-bila-vina-vina-z-moravy","8":"product_cat-vina-z-moravy","9":"product_tag-bile","10":"product_tag-chardonnay","11":"product_tag-ovocne","12":"product_tag-polosuche","14":"first","15":"instock","16":"sale","17":"taxable","18":"shipping-taxable","19":"purchasable","20":"product-type-simple"},"jetpack_sharing_enabled":true,"_links":{"self":[{"href":"https:\/\/etev7e.pef.czu.cz\/zs2223\/wp-json\/wp\/v2\/product\/6902","targetHints":{"allow":["GET"]}}],"collection":[{"href":"https:\/\/etev7e.pef.czu.cz\/zs2223\/wp-json\/wp\/v2\/product"}],"about":[{"href":"https:\/\/etev7e.pef.czu.cz\/zs2223\/wp-json\/wp\/v2\/types\/product"}],"replies":[{"embeddable":true,"href":"https:\/\/etev7e.pef.czu.cz\/zs2223\/wp-json\/wp\/v2\/comments?post=6902"}],"wp:featuredmedia":[{"embeddable":true,"href":"https:\/\/etev7e.pef.czu.cz\/zs2223\/wp-json\/wp\/v2\/media\/6904"}],"wp:attachment":[{"href":"https:\/\/etev7e.pef.czu.cz\/zs2223\/wp-json\/wp\/v2\/media?parent=6902"}],"wp:term":[{"taxonomy":"product_brand","embeddable":true,"href":"https:\/\/etev7e.pef.czu.cz\/zs2223\/wp-json\/wp\/v2\/product_brand?post=6902"},{"taxonomy":"product_cat","embeddable":true,"href":"https:\/\/etev7e.pef.czu.cz\/zs2223\/wp-json\/wp\/v2\/product_cat?post=6902"},{"taxonomy":"product_tag","embeddable":true,"href":"https:\/\/etev7e.pef.czu.cz\/zs2223\/wp-json\/wp\/v2\/product_tag?post=6902"}],"curies":[{"name":"wp","href":"https:\/\/api.w.org\/{rel}","templated":true}]}}