{"id":6905,"date":"2025-11-05T11:04:12","date_gmt":"2025-11-05T10:04:12","guid":{"rendered":"https:\/\/etev7e.pef.czu.cz\/zs2223\/?post_type=product&#038;p=6905"},"modified":"2025-11-05T11:04:29","modified_gmt":"2025-11-05T10:04:29","slug":"palava","status":"publish","type":"product","link":"https:\/\/etev7e.pef.czu.cz\/zs2223\/produkt\/palava\/","title":{"rendered":"P\u00e1lava"},"content":{"rendered":"<p><span style=\"font-weight: 400\">Odr\u016fda: P\u00e1lava<\/span><\/p>\n<p><span style=\"font-weight: 400\">Kategorie: polosladk\u00e9<\/span><\/p>\n<p><span style=\"font-weight: 400\">Barva v\u00edna: b\u00edl\u00e9<\/span><\/p>\n<p><span style=\"font-weight: 400\">Ro\u010dn\u00edk: 2023<\/span><\/p>\n<p><span style=\"font-weight: 400\">Alkohol: <\/span><span style=\"font-weight: 400\">11,5 % obj.<\/span><\/p>\n<p><span style=\"font-weight: 400\">Obsah lahve: 0,75 l<\/span><\/p>\n<p><span style=\"font-weight: 400\">Obsahuje: <\/span><span style=\"font-weight: 400\">oxid si\u0159i\u010dit\u00fd <\/span><\/p>\n","protected":false},"excerpt":{"rendered":"<p><b>Tato P\u00e1lava m\u00e1 jisk\u0159ivou, sl\u00e1mov\u011b zlatou barvu a v\u00fdrazn\u00e9, pestr\u00e9 aroma s t\u00f3ny kv\u011btin, m\u00e1ty, sladk\u00e9ho ko\u0159en\u00ed a zral\u00fdch citrus\u016f. V chuti je \u0161\u0165avnat\u00e9, s n\u00e1dechem \u010derven\u00e9ho pomeran\u010de, jemnou ko\u0159enitost\u00ed a v\u00fdrazn\u011bj\u0161\u00ed kyselinkou, kter\u00e1 vyrovn\u00e1v\u00e1 vy\u0161\u0161\u00ed obsah zbytkov\u00e9ho cukru.<\/b><\/p>\n<p><br style=\"font-weight: 400\" \/><br style=\"font-weight: 400\" \/><\/p>\n","protected":false},"featured_media":6906,"comment_status":"open","ping_status":"closed","template":"","meta":[],"product_brand":[1889],"product_cat":[1888,1884],"product_tag":[1900,1896,1909,1908],"class_list":{"0":"post-6905","1":"product","2":"type-product","3":"status-publish","4":"has-post-thumbnail","6":"product_brand-vinarske-poklady-z-moravy","7":"product_cat-bila-vina-vina-z-moravy","8":"product_cat-vina-z-moravy","9":"product_tag-bile","10":"product_tag-moravske","11":"product_tag-palava","12":"product_tag-polosladke","14":"first","15":"instock","16":"sale","17":"taxable","18":"shipping-taxable","19":"purchasable","20":"product-type-simple"},"jetpack_sharing_enabled":true,"_links":{"self":[{"href":"https:\/\/etev7e.pef.czu.cz\/zs2223\/wp-json\/wp\/v2\/product\/6905","targetHints":{"allow":["GET"]}}],"collection":[{"href":"https:\/\/etev7e.pef.czu.cz\/zs2223\/wp-json\/wp\/v2\/product"}],"about":[{"href":"https:\/\/etev7e.pef.czu.cz\/zs2223\/wp-json\/wp\/v2\/types\/product"}],"replies":[{"embeddable":true,"href":"https:\/\/etev7e.pef.czu.cz\/zs2223\/wp-json\/wp\/v2\/comments?post=6905"}],"wp:featuredmedia":[{"embeddable":true,"href":"https:\/\/etev7e.pef.czu.cz\/zs2223\/wp-json\/wp\/v2\/media\/6906"}],"wp:attachment":[{"href":"https:\/\/etev7e.pef.czu.cz\/zs2223\/wp-json\/wp\/v2\/media?parent=6905"}],"wp:term":[{"taxonomy":"product_brand","embeddable":true,"href":"https:\/\/etev7e.pef.czu.cz\/zs2223\/wp-json\/wp\/v2\/product_brand?post=6905"},{"taxonomy":"product_cat","embeddable":true,"href":"https:\/\/etev7e.pef.czu.cz\/zs2223\/wp-json\/wp\/v2\/product_cat?post=6905"},{"taxonomy":"product_tag","embeddable":true,"href":"https:\/\/etev7e.pef.czu.cz\/zs2223\/wp-json\/wp\/v2\/product_tag?post=6905"}],"curies":[{"name":"wp","href":"https:\/\/api.w.org\/{rel}","templated":true}]}}