{"id":6907,"date":"2025-11-04T21:06:58","date_gmt":"2025-11-04T20:06:58","guid":{"rendered":"https:\/\/etev7e.pef.czu.cz\/zs2223\/?post_type=product&#038;p=6907"},"modified":"2025-11-05T14:24:11","modified_gmt":"2025-11-05T13:24:11","slug":"6907","status":"publish","type":"product","link":"https:\/\/etev7e.pef.czu.cz\/zs2223\/produkt\/6907\/","title":{"rendered":"K\u00e1vovar Aura 2050"},"content":{"rendered":"<h4><strong>K\u00e1vovar Aura 2050<\/strong><\/h4>\n<p>Chytr\u00fd k\u00e1vovar, intuitivn\u00ed dotykov\u00e9 ovl\u00e1d\u00e1n\u00ed, nastaven\u00ed intenzity k\u00e1vy, v\u00fdkon: 1500 W, materi\u00e1l: kov (st\u0159\u00edbrn\u00e1 povrchov\u00e1 \u00faprava).<\/p>\n<p>&nbsp;<\/p>\n","protected":false},"excerpt":{"rendered":"<p>K\u00e1vovar Aura 2050 Chytr\u00fd k\u00e1vovar, intuitivn\u00ed dotykov\u00e9 ovl\u00e1d\u00e1n\u00ed, nastaven\u00ed intenzity k\u00e1vy, v\u00fdkon: 1500 W, materi\u00e1l: kov (st\u0159\u00edbrn\u00e1 povrchov\u00e1 \u00faprava). &nbsp;<\/p>\n","protected":false},"featured_media":6910,"comment_status":"open","ping_status":"closed","template":"","meta":[],"product_brand":[],"product_cat":[1871],"product_tag":[1667],"class_list":{"0":"post-6907","1":"product","2":"type-product","3":"status-publish","4":"has-post-thumbnail","6":"product_cat-domaci-elektro-10","7":"product_tag-domaci-spotrebic","9":"first","10":"instock","11":"sale","12":"taxable","13":"shipping-taxable","14":"purchasable","15":"product-type-simple"},"jetpack_sharing_enabled":true,"_links":{"self":[{"href":"https:\/\/etev7e.pef.czu.cz\/zs2223\/wp-json\/wp\/v2\/product\/6907","targetHints":{"allow":["GET"]}}],"collection":[{"href":"https:\/\/etev7e.pef.czu.cz\/zs2223\/wp-json\/wp\/v2\/product"}],"about":[{"href":"https:\/\/etev7e.pef.czu.cz\/zs2223\/wp-json\/wp\/v2\/types\/product"}],"replies":[{"embeddable":true,"href":"https:\/\/etev7e.pef.czu.cz\/zs2223\/wp-json\/wp\/v2\/comments?post=6907"}],"wp:featuredmedia":[{"embeddable":true,"href":"https:\/\/etev7e.pef.czu.cz\/zs2223\/wp-json\/wp\/v2\/media\/6910"}],"wp:attachment":[{"href":"https:\/\/etev7e.pef.czu.cz\/zs2223\/wp-json\/wp\/v2\/media?parent=6907"}],"wp:term":[{"taxonomy":"product_brand","embeddable":true,"href":"https:\/\/etev7e.pef.czu.cz\/zs2223\/wp-json\/wp\/v2\/product_brand?post=6907"},{"taxonomy":"product_cat","embeddable":true,"href":"https:\/\/etev7e.pef.czu.cz\/zs2223\/wp-json\/wp\/v2\/product_cat?post=6907"},{"taxonomy":"product_tag","embeddable":true,"href":"https:\/\/etev7e.pef.czu.cz\/zs2223\/wp-json\/wp\/v2\/product_tag?post=6907"}],"curies":[{"name":"wp","href":"https:\/\/api.w.org\/{rel}","templated":true}]}}