{"id":6908,"date":"2025-11-05T10:57:10","date_gmt":"2025-11-05T09:57:10","guid":{"rendered":"https:\/\/etev7e.pef.czu.cz\/zs2223\/?post_type=product&#038;p=6908"},"modified":"2025-11-05T11:00:07","modified_gmt":"2025-11-05T10:00:07","slug":"muller-thurgau","status":"publish","type":"product","link":"https:\/\/etev7e.pef.czu.cz\/zs2223\/produkt\/muller-thurgau\/","title":{"rendered":"M\u00fcller Thurgau"},"content":{"rendered":"<p><span style=\"font-weight: 400\">Odr\u016fda: M\u00fcller Thurgau<\/span><\/p>\n<p><span style=\"font-weight: 400\">Kategorie: sladk\u00e9<\/span><\/p>\n<p><span style=\"font-weight: 400\">Barva v\u00edna: b\u00edl\u00e9<\/span><\/p>\n<p><span style=\"font-weight: 400\">Ro\u010dn\u00edk: 2021<\/span><\/p>\n<p><span style=\"font-weight: 400\">Alkohol: <\/span><span style=\"font-weight: 400\">11,5 % obj.<\/span><\/p>\n<p><span style=\"font-weight: 400\">Obsah lahve: 0,75 l<\/span><\/p>\n<p><span style=\"font-weight: 400\">Obsahuje: <\/span><span style=\"font-weight: 400\">oxid si\u0159i\u010dit\u00fd<\/span><\/p>\n","protected":false},"excerpt":{"rendered":"<p><b>Toto okouzluj\u00edc\u00ed v\u00edno se py\u0161n\u00ed zlatav\u011b zelenkav\u00fdm odst\u00ednem a v\u00fdraznou v\u016fn\u00ed i chut\u00ed, kter\u00e9 jsou v\u00fdsledkem c\u00edlen\u00e9 redukce hrozn\u016f na vinici, d\u00edky n\u00ed\u017e vynikl jedine\u010dn\u00fd charakter odr\u016fdy. Bohat\u00e1 paleta aromat zahrnuje kv\u011btinov\u00e9, citrusov\u00e9, ananasov\u00e9 a medov\u00e9 t\u00f3ny. V pln\u00e9 a komplexn\u00ed chuti dominuje medovost a vy\u0161\u0161\u00ed zbytkov\u00fd cukr, dopln\u011bn\u00e9 jemn\u00fdm dotykem vanilky a sv\u011b\u017e\u00edm ko\u0159enit\u00fdm z\u00e1v\u011brem v dokonale vyv\u00e1\u017een\u00e9 harmonii.<\/b><\/p>\n","protected":false},"featured_media":6909,"comment_status":"open","ping_status":"closed","template":"","meta":[],"product_brand":[1889],"product_cat":[1888,1884],"product_tag":[1900,1902,1903,1901,1022],"class_list":{"0":"post-6908","1":"product","2":"type-product","3":"status-publish","4":"has-post-thumbnail","6":"product_brand-vinarske-poklady-z-moravy","7":"product_cat-bila-vina-vina-z-moravy","8":"product_cat-vina-z-moravy","9":"product_tag-bile","10":"product_tag-dezertni","11":"product_tag-jemne","12":"product_tag-mullerthurgau","13":"product_tag-sladke","15":"first","16":"instock","17":"sale","18":"taxable","19":"shipping-taxable","20":"purchasable","21":"product-type-simple"},"jetpack_sharing_enabled":true,"_links":{"self":[{"href":"https:\/\/etev7e.pef.czu.cz\/zs2223\/wp-json\/wp\/v2\/product\/6908","targetHints":{"allow":["GET"]}}],"collection":[{"href":"https:\/\/etev7e.pef.czu.cz\/zs2223\/wp-json\/wp\/v2\/product"}],"about":[{"href":"https:\/\/etev7e.pef.czu.cz\/zs2223\/wp-json\/wp\/v2\/types\/product"}],"replies":[{"embeddable":true,"href":"https:\/\/etev7e.pef.czu.cz\/zs2223\/wp-json\/wp\/v2\/comments?post=6908"}],"wp:featuredmedia":[{"embeddable":true,"href":"https:\/\/etev7e.pef.czu.cz\/zs2223\/wp-json\/wp\/v2\/media\/6909"}],"wp:attachment":[{"href":"https:\/\/etev7e.pef.czu.cz\/zs2223\/wp-json\/wp\/v2\/media?parent=6908"}],"wp:term":[{"taxonomy":"product_brand","embeddable":true,"href":"https:\/\/etev7e.pef.czu.cz\/zs2223\/wp-json\/wp\/v2\/product_brand?post=6908"},{"taxonomy":"product_cat","embeddable":true,"href":"https:\/\/etev7e.pef.czu.cz\/zs2223\/wp-json\/wp\/v2\/product_cat?post=6908"},{"taxonomy":"product_tag","embeddable":true,"href":"https:\/\/etev7e.pef.czu.cz\/zs2223\/wp-json\/wp\/v2\/product_tag?post=6908"}],"curies":[{"name":"wp","href":"https:\/\/api.w.org\/{rel}","templated":true}]}}