{"id":6911,"date":"2025-11-04T21:05:36","date_gmt":"2025-11-04T20:05:36","guid":{"rendered":"https:\/\/etev7e.pef.czu.cz\/zs2223\/?post_type=product&#038;p=6911"},"modified":"2025-11-04T23:56:38","modified_gmt":"2025-11-04T22:56:38","slug":"lumina-cistici-a-hydratacni-serum","status":"publish","type":"product","link":"https:\/\/etev7e.pef.czu.cz\/zs2223\/produkt\/lumina-cistici-a-hydratacni-serum\/","title":{"rendered":"LUMINA \u010cistic\u00ed a hydrata\u010dn\u00ed s\u00e9rum"},"content":{"rendered":"<p>\u010cistic\u00ed a hydrata\u010dn\u00ed s\u00e9rum je <strong data-start=\"1083\" data-end=\"1127\">koncentrovan\u00e1 esence \u010distoty a rovnov\u00e1hy<\/strong>. Vyvinuto pro modern\u00ed \u017eeny, kter\u00e9 cht\u011bj\u00ed dos\u00e1hnout p\u0159irozen\u00e9ho, zdrav\u00e9ho a rozjasn\u011bn\u00e9ho vzhledu bez zbyte\u010dn\u00fdch kompromis\u016f.<br data-start=\"1250\" data-end=\"1253\" \/>Obsahuje <strong data-start=\"1262\" data-end=\"1319\">niacinamid, kyselinu hyaluronovou a v\u00fdta\u017eek z jasm\u00ednu<\/strong>, kter\u00e9 spole\u010dn\u011b obnovuj\u00ed ko\u017en\u00ed bari\u00e9ru, redukuj\u00ed zarudnut\u00ed a zlep\u0161uj\u00ed texturu pleti.<br data-start=\"1404\" data-end=\"1407\" \/>Bez alkoholu, parfemace a paraben\u016f \u2013 jen \u010dist\u00e1 s\u00edla aktivn\u00edch l\u00e1tek, kter\u00e9 pronikaj\u00ed hluboko do poko\u017eky a zaji\u0161\u0165uj\u00ed <strong data-start=\"1523\" data-end=\"1566\">dlouhotrvaj\u00edc\u00ed hydrataci a\u017e na 24 hodin<\/strong>.<br data-start=\"1567\" data-end=\"1570\" \/>Ple\u0165 je po pou\u017eit\u00ed hladk\u00e1, jemn\u00e1 a p\u0159irozen\u011b rozjasn\u011bn\u00e1 \u2013 jako by byla osv\u011btlena zevnit\u0159.<\/p>\n<p data-start=\"1615\" data-end=\"1630\"><strong data-start=\"1615\" data-end=\"1628\">Varianty:<\/strong><\/p>\n<ul data-start=\"1631\" data-end=\"1697\">\n<li data-start=\"1631\" data-end=\"1655\">\n<p data-start=\"1633\" data-end=\"1655\">Objem: 50 ml<\/p>\n<\/li>\n<li data-start=\"1656\" data-end=\"1697\">\n<p data-start=\"1658\" data-end=\"1697\">Typ pleti: norm\u00e1ln\u00ed \/ such\u00e1 \/ citliv\u00e1<\/p>\n<\/li>\n<\/ul>\n<p data-start=\"1699\" data-end=\"1786\"><strong data-start=\"1699\" data-end=\"1713\">Kategorie:<\/strong> P\u00e9\u010de o ple\u0165<br data-start=\"1725\" data-end=\"1728\" \/><strong data-start=\"1728\" data-end=\"1739\">\u0160t\u00edtky:<\/strong> s\u00e9rum, hydratace, niacinamid, jasm\u00edn, LUMINA<\/p>\n","protected":false},"excerpt":{"rendered":"<p>LUMINA \u010cistic\u00ed a hydrata\u010dn\u00ed s\u00e9rum je <strong data-start=\"1083\" data-end=\"1127\">koncentrovan\u00e1 esence \u010distoty a rovnov\u00e1hy<\/strong>. Vyvinuto pro modern\u00ed \u017eeny, kter\u00e9 cht\u011bj\u00ed dos\u00e1hnout p\u0159irozen\u00e9ho, zdrav\u00e9ho a rozjasn\u011bn\u00e9ho vzhledu bez zbyte\u010dn\u00fdch kompromis\u016f.<br data-start=\"1250\" data-end=\"1253\" \/>Obsahuje <strong data-start=\"1262\" data-end=\"1319\">niacinamid, kyselinu hyaluronovou a v\u00fdta\u017eek z jasm\u00ednu<\/strong>, kter\u00e9 spole\u010dn\u011b obnovuj\u00ed ko\u017en\u00ed bari\u00e9ru, redukuj\u00ed zarudnut\u00ed a zlep\u0161uj\u00ed texturu pleti.<br data-start=\"1404\" data-end=\"1407\" \/>Bez alkoholu, parfemace a paraben\u016f \u2013 jen \u010dist\u00e1 s\u00edla aktivn\u00edch l\u00e1tek, kter\u00e9 pronikaj\u00ed hluboko do poko\u017eky a zaji\u0161\u0165uj\u00ed <strong data-start=\"1523\" data-end=\"1566\">dlouhotrvaj\u00edc\u00ed hydrataci a\u017e na 24 hodin<\/strong>.<br data-start=\"1567\" data-end=\"1570\" \/>Ple\u0165 je po pou\u017eit\u00ed hladk\u00e1, jemn\u00e1 a p\u0159irozen\u011b rozjasn\u011bn\u00e1 \u2013 jako by byla osv\u011btlena zevnit\u0159.<\/p>\n","protected":false},"featured_media":6912,"comment_status":"open","ping_status":"closed","template":"","meta":[],"product_brand":[1890],"product_cat":[753,936],"product_tag":[997],"class_list":{"0":"post-6911","1":"product","2":"type-product","3":"status-publish","4":"has-post-thumbnail","6":"product_brand-lumina","7":"product_cat-drogerie","8":"product_cat-pece-o-telo","9":"product_tag-drogerie","11":"first","12":"instock","13":"sale","14":"taxable","15":"shipping-taxable","16":"purchasable","17":"product-type-simple"},"jetpack_sharing_enabled":true,"_links":{"self":[{"href":"https:\/\/etev7e.pef.czu.cz\/zs2223\/wp-json\/wp\/v2\/product\/6911","targetHints":{"allow":["GET"]}}],"collection":[{"href":"https:\/\/etev7e.pef.czu.cz\/zs2223\/wp-json\/wp\/v2\/product"}],"about":[{"href":"https:\/\/etev7e.pef.czu.cz\/zs2223\/wp-json\/wp\/v2\/types\/product"}],"replies":[{"embeddable":true,"href":"https:\/\/etev7e.pef.czu.cz\/zs2223\/wp-json\/wp\/v2\/comments?post=6911"}],"wp:featuredmedia":[{"embeddable":true,"href":"https:\/\/etev7e.pef.czu.cz\/zs2223\/wp-json\/wp\/v2\/media\/6912"}],"wp:attachment":[{"href":"https:\/\/etev7e.pef.czu.cz\/zs2223\/wp-json\/wp\/v2\/media?parent=6911"}],"wp:term":[{"taxonomy":"product_brand","embeddable":true,"href":"https:\/\/etev7e.pef.czu.cz\/zs2223\/wp-json\/wp\/v2\/product_brand?post=6911"},{"taxonomy":"product_cat","embeddable":true,"href":"https:\/\/etev7e.pef.czu.cz\/zs2223\/wp-json\/wp\/v2\/product_cat?post=6911"},{"taxonomy":"product_tag","embeddable":true,"href":"https:\/\/etev7e.pef.czu.cz\/zs2223\/wp-json\/wp\/v2\/product_tag?post=6911"}],"curies":[{"name":"wp","href":"https:\/\/api.w.org\/{rel}","templated":true}]}}