{"id":6916,"date":"2025-11-04T21:22:43","date_gmt":"2025-11-04T20:22:43","guid":{"rendered":"https:\/\/etev7e.pef.czu.cz\/zs2223\/?post_type=product&#038;p=6916"},"modified":"2025-11-04T23:58:36","modified_gmt":"2025-11-04T22:58:36","slug":"lumina-telove-mleko-s-hedvabnou-texturou","status":"publish","type":"product","link":"https:\/\/etev7e.pef.czu.cz\/zs2223\/produkt\/lumina-telove-mleko-s-hedvabnou-texturou\/","title":{"rendered":"LUMINA T\u011blov\u00e9 ml\u00e9ko s hedv\u00e1bnou texturou"},"content":{"rendered":"<p>Luxusn\u00ed <strong data-start=\"1753\" data-end=\"1780\">LUMINA Silk Body Lotion<\/strong> prom\u011bn\u00ed ka\u017edodenn\u00ed p\u00e9\u010di v smyslov\u00fd z\u00e1\u017eitek. Jeho lehk\u00e1, hedv\u00e1bn\u00e1 textura se okam\u017eit\u011b vst\u0159eb\u00e1v\u00e1 a zanech\u00e1v\u00e1 poko\u017eku <strong data-start=\"1896\" data-end=\"1959\">sametov\u011b hebkou, vy\u017eivenou a provon\u011bnou jemnou v\u016fn\u00ed \u010distoty<\/strong>.<br data-start=\"1960\" data-end=\"1963\" \/>Obsahuje <strong data-start=\"1972\" data-end=\"2017\">bambuck\u00e9 m\u00e1slo, arganov\u00fd olej a vitamin E<\/strong>, kter\u00e9 poko\u017eku intenzivn\u011b hydratuj\u00ed, zlep\u0161uj\u00ed jej\u00ed elasticitu a chr\u00e1n\u00ed ji p\u0159ed vysu\u0161ov\u00e1n\u00edm.<br data-start=\"2109\" data-end=\"2112\" \/>P\u0159i pravideln\u00e9m pou\u017e\u00edv\u00e1n\u00ed se poko\u017eka st\u00e1v\u00e1 pevn\u011bj\u0161\u00ed, jemn\u011bj\u0161\u00ed a z\u00edsk\u00e1v\u00e1 zdrav\u00fd p\u0159irozen\u00fd lesk.<br data-start=\"2206\" data-end=\"2209\" \/>Ide\u00e1ln\u00ed po koupeli, opalov\u00e1n\u00ed nebo kdykoli, kdy si chcete dop\u0159\u00e1t dotek luxusu a klidu.<\/p>\n<p data-start=\"2350\" data-end=\"2365\"><strong data-start=\"2350\" data-end=\"2363\">Varianty:<\/strong><\/p>\n<ul data-start=\"2366\" data-end=\"2426\">\n<li data-start=\"2366\" data-end=\"2392\">\n<p data-start=\"2368\" data-end=\"2392\">Objem: 400 ml<\/p>\n<\/li>\n<li data-start=\"2393\" data-end=\"2426\">\n<p data-start=\"2395\" data-end=\"2426\">Typ poko\u017eky: norm\u00e1ln\u00ed \/ such\u00e1<\/p>\n<\/li>\n<\/ul>\n<p data-start=\"2428\" data-end=\"2517\"><strong data-start=\"2428\" data-end=\"2442\">Kategorie:<\/strong> P\u00e9\u010de o t\u011blo<br data-start=\"2454\" data-end=\"2457\" \/><strong data-start=\"2457\" data-end=\"2468\">\u0160t\u00edtky:<\/strong> t\u011blov\u00e9 ml\u00e9ko, hydratace, arganov\u00fd olej, LUMINA<\/p>\n","protected":false},"excerpt":{"rendered":"<p>Luxusn\u00ed <strong data-start=\"1753\" data-end=\"1780\">LUMINA Silk Body Lotion<\/strong> prom\u011bn\u00ed ka\u017edodenn\u00ed p\u00e9\u010di v smyslov\u00fd z\u00e1\u017eitek. Jeho lehk\u00e1, hedv\u00e1bn\u00e1 textura se okam\u017eit\u011b vst\u0159eb\u00e1v\u00e1 a zanech\u00e1v\u00e1 poko\u017eku <strong data-start=\"1896\" data-end=\"1959\">sametov\u011b hebkou, vy\u017eivenou a provon\u011bnou jemnou v\u016fn\u00ed \u010distoty<\/strong>.<br data-start=\"1960\" data-end=\"1963\" \/>Obsahuje <strong data-start=\"1972\" data-end=\"2017\">bambuck\u00e9 m\u00e1slo, arganov\u00fd olej a vitamin E<\/strong>, kter\u00e9 poko\u017eku intenzivn\u011b hydratuj\u00ed, zlep\u0161uj\u00ed jej\u00ed elasticitu a chr\u00e1n\u00ed ji p\u0159ed vysu\u0161ov\u00e1n\u00edm.<br data-start=\"2109\" data-end=\"2112\" \/>P\u0159i pravideln\u00e9m pou\u017e\u00edv\u00e1n\u00ed se poko\u017eka st\u00e1v\u00e1 pevn\u011bj\u0161\u00ed, jemn\u011bj\u0161\u00ed a z\u00edsk\u00e1v\u00e1 zdrav\u00fd p\u0159irozen\u00fd lesk.<br data-start=\"2206\" data-end=\"2209\" \/>Ide\u00e1ln\u00ed po koupeli, opalov\u00e1n\u00ed nebo kdykoli, kdy si chcete dop\u0159\u00e1t dotek luxusu a klidu.<\/p>\n","protected":false},"featured_media":6917,"comment_status":"open","ping_status":"closed","template":"","meta":[],"product_brand":[1890],"product_cat":[753,936],"product_tag":[997],"class_list":{"0":"post-6916","1":"product","2":"type-product","3":"status-publish","4":"has-post-thumbnail","6":"product_brand-lumina","7":"product_cat-drogerie","8":"product_cat-pece-o-telo","9":"product_tag-drogerie","11":"first","12":"instock","13":"sale","14":"taxable","15":"shipping-taxable","16":"purchasable","17":"product-type-simple"},"jetpack_sharing_enabled":true,"_links":{"self":[{"href":"https:\/\/etev7e.pef.czu.cz\/zs2223\/wp-json\/wp\/v2\/product\/6916","targetHints":{"allow":["GET"]}}],"collection":[{"href":"https:\/\/etev7e.pef.czu.cz\/zs2223\/wp-json\/wp\/v2\/product"}],"about":[{"href":"https:\/\/etev7e.pef.czu.cz\/zs2223\/wp-json\/wp\/v2\/types\/product"}],"replies":[{"embeddable":true,"href":"https:\/\/etev7e.pef.czu.cz\/zs2223\/wp-json\/wp\/v2\/comments?post=6916"}],"wp:featuredmedia":[{"embeddable":true,"href":"https:\/\/etev7e.pef.czu.cz\/zs2223\/wp-json\/wp\/v2\/media\/6917"}],"wp:attachment":[{"href":"https:\/\/etev7e.pef.czu.cz\/zs2223\/wp-json\/wp\/v2\/media?parent=6916"}],"wp:term":[{"taxonomy":"product_brand","embeddable":true,"href":"https:\/\/etev7e.pef.czu.cz\/zs2223\/wp-json\/wp\/v2\/product_brand?post=6916"},{"taxonomy":"product_cat","embeddable":true,"href":"https:\/\/etev7e.pef.czu.cz\/zs2223\/wp-json\/wp\/v2\/product_cat?post=6916"},{"taxonomy":"product_tag","embeddable":true,"href":"https:\/\/etev7e.pef.czu.cz\/zs2223\/wp-json\/wp\/v2\/product_tag?post=6916"}],"curies":[{"name":"wp","href":"https:\/\/api.w.org\/{rel}","templated":true}]}}