{"id":6918,"date":"2025-11-04T21:22:54","date_gmt":"2025-11-04T20:22:54","guid":{"rendered":"https:\/\/etev7e.pef.czu.cz\/zs2223\/?post_type=product&#038;p=6918"},"modified":"2025-11-04T23:59:04","modified_gmt":"2025-11-04T22:59:04","slug":"lumina-vyzivujici-krem-na-ruce","status":"publish","type":"product","link":"https:\/\/etev7e.pef.czu.cz\/zs2223\/produkt\/lumina-vyzivujici-krem-na-ruce\/","title":{"rendered":"LUMINA Vy\u017eivuj\u00edc\u00ed kr\u00e9m na ruce"},"content":{"rendered":"<p>Jemn\u00fd, ale \u00fa\u010dinn\u00fd <strong data-start=\"2389\" data-end=\"2430\">kr\u00e9m na ruce LUMINA Velvet Hand Cream<\/strong> poskytuje okam\u017eitou \u00falevu such\u00e9 a nam\u00e1han\u00e9 poko\u017ece. Jeho bohat\u00e9 slo\u017een\u00ed s <strong data-start=\"2505\" data-end=\"2550\">arganov\u00fdm olejem, aloe vera a vitam\u00ednem E<\/strong> regeneruje, vy\u017eivuje a chr\u00e1n\u00ed ruce p\u0159ed negativn\u00edmi vn\u011bj\u0161\u00edmi vlivy.<br data-start=\"2618\" data-end=\"2621\" \/>Kr\u00e9m se rychle vst\u0159eb\u00e1v\u00e1, ani\u017e by zanech\u00e1val mastn\u00fd film, a zanech\u00e1v\u00e1 pocit hebkosti a komfortu, kter\u00fd p\u0159etrv\u00e1v\u00e1 po cel\u00fd den.<br data-start=\"2746\" data-end=\"2749\" \/>Je ide\u00e1ln\u00edm spole\u010dn\u00edkem nejen do chladn\u00e9ho po\u010das\u00ed \u2013 jemn\u00e1 v\u016fn\u011b a sametov\u00e1 textura d\u011blaj\u00ed z ka\u017ed\u00e9ho pou\u017eit\u00ed mal\u00fd ritu\u00e1l elegance.<\/p>\n<p data-start=\"3044\" data-end=\"3059\"><strong data-start=\"3044\" data-end=\"3057\">Varianty:<\/strong><\/p>\n<ul data-start=\"3060\" data-end=\"3118\">\n<li data-start=\"3060\" data-end=\"3084\">\n<p data-start=\"3062\" data-end=\"3084\">Objem: 75 ml<\/p>\n<\/li>\n<li data-start=\"3085\" data-end=\"3118\">\n<p data-start=\"3087\" data-end=\"3118\">V\u016fn\u011b: jasm\u00edn \/ r\u016f\u017ee \/ vanilka<\/p>\n<\/li>\n<\/ul>\n<p data-start=\"3120\" data-end=\"3209\"><strong data-start=\"3120\" data-end=\"3134\">Kategorie:<\/strong> P\u00e9\u010de o ruce<br data-start=\"3146\" data-end=\"3149\" \/><strong data-start=\"3149\" data-end=\"3160\">\u0160t\u00edtky:<\/strong> kr\u00e9m na ruce, hydratace, arganov\u00fd olej, LUMINA<\/p>\n","protected":false},"excerpt":{"rendered":"<p>Jemn\u00fd, ale \u00fa\u010dinn\u00fd <strong data-start=\"2389\" data-end=\"2430\">kr\u00e9m na ruce LUMINA Velvet Hand Cream<\/strong> poskytuje okam\u017eitou \u00falevu such\u00e9 a nam\u00e1han\u00e9 poko\u017ece. Jeho bohat\u00e9 slo\u017een\u00ed s <strong data-start=\"2505\" data-end=\"2550\">arganov\u00fdm olejem, aloe vera a vitam\u00ednem E<\/strong> regeneruje, vy\u017eivuje a chr\u00e1n\u00ed ruce p\u0159ed negativn\u00edmi vn\u011bj\u0161\u00edmi vlivy.<br data-start=\"2618\" data-end=\"2621\" \/>Kr\u00e9m se rychle vst\u0159eb\u00e1v\u00e1, ani\u017e by zanech\u00e1val mastn\u00fd film, a zanech\u00e1v\u00e1 pocit hebkosti a komfortu, kter\u00fd p\u0159etrv\u00e1v\u00e1 po cel\u00fd den.<br data-start=\"2746\" data-end=\"2749\" \/>Je ide\u00e1ln\u00edm spole\u010dn\u00edkem nejen do chladn\u00e9ho po\u010das\u00ed \u2013 jemn\u00e1 v\u016fn\u011b a sametov\u00e1 textura d\u011blaj\u00ed z ka\u017ed\u00e9ho pou\u017eit\u00ed mal\u00fd ritu\u00e1l elegance.<\/p>\n","protected":false},"featured_media":6919,"comment_status":"open","ping_status":"closed","template":"","meta":[],"product_brand":[1890],"product_cat":[753,936],"product_tag":[997],"class_list":{"0":"post-6918","1":"product","2":"type-product","3":"status-publish","4":"has-post-thumbnail","6":"product_brand-lumina","7":"product_cat-drogerie","8":"product_cat-pece-o-telo","9":"product_tag-drogerie","11":"first","12":"instock","13":"sale","14":"taxable","15":"shipping-taxable","16":"purchasable","17":"product-type-simple"},"jetpack_sharing_enabled":true,"_links":{"self":[{"href":"https:\/\/etev7e.pef.czu.cz\/zs2223\/wp-json\/wp\/v2\/product\/6918","targetHints":{"allow":["GET"]}}],"collection":[{"href":"https:\/\/etev7e.pef.czu.cz\/zs2223\/wp-json\/wp\/v2\/product"}],"about":[{"href":"https:\/\/etev7e.pef.czu.cz\/zs2223\/wp-json\/wp\/v2\/types\/product"}],"replies":[{"embeddable":true,"href":"https:\/\/etev7e.pef.czu.cz\/zs2223\/wp-json\/wp\/v2\/comments?post=6918"}],"wp:featuredmedia":[{"embeddable":true,"href":"https:\/\/etev7e.pef.czu.cz\/zs2223\/wp-json\/wp\/v2\/media\/6919"}],"wp:attachment":[{"href":"https:\/\/etev7e.pef.czu.cz\/zs2223\/wp-json\/wp\/v2\/media?parent=6918"}],"wp:term":[{"taxonomy":"product_brand","embeddable":true,"href":"https:\/\/etev7e.pef.czu.cz\/zs2223\/wp-json\/wp\/v2\/product_brand?post=6918"},{"taxonomy":"product_cat","embeddable":true,"href":"https:\/\/etev7e.pef.czu.cz\/zs2223\/wp-json\/wp\/v2\/product_cat?post=6918"},{"taxonomy":"product_tag","embeddable":true,"href":"https:\/\/etev7e.pef.czu.cz\/zs2223\/wp-json\/wp\/v2\/product_tag?post=6918"}],"curies":[{"name":"wp","href":"https:\/\/api.w.org\/{rel}","templated":true}]}}