{"id":6920,"date":"2025-11-04T21:27:53","date_gmt":"2025-11-04T20:27:53","guid":{"rendered":"https:\/\/etev7e.pef.czu.cz\/zs2223\/?post_type=product&#038;p=6920"},"modified":"2025-11-04T22:39:22","modified_gmt":"2025-11-04T21:39:22","slug":"lumina-parfemova-esence","status":"publish","type":"product","link":"https:\/\/etev7e.pef.czu.cz\/zs2223\/produkt\/lumina-parfemova-esence\/","title":{"rendered":"LUMINA Parf\u00e9mov\u00e1 esence"},"content":{"rendered":"<p>Parf\u00e9mov\u00e1 esence je <strong data-start=\"2973\" data-end=\"3009\">z\u00e1v\u011bre\u010dn\u00fdm dotekem ritu\u00e1lu kr\u00e1sy<\/strong> \u2013 v\u016fn\u00ed, kter\u00e1 propojuje v\u0161echny produkty kolekce v harmonick\u00fd celek.<br data-start=\"3078\" data-end=\"3081\" \/>Otev\u00edr\u00e1 se sv\u011b\u017e\u00edmi t\u00f3ny <strong data-start=\"3105\" data-end=\"3132\">bergamotu a b\u00edl\u00e9ho \u010daje<\/strong>, p\u0159ech\u00e1z\u00ed do srdce tvo\u0159en\u00e9ho <strong data-start=\"3162\" data-end=\"3204\">r\u016f\u017e\u00ed, jasm\u00ednem a kv\u011btem pomeran\u010dovn\u00edku<\/strong>, a uzav\u00edr\u00e1 se <strong data-start=\"3219\" data-end=\"3275\">h\u0159ejiv\u00fdm z\u00e1kladem vanilky, ambry a santalov\u00e9ho d\u0159eva<\/strong>.<br data-start=\"3276\" data-end=\"3279\" \/>Jej\u00ed aroma vyjad\u0159uje \u017eenskost, sebev\u011bdom\u00ed a klid \u2013 <strong data-start=\"3330\" data-end=\"3374\">v\u016fni, kter\u00e1 se p\u0159izp\u016fsob\u00ed va\u0161\u00ed osobnosti<\/strong>.<br data-start=\"3375\" data-end=\"3378\" \/>Elegantn\u00ed flakon se zlatou ma\u0161li\u010dkou symbolizuje \u010distotu, n\u011bhu a s\u00edlu \u2013 tak jako ka\u017ed\u00e1 \u017eena, kter\u00e1 ji nos\u00ed.<\/p>\n<p data-start=\"3728\" data-end=\"3743\"><strong data-start=\"3728\" data-end=\"3741\">Varianty:<\/strong><\/p>\n<ul data-start=\"3744\" data-end=\"3824\">\n<li data-start=\"3744\" data-end=\"3777\">\n<p data-start=\"3746\" data-end=\"3777\">Objem: 50 ml<\/p>\n<\/li>\n<li data-start=\"3778\" data-end=\"3824\">\n<p data-start=\"3780\" data-end=\"3824\">Typ v\u016fn\u011b: kv\u011btinov\u00e1 \/ d\u0159evit\u00e1 \/ orient\u00e1ln\u00ed<\/p>\n<\/li>\n<\/ul>\n<p data-start=\"3826\" data-end=\"3910\"><strong data-start=\"3826\" data-end=\"3840\">Kategorie:<\/strong> Parf\u00e9my<br data-start=\"3848\" data-end=\"3851\" \/><strong data-start=\"3851\" data-end=\"3862\">\u0160t\u00edtky:<\/strong> parf\u00e9m, jasm\u00edn, elegance, LUMINA, d\u00e1msk\u00e1 v\u016fn\u011b<\/p>\n","protected":false},"excerpt":{"rendered":"<p>Parf\u00e9mov\u00e1 esence je <strong data-start=\"2973\" data-end=\"3009\">z\u00e1v\u011bre\u010dn\u00fdm dotekem ritu\u00e1lu kr\u00e1sy<\/strong> \u2013 v\u016fn\u00ed, kter\u00e1 propojuje v\u0161echny produkty kolekce v harmonick\u00fd celek.<br data-start=\"3078\" data-end=\"3081\" \/>Otev\u00edr\u00e1 se sv\u011b\u017e\u00edmi t\u00f3ny <strong data-start=\"3105\" data-end=\"3132\">bergamotu a b\u00edl\u00e9ho \u010daje<\/strong>, p\u0159ech\u00e1z\u00ed do srdce tvo\u0159en\u00e9ho <strong data-start=\"3162\" data-end=\"3204\">r\u016f\u017e\u00ed, jasm\u00ednem a kv\u011btem pomeran\u010dovn\u00edku<\/strong>, a uzav\u00edr\u00e1 se <strong data-start=\"3219\" data-end=\"3275\">h\u0159ejiv\u00fdm z\u00e1kladem vanilky, ambry a santalov\u00e9ho d\u0159eva<\/strong>.<br data-start=\"3276\" data-end=\"3279\" \/>Jej\u00ed aroma vyjad\u0159uje \u017eenskost, sebev\u011bdom\u00ed a klid \u2013 <strong data-start=\"3330\" data-end=\"3374\">v\u016fni, kter\u00e1 se p\u0159izp\u016fsob\u00ed va\u0161\u00ed osobnosti<\/strong>.<br data-start=\"3375\" data-end=\"3378\" \/>Elegantn\u00ed flakon se zlatou ma\u0161li\u010dkou symbolizuje \u010distotu, n\u011bhu a s\u00edlu \u2013 tak jako ka\u017ed\u00e1 \u017eena, kter\u00e1 ji nos\u00ed.<\/p>\n","protected":false},"featured_media":6921,"comment_status":"open","ping_status":"closed","template":"","meta":[],"product_brand":[1890],"product_cat":[753,936],"product_tag":[1096,997,317],"class_list":{"0":"post-6920","1":"product","2":"type-product","3":"status-publish","4":"has-post-thumbnail","6":"product_brand-lumina","7":"product_cat-drogerie","8":"product_cat-pece-o-telo","9":"product_tag-damske-parfemy","10":"product_tag-drogerie","11":"product_tag-vune","13":"first","14":"instock","15":"sale","16":"taxable","17":"shipping-taxable","18":"purchasable","19":"product-type-simple"},"jetpack_sharing_enabled":true,"_links":{"self":[{"href":"https:\/\/etev7e.pef.czu.cz\/zs2223\/wp-json\/wp\/v2\/product\/6920","targetHints":{"allow":["GET"]}}],"collection":[{"href":"https:\/\/etev7e.pef.czu.cz\/zs2223\/wp-json\/wp\/v2\/product"}],"about":[{"href":"https:\/\/etev7e.pef.czu.cz\/zs2223\/wp-json\/wp\/v2\/types\/product"}],"replies":[{"embeddable":true,"href":"https:\/\/etev7e.pef.czu.cz\/zs2223\/wp-json\/wp\/v2\/comments?post=6920"}],"wp:featuredmedia":[{"embeddable":true,"href":"https:\/\/etev7e.pef.czu.cz\/zs2223\/wp-json\/wp\/v2\/media\/6921"}],"wp:attachment":[{"href":"https:\/\/etev7e.pef.czu.cz\/zs2223\/wp-json\/wp\/v2\/media?parent=6920"}],"wp:term":[{"taxonomy":"product_brand","embeddable":true,"href":"https:\/\/etev7e.pef.czu.cz\/zs2223\/wp-json\/wp\/v2\/product_brand?post=6920"},{"taxonomy":"product_cat","embeddable":true,"href":"https:\/\/etev7e.pef.czu.cz\/zs2223\/wp-json\/wp\/v2\/product_cat?post=6920"},{"taxonomy":"product_tag","embeddable":true,"href":"https:\/\/etev7e.pef.czu.cz\/zs2223\/wp-json\/wp\/v2\/product_tag?post=6920"}],"curies":[{"name":"wp","href":"https:\/\/api.w.org\/{rel}","templated":true}]}}