{"id":6923,"date":"2025-11-04T22:04:25","date_gmt":"2025-11-04T21:04:25","guid":{"rendered":"https:\/\/etev7e.pef.czu.cz\/zs2223\/?post_type=product&#038;p=6923"},"modified":"2025-11-04T22:35:58","modified_gmt":"2025-11-04T21:35:58","slug":"sklenena-konvice-na-caj","status":"publish","type":"product","link":"https:\/\/etev7e.pef.czu.cz\/zs2223\/produkt\/sklenena-konvice-na-caj\/","title":{"rendered":"Sklen\u011bn\u00e1 konvice na \u010daj"},"content":{"rendered":"<p><span style=\"font-weight: 400\">Elegantn\u00ed sklen\u011bn\u00e1 konvice o objemu 1,5 litru je ide\u00e1ln\u00ed pro p\u0159\u00edpravu v\u0161ech druh\u016f sypan\u00fdch \u010daj\u016f, bylinkov\u00fdch sm\u011bs\u00ed i ovocn\u00fdch n\u00e1lev\u016f. Odn\u00edmateln\u00e9 jemn\u00e9 nerezov\u00e9 s\u00edtko zaji\u0161\u0165uje dokonal\u00e9 louhov\u00e1n\u00ed bez drobn\u00fdch zbytk\u016f l\u00edstk\u016f. Konvi\u010dka je vyrobena z odoln\u00e9ho borosilik\u00e1tov\u00e9ho skla, kter\u00e9 odol\u00e1v\u00e1 vysok\u00fdm teplot\u00e1m a zachov\u00e1v\u00e1 \u010distou chu\u0165 n\u00e1poje. Modern\u00ed design s pr\u016fhledn\u00fdm t\u011blem, elegantn\u00edm uchem a \u010dern\u00fdm v\u00edkem se skv\u011ble hod\u00ed do ka\u017ed\u00e9 kuchyn\u011b i kancel\u00e1\u0159e. Ide\u00e1ln\u00ed volba pro ka\u017edodenn\u00ed chv\u00edle pohody.<\/span><\/p>\n","protected":false},"excerpt":{"rendered":"<p>Sklen\u011bn\u00e1 konvice (1,5 l) s odn\u00edmateln\u00fdm jemn\u00fdm nerezov\u00fdm s\u00edtkem pro p\u0159\u00edpravu sypan\u00fdch \u010daj\u016f, bylinek a ovocn\u00fdch n\u00e1lev\u016f. Z odoln\u00e9ho borosilik\u00e1tov\u00e9ho skla, kter\u00e9 sn\u00e1\u0161\u00ed vysok\u00e9 teploty a zachov\u00e1v\u00e1 chu\u0165. D\u00edky modern\u00edmu designu s \u010dern\u00fdm v\u00edkem se hod\u00ed do kuchyn\u011b i kancel\u00e1\u0159e.<\/p>\n","protected":false},"featured_media":6925,"comment_status":"open","ping_status":"closed","template":"","meta":[],"product_brand":[],"product_cat":[1864],"product_tag":[421,282,1007,824,816,843],"class_list":{"0":"post-6923","1":"product","2":"type-product","3":"status-publish","4":"has-post-thumbnail","6":"product_cat-kuchynskevybaveni","7":"product_tag-caj","8":"product_tag-domaci-potreby","9":"product_tag-kuchyne","10":"product_tag-podzim","11":"product_tag-teple-napoje","12":"product_tag-zima","14":"first","15":"instock","16":"sale","17":"taxable","18":"shipping-taxable","19":"purchasable","20":"product-type-simple"},"jetpack_sharing_enabled":true,"_links":{"self":[{"href":"https:\/\/etev7e.pef.czu.cz\/zs2223\/wp-json\/wp\/v2\/product\/6923","targetHints":{"allow":["GET"]}}],"collection":[{"href":"https:\/\/etev7e.pef.czu.cz\/zs2223\/wp-json\/wp\/v2\/product"}],"about":[{"href":"https:\/\/etev7e.pef.czu.cz\/zs2223\/wp-json\/wp\/v2\/types\/product"}],"replies":[{"embeddable":true,"href":"https:\/\/etev7e.pef.czu.cz\/zs2223\/wp-json\/wp\/v2\/comments?post=6923"}],"wp:featuredmedia":[{"embeddable":true,"href":"https:\/\/etev7e.pef.czu.cz\/zs2223\/wp-json\/wp\/v2\/media\/6925"}],"wp:attachment":[{"href":"https:\/\/etev7e.pef.czu.cz\/zs2223\/wp-json\/wp\/v2\/media?parent=6923"}],"wp:term":[{"taxonomy":"product_brand","embeddable":true,"href":"https:\/\/etev7e.pef.czu.cz\/zs2223\/wp-json\/wp\/v2\/product_brand?post=6923"},{"taxonomy":"product_cat","embeddable":true,"href":"https:\/\/etev7e.pef.czu.cz\/zs2223\/wp-json\/wp\/v2\/product_cat?post=6923"},{"taxonomy":"product_tag","embeddable":true,"href":"https:\/\/etev7e.pef.czu.cz\/zs2223\/wp-json\/wp\/v2\/product_tag?post=6923"}],"curies":[{"name":"wp","href":"https:\/\/api.w.org\/{rel}","templated":true}]}}