{"id":6932,"date":"2025-11-04T22:34:54","date_gmt":"2025-11-04T21:34:54","guid":{"rendered":"https:\/\/etev7e.pef.czu.cz\/zs2223\/?post_type=product&#038;p=6932"},"modified":"2025-11-04T22:36:14","modified_gmt":"2025-11-04T21:36:14","slug":"nerezovy-hrnec-s-poklici","status":"publish","type":"product","link":"https:\/\/etev7e.pef.czu.cz\/zs2223\/produkt\/nerezovy-hrnec-s-poklici\/","title":{"rendered":"Nerezov\u00fd hrnec s poklic\u00ed"},"content":{"rendered":"<p><span style=\"font-weight: 400\">Tento nerezov\u00fd hrnec, s objemem 4,2 l, je ten typ n\u00e1dob\u00ed, po kter\u00e9m s\u00e1hnete skoro ka\u017ed\u00fd den. Je vyroben\u00fd z kvalitn\u00ed nerezov\u00e9 oceli, tak\u017ee se teplo rozlo\u017e\u00ed rovnom\u011brn\u011b a hrnec vydr\u017e\u00ed opravdu dlouho.\u00a0 D\u00edky siln\u00e9mu sendvi\u010dov\u00e9mu dnu ho m\u016f\u017eete pou\u017e\u00edt na v\u0161echny typy spor\u00e1k\u016f. Sklen\u011bn\u00e1 poklice s mal\u00fdm ventilem umo\u017en\u00ed sledovat, co se d\u011bje uvnit\u0159, ani\u017e by se muselo v\u00edko neust\u00e1le zvedat. Pevn\u00e9 rukojeti se dob\u0159e dr\u017e\u00ed a z\u016fst\u00e1vaj\u00ed chladn\u00e9, tak\u017ee se s hrncem snadno manipuluje. Nav\u00edc se snadno \u010dist\u00ed a je mo\u017en\u00e9 ho d\u00e1t i do my\u010dky. M\u00e1 jednoduch\u00fd, elegantn\u00ed design, kter\u00fd se hod\u00ed do ka\u017ed\u00e9 kuchyn\u011b. Ide\u00e1ln\u00ed na pol\u00e9vky, om\u00e1\u010dky a klasick\u00e9 va\u0159en\u00ed. <\/span><\/p>\n","protected":false},"excerpt":{"rendered":"<p>Tento odoln\u00fd nerezov\u00fd hrnec z kvalitn\u00ed oceli rovnom\u011brn\u011b rozv\u00e1d\u00ed teplo. D\u00edky siln\u00e9mu sendvi\u010dov\u00e9mu dnu je vhodn\u00fd pro v\u0161echny typy spor\u00e1k\u016f. M\u00e1 sklen\u011bnou poklici s ventilem, pevn\u00e9 chladnouc\u00ed rukojeti pro snadnou manipulaci a lze jej m\u00fdt v my\u010dce. Elegantn\u00ed design se hod\u00ed na b\u011b\u017en\u00e9 va\u0159en\u00ed, pol\u00e9vky i om\u00e1\u010dky.<\/p>\n","protected":false},"featured_media":6934,"comment_status":"open","ping_status":"closed","template":"","meta":[],"product_brand":[],"product_cat":[1864],"product_tag":[803,1007,353,484],"class_list":{"0":"post-6932","1":"product","2":"type-product","3":"status-publish","4":"has-post-thumbnail","6":"product_cat-kuchynskevybaveni","7":"product_tag-hrnec","8":"product_tag-kuchyne","9":"product_tag-kuchynske-potreby","10":"product_tag-kuchynske-vybaveni","12":"first","13":"instock","14":"sale","15":"taxable","16":"shipping-taxable","17":"purchasable","18":"product-type-simple"},"jetpack_sharing_enabled":true,"_links":{"self":[{"href":"https:\/\/etev7e.pef.czu.cz\/zs2223\/wp-json\/wp\/v2\/product\/6932","targetHints":{"allow":["GET"]}}],"collection":[{"href":"https:\/\/etev7e.pef.czu.cz\/zs2223\/wp-json\/wp\/v2\/product"}],"about":[{"href":"https:\/\/etev7e.pef.czu.cz\/zs2223\/wp-json\/wp\/v2\/types\/product"}],"replies":[{"embeddable":true,"href":"https:\/\/etev7e.pef.czu.cz\/zs2223\/wp-json\/wp\/v2\/comments?post=6932"}],"wp:featuredmedia":[{"embeddable":true,"href":"https:\/\/etev7e.pef.czu.cz\/zs2223\/wp-json\/wp\/v2\/media\/6934"}],"wp:attachment":[{"href":"https:\/\/etev7e.pef.czu.cz\/zs2223\/wp-json\/wp\/v2\/media?parent=6932"}],"wp:term":[{"taxonomy":"product_brand","embeddable":true,"href":"https:\/\/etev7e.pef.czu.cz\/zs2223\/wp-json\/wp\/v2\/product_brand?post=6932"},{"taxonomy":"product_cat","embeddable":true,"href":"https:\/\/etev7e.pef.czu.cz\/zs2223\/wp-json\/wp\/v2\/product_cat?post=6932"},{"taxonomy":"product_tag","embeddable":true,"href":"https:\/\/etev7e.pef.czu.cz\/zs2223\/wp-json\/wp\/v2\/product_tag?post=6932"}],"curies":[{"name":"wp","href":"https:\/\/api.w.org\/{rel}","templated":true}]}}