{"id":6954,"date":"2025-11-05T08:40:55","date_gmt":"2025-11-05T07:40:55","guid":{"rendered":"https:\/\/etev7e.pef.czu.cz\/zs2223\/?post_type=product&#038;p=6954"},"modified":"2025-11-05T08:42:22","modified_gmt":"2025-11-05T07:42:22","slug":"keramicky-hrnek-bez-ucha-salek","status":"publish","type":"product","link":"https:\/\/etev7e.pef.czu.cz\/zs2223\/produkt\/keramicky-hrnek-bez-ucha-salek\/","title":{"rendered":"Keramick\u00fd hrnek bez ucha (\u0161\u00e1lek)"},"content":{"rendered":"<p><span style=\"font-weight: 400\">Elegantn\u00ed keramick\u00fd kal\u00ed\u0161ek bez ucha o objemu p\u0159ibli\u017en\u011b 200 ml je ide\u00e1ln\u00ed pro k\u00e1vu, \u010daj nebo jin\u00e9 obl\u00edben\u00e9 n\u00e1poje. Ka\u017ed\u00fd kus je ru\u010dn\u011b vyr\u00e1b\u011bn, tak\u017ee nese origin\u00e1ln\u00ed charakter a jemn\u00e9 odli\u0161nosti v barv\u011b i tvaru, kter\u00e9 mu dod\u00e1vaj\u00ed jedine\u010dn\u00fd p\u016fvab. Povrchov\u00e1 glazura zaji\u0161\u0165uje p\u0159\u00edjemn\u00fd dotek i snadnou \u00fadr\u017ebu. Kal\u00ed\u0161ek je k dispozici v n\u011bkolika stylov\u00fdch barevn\u00fdch variant\u00e1ch, kter\u00e9 m\u016f\u017eete mezi sebou kombinovat a vytvo\u0159it si tak vlastn\u00ed harmonickou sadu. Skv\u011bl\u00e1 volba pro ty, kdo ocen\u00ed poctiv\u00e9 \u0159emeslo a minimalistick\u00fd design.<\/span><\/p>\n<p>Keramick\u00fd materi\u00e1l zajist\u00ed dlouh\u00e9 dr\u017een\u00ed tepla a na dotyk je p\u0159\u00edjemn\u00fd. Lze m\u00fdt i v my\u010dce.<\/p>\n","protected":false},"excerpt":{"rendered":"<p>Elegantn\u00ed keramick\u00fd kal\u00ed\u0161ek bez ucha o objemu p\u0159ibli\u017en\u011b 200 ml je ide\u00e1ln\u00ed pro k\u00e1vu, \u010daj nebo jin\u00e9 obl\u00edben\u00e9 n\u00e1poje. Ka\u017ed\u00fd kus je ru\u010dn\u011b vyr\u00e1b\u011bn, tak\u017ee nese origin\u00e1ln\u00ed charakter a jemn\u00e9 odli\u0161nosti v barv\u011b i tvaru, kter\u00e9 mu dod\u00e1vaj\u00ed jedine\u010dn\u00fd p\u016fvab. Povrchov\u00e1 glazura zaji\u0161\u0165uje p\u0159\u00edjemn\u00fd dotek i snadnou \u00fadr\u017ebu. Kal\u00ed\u0161ek je k dispozici v n\u011bkolika stylov\u00fdch [&hellip;]<\/p>\n","protected":false},"featured_media":6955,"comment_status":"open","ping_status":"closed","template":"","meta":[],"product_brand":[],"product_cat":[1864],"product_tag":[424,419,112,114,1019,1047,927],"class_list":{"0":"post-6954","1":"product","2":"type-product","3":"status-publish","4":"has-post-thumbnail","6":"product_cat-kuchynskevybaveni","7":"product_tag-hrnek","8":"product_tag-hrnky","9":"product_tag-kava","10":"product_tag-kavova-zrna","11":"product_tag-kavovar","12":"product_tag-kavove-prislusenstvi","13":"product_tag-nadobi","15":"first","16":"instock","17":"sale","18":"taxable","19":"shipping-taxable","20":"purchasable","21":"product-type-simple"},"jetpack_sharing_enabled":true,"_links":{"self":[{"href":"https:\/\/etev7e.pef.czu.cz\/zs2223\/wp-json\/wp\/v2\/product\/6954","targetHints":{"allow":["GET"]}}],"collection":[{"href":"https:\/\/etev7e.pef.czu.cz\/zs2223\/wp-json\/wp\/v2\/product"}],"about":[{"href":"https:\/\/etev7e.pef.czu.cz\/zs2223\/wp-json\/wp\/v2\/types\/product"}],"replies":[{"embeddable":true,"href":"https:\/\/etev7e.pef.czu.cz\/zs2223\/wp-json\/wp\/v2\/comments?post=6954"}],"wp:featuredmedia":[{"embeddable":true,"href":"https:\/\/etev7e.pef.czu.cz\/zs2223\/wp-json\/wp\/v2\/media\/6955"}],"wp:attachment":[{"href":"https:\/\/etev7e.pef.czu.cz\/zs2223\/wp-json\/wp\/v2\/media?parent=6954"}],"wp:term":[{"taxonomy":"product_brand","embeddable":true,"href":"https:\/\/etev7e.pef.czu.cz\/zs2223\/wp-json\/wp\/v2\/product_brand?post=6954"},{"taxonomy":"product_cat","embeddable":true,"href":"https:\/\/etev7e.pef.czu.cz\/zs2223\/wp-json\/wp\/v2\/product_cat?post=6954"},{"taxonomy":"product_tag","embeddable":true,"href":"https:\/\/etev7e.pef.czu.cz\/zs2223\/wp-json\/wp\/v2\/product_tag?post=6954"}],"curies":[{"name":"wp","href":"https:\/\/api.w.org\/{rel}","templated":true}]}}