{"id":6957,"date":"2025-11-05T08:54:09","date_gmt":"2025-11-05T07:54:09","guid":{"rendered":"https:\/\/etev7e.pef.czu.cz\/zs2223\/?post_type=product&#038;p=6957"},"modified":"2025-11-05T08:54:35","modified_gmt":"2025-11-05T07:54:35","slug":"smetacek-s-lopatkou-max-grip-noflex-ultraslow-backpain-3000","status":"publish","type":"product","link":"https:\/\/etev7e.pef.czu.cz\/zs2223\/produkt\/smetacek-s-lopatkou-max-grip-noflex-ultraslow-backpain-3000\/","title":{"rendered":"Smet\u00e1\u010dek s lopatkou &#8211; MAX Grip NoFlex Ultraslow BackPain 3000"},"content":{"rendered":"<p><span style=\"font-weight: 400\">Smet\u00e1\u010dek s bohat\u00fdmi \u0161t\u011btinami vyroben\u00fdmi ze syntetick\u00fdch vl\u00e1ken, lopatka s gumov\u00fdm zakon\u010den\u00edm pro snadn\u00e9 nameten\u00ed ne\u010disto, zjemn\u011bn\u00e9 \u0161t\u011btiny zametou i ty nejjemn\u011bj\u0161\u00ed \u010d\u00e1stice prach. Ergonomick\u00fd design zaru\u010duje pevn\u00fd \u00fachyt pro snadn\u00e9 zamet\u00e1n\u00ed a mal\u00e9 rozm\u011bry pak snadn\u00e9 skladov\u00e1n\u00ed.\u00a0<\/span><\/p>\n<p><b>Materi\u00e1l:<\/b><span style=\"font-weight: 400\"> Plast a guma<\/span><\/p>\n<p><b>Objem lopatky:<\/b><span style=\"font-weight: 400\"> 1,5 l<\/span><\/p>\n","protected":false},"excerpt":{"rendered":"<p>Smet\u00e1\u010dek s bohat\u00fdmi \u0161t\u011btinami vyroben\u00fdmi ze syntetick\u00fdch vl\u00e1ken, lopatka s gumov\u00fdm zakon\u010den\u00edm pro snadn\u00e9 nameten\u00ed ne\u010disto, zjemn\u011bn\u00e9 \u0161t\u011btiny zametou i ty nejjemn\u011bj\u0161\u00ed \u010d\u00e1stice prach. Ergonomick\u00fd design zaru\u010duje pevn\u00fd \u00fachyt pro snadn\u00e9 zamet\u00e1n\u00ed a mal\u00e9 rozm\u011bry pak snadn\u00e9 skladov\u00e1n\u00ed.\u00a0 Materi\u00e1l: Plast a guma Objem lopatky: 1,5 l<\/p>\n","protected":false},"featured_media":6958,"comment_status":"open","ping_status":"closed","template":"","meta":[],"product_brand":[],"product_cat":[1894],"product_tag":[],"class_list":{"0":"post-6957","1":"product","2":"type-product","3":"status-publish","4":"has-post-thumbnail","6":"product_cat-uklidovi-pomocnici","8":"first","9":"instock","10":"sale","11":"taxable","12":"shipping-taxable","13":"purchasable","14":"product-type-simple"},"jetpack_sharing_enabled":true,"_links":{"self":[{"href":"https:\/\/etev7e.pef.czu.cz\/zs2223\/wp-json\/wp\/v2\/product\/6957","targetHints":{"allow":["GET"]}}],"collection":[{"href":"https:\/\/etev7e.pef.czu.cz\/zs2223\/wp-json\/wp\/v2\/product"}],"about":[{"href":"https:\/\/etev7e.pef.czu.cz\/zs2223\/wp-json\/wp\/v2\/types\/product"}],"replies":[{"embeddable":true,"href":"https:\/\/etev7e.pef.czu.cz\/zs2223\/wp-json\/wp\/v2\/comments?post=6957"}],"wp:featuredmedia":[{"embeddable":true,"href":"https:\/\/etev7e.pef.czu.cz\/zs2223\/wp-json\/wp\/v2\/media\/6958"}],"wp:attachment":[{"href":"https:\/\/etev7e.pef.czu.cz\/zs2223\/wp-json\/wp\/v2\/media?parent=6957"}],"wp:term":[{"taxonomy":"product_brand","embeddable":true,"href":"https:\/\/etev7e.pef.czu.cz\/zs2223\/wp-json\/wp\/v2\/product_brand?post=6957"},{"taxonomy":"product_cat","embeddable":true,"href":"https:\/\/etev7e.pef.czu.cz\/zs2223\/wp-json\/wp\/v2\/product_cat?post=6957"},{"taxonomy":"product_tag","embeddable":true,"href":"https:\/\/etev7e.pef.czu.cz\/zs2223\/wp-json\/wp\/v2\/product_tag?post=6957"}],"curies":[{"name":"wp","href":"https:\/\/api.w.org\/{rel}","templated":true}]}}