{"id":6960,"date":"2025-11-05T08:56:54","date_gmt":"2025-11-05T07:56:54","guid":{"rendered":"https:\/\/etev7e.pef.czu.cz\/zs2223\/?post_type=product&#038;p=6960"},"modified":"2025-11-05T08:56:55","modified_gmt":"2025-11-05T07:56:55","slug":"prachovka-dustmaster-flexisoft-allergics-ultranightmare-pro-1000","status":"publish","type":"product","link":"https:\/\/etev7e.pef.czu.cz\/zs2223\/produkt\/prachovka-dustmaster-flexisoft-allergics-ultranightmare-pro-1000\/","title":{"rendered":"Prachovka &#8211; DustMaster FlexiSoft Allergics UltraNightmare Pro 1000"},"content":{"rendered":"<p><span style=\"font-weight: 400\">Prachovka na \u00faklid \u2013 plastov\u00e1 rukoje\u0165 s o\u010dkem pro zav\u011b\u0161en\u00ed a hust\u00fd mikrovl\u00e1knov\u00fd svazek, kter\u00fd p\u0159itahuje prach elektrostaticky. Vl\u00e1kna jsou m\u011bkk\u00e1, pru\u017en\u00e1, \u0161ed\u00e1, vhodn\u00e1 na citliv\u00e9 povrchy (TV, police, klav\u00edr). \u00dadr\u017eba: set\u0159\u00e1st prach nebo vyprat ve vla\u017en\u00e9 vod\u011b bez aviv\u00e1\u017ee.<\/span><\/p>\n<p><b>Materi\u00e1l:<\/b><span style=\"font-weight: 400\"> m\u00e1 mikrovl\u00e1knov\u00fd povrch s tis\u00edci jemn\u00fdch vl\u00e1ken, kter\u00e1 vytv\u00e1\u0159ej\u00ed elektrostatick\u00fd n\u00e1boj. Ten p\u0159itahuje prach, chlupy a pyl bez nutnosti chemick\u00fdch prost\u0159edk\u016f.<\/span><\/p>\n<p><b>Flexibilita:<\/b><span style=\"font-weight: 400\"> vl\u00e1kna jsou ohebn\u00e1, tak\u017ee se p\u0159izp\u016fsob\u00ed tvaru povrch\u016f (li\u0161ty, \u017ealuzie, obrazovky).<\/span><\/p>\n<p><b>Lehkost:<\/b><span style=\"font-weight: 400\"> v\u00e1\u017e\u00ed jen n\u011bkolik des\u00edtek gram\u016f, lze ji pou\u017e\u00edvat i nad hlavou bez \u00fanavy.<\/span><\/p>\n<p><b>Rukoje\u0165:<\/b><span style=\"font-weight: 400\"> plastov\u00e1, ergonomicky tvarovan\u00e1, s otvorem na zav\u011b\u0161en\u00ed.<\/span><\/p>\n<p><b>\u00dadr\u017eba:<\/b><span style=\"font-weight: 400\"> omyvateln\u00e1 \u2014 po opl\u00e1chnut\u00ed ve vod\u011b a usu\u0161en\u00ed op\u011bt z\u00edsk\u00e1 elektrostatick\u00e9 vlastnosti.<\/span><\/p>\n<p><b>Pou\u017eit\u00ed<\/b><span style=\"font-weight: 400\">: n\u00e1bytek, sklo, elektronika, auta, rostliny, \u017ealuzie. Dok\u00e1\u017ee odstranit i jemn\u00fd prach, kter\u00fd b\u011b\u017en\u00fd had\u0159\u00edk rozfouk\u00e1. Nepo\u0161kr\u00e1be povrch a nezanech\u00e1v\u00e1 \u0161mouhy.<\/span><\/p>\n<p><b>Celkov\u00e1 d\u00e9lka:<\/b><span style=\"font-weight: 400\"> 55\u201365 cm<\/span><span style=\"font-weight: 400\"><br \/>\n<\/span><b>D\u00e9lka rukojeti:<\/b><span style=\"font-weight: 400\"> 20\u201325 cm<\/span><span style=\"font-weight: 400\"><br \/>\n<\/span><b>D\u00e9lka hlavice s vl\u00e1kny:<\/b><span style=\"font-weight: 400\"> 30\u201340 cm<\/span><span style=\"font-weight: 400\"><br \/>\n<\/span><b>Pr\u016fm\u011br hlavy:<\/b><span style=\"font-weight: 400\"> cca 6\u20138 cm<\/span><span style=\"font-weight: 400\"><br \/>\n<\/span><b>Hmotnost:<\/b><span style=\"font-weight: 400\"> 70\u2013120 g<\/span><\/p>\n<p><b>Materi\u00e1l: <\/b><span style=\"font-weight: 400\">tvrd\u00fd<\/span> <span style=\"font-weight: 400\">plast,<\/span> <span style=\"font-weight: 400\">polyesterov\u00e1 vl\u00e1kna<\/span><\/p>\n","protected":false},"excerpt":{"rendered":"<p>Prachovka na \u00faklid \u2013 plastov\u00e1 rukoje\u0165 s o\u010dkem pro zav\u011b\u0161en\u00ed a hust\u00fd mikrovl\u00e1knov\u00fd svazek, kter\u00fd p\u0159itahuje prach elektrostaticky. Vl\u00e1kna jsou m\u011bkk\u00e1, pru\u017en\u00e1, \u0161ed\u00e1, vhodn\u00e1 na citliv\u00e9 povrchy (TV, police, klav\u00edr). \u00dadr\u017eba: set\u0159\u00e1st prach nebo vyprat ve vla\u017en\u00e9 vod\u011b bez aviv\u00e1\u017ee. Materi\u00e1l: m\u00e1 mikrovl\u00e1knov\u00fd povrch s tis\u00edci jemn\u00fdch vl\u00e1ken, kter\u00e1 vytv\u00e1\u0159ej\u00ed elektrostatick\u00fd n\u00e1boj. Ten p\u0159itahuje prach, [&hellip;]<\/p>\n","protected":false},"featured_media":6961,"comment_status":"open","ping_status":"closed","template":"","meta":[],"product_brand":[],"product_cat":[1894],"product_tag":[],"class_list":{"0":"post-6960","1":"product","2":"type-product","3":"status-publish","4":"has-post-thumbnail","6":"product_cat-uklidovi-pomocnici","8":"first","9":"instock","10":"sale","11":"taxable","12":"shipping-taxable","13":"purchasable","14":"product-type-simple"},"jetpack_sharing_enabled":true,"_links":{"self":[{"href":"https:\/\/etev7e.pef.czu.cz\/zs2223\/wp-json\/wp\/v2\/product\/6960","targetHints":{"allow":["GET"]}}],"collection":[{"href":"https:\/\/etev7e.pef.czu.cz\/zs2223\/wp-json\/wp\/v2\/product"}],"about":[{"href":"https:\/\/etev7e.pef.czu.cz\/zs2223\/wp-json\/wp\/v2\/types\/product"}],"replies":[{"embeddable":true,"href":"https:\/\/etev7e.pef.czu.cz\/zs2223\/wp-json\/wp\/v2\/comments?post=6960"}],"wp:featuredmedia":[{"embeddable":true,"href":"https:\/\/etev7e.pef.czu.cz\/zs2223\/wp-json\/wp\/v2\/media\/6961"}],"wp:attachment":[{"href":"https:\/\/etev7e.pef.czu.cz\/zs2223\/wp-json\/wp\/v2\/media?parent=6960"}],"wp:term":[{"taxonomy":"product_brand","embeddable":true,"href":"https:\/\/etev7e.pef.czu.cz\/zs2223\/wp-json\/wp\/v2\/product_brand?post=6960"},{"taxonomy":"product_cat","embeddable":true,"href":"https:\/\/etev7e.pef.czu.cz\/zs2223\/wp-json\/wp\/v2\/product_cat?post=6960"},{"taxonomy":"product_tag","embeddable":true,"href":"https:\/\/etev7e.pef.czu.cz\/zs2223\/wp-json\/wp\/v2\/product_tag?post=6960"}],"curies":[{"name":"wp","href":"https:\/\/api.w.org\/{rel}","templated":true}]}}