{"id":6974,"date":"2025-11-05T18:27:39","date_gmt":"2025-11-05T17:27:39","guid":{"rendered":"https:\/\/etev7e.pef.czu.cz\/zs2223\/?post_type=product&#038;p=6974"},"modified":"2025-11-05T18:27:40","modified_gmt":"2025-11-05T17:27:40","slug":"dermacol-caviar-long-stay-makeup-and-corector","status":"publish","type":"product","link":"https:\/\/etev7e.pef.czu.cz\/zs2223\/produkt\/dermacol-caviar-long-stay-makeup-and-corector\/","title":{"rendered":"Dermacol Caviar Long stay Makeup and corector"},"content":{"rendered":"<p>Jeden p\u0159\u00edpravek, spousta schopnost\u00ed. Dlouhotrvaj\u00edc\u00ed make-up s v\u00fdta\u017eky z kavi\u00e1ru a zdokonaluj\u00edc\u00ed korektor Dermacol Caviar Long Stay perfektn\u011b kryje ve\u0161ker\u00e9 nedokonalosti, sjednocuje t\u00f3n pleti, poskytuje j\u00ed celodenn\u00ed hydrataci a zanech\u00e1v\u00e1 ji sametov\u011b hebkou.\u00a0V\u00fdta\u017eek z kavi\u00e1ru se postar\u00e1 o vyhlazen\u00ed a povzbuzen\u00ed pleti a d\u00edky kompaktn\u00edmu balen\u00ed se v\u00e1m nestane, \u017ee byste si k make-upu zapomn\u011bla do kosmetick\u00e9 ta\u0161ti\u010dky p\u0159ibalit i korektor.<\/p>\n<p>30 ml<\/p>\n","protected":false},"excerpt":{"rendered":"<p>Jeden p\u0159\u00edpravek, spousta schopnost\u00ed. Dlouhotrvaj\u00edc\u00ed make-up s v\u00fdta\u017eky z kavi\u00e1ru a zdokonaluj\u00edc\u00ed korektor Dermacol Caviar Long Stay perfektn\u011b kryje ve\u0161ker\u00e9 nedokonalosti, sjednocuje t\u00f3n pleti, poskytuje j\u00ed celodenn\u00ed hydrataci a zanech\u00e1v\u00e1 ji sametov\u011b hebkou.\u00a0V\u00fdta\u017eek z kavi\u00e1ru se postar\u00e1 o vyhlazen\u00ed a povzbuzen\u00ed pleti a d\u00edky kompaktn\u00edmu balen\u00ed se v\u00e1m nestane, \u017ee byste si k make-upu zapomn\u011bla [&hellip;]<\/p>\n","protected":false},"featured_media":7000,"comment_status":"open","ping_status":"closed","template":"","meta":[],"product_brand":[1913],"product_cat":[1912,1173],"product_tag":[318,1523,1914],"class_list":{"0":"post-6974","1":"product","2":"type-product","3":"status-publish","4":"has-post-thumbnail","6":"product_brand-dermacol","7":"product_cat-make-up","8":"product_cat-kosmetika","9":"product_tag-damska-kosmetika","10":"product_tag-dekorativni-kosmetika","11":"product_tag-make-up","13":"first","14":"instock","15":"sale","16":"taxable","17":"shipping-taxable","18":"purchasable","19":"product-type-variable"},"jetpack_sharing_enabled":true,"_links":{"self":[{"href":"https:\/\/etev7e.pef.czu.cz\/zs2223\/wp-json\/wp\/v2\/product\/6974","targetHints":{"allow":["GET"]}}],"collection":[{"href":"https:\/\/etev7e.pef.czu.cz\/zs2223\/wp-json\/wp\/v2\/product"}],"about":[{"href":"https:\/\/etev7e.pef.czu.cz\/zs2223\/wp-json\/wp\/v2\/types\/product"}],"replies":[{"embeddable":true,"href":"https:\/\/etev7e.pef.czu.cz\/zs2223\/wp-json\/wp\/v2\/comments?post=6974"}],"wp:featuredmedia":[{"embeddable":true,"href":"https:\/\/etev7e.pef.czu.cz\/zs2223\/wp-json\/wp\/v2\/media\/7000"}],"wp:attachment":[{"href":"https:\/\/etev7e.pef.czu.cz\/zs2223\/wp-json\/wp\/v2\/media?parent=6974"}],"wp:term":[{"taxonomy":"product_brand","embeddable":true,"href":"https:\/\/etev7e.pef.czu.cz\/zs2223\/wp-json\/wp\/v2\/product_brand?post=6974"},{"taxonomy":"product_cat","embeddable":true,"href":"https:\/\/etev7e.pef.czu.cz\/zs2223\/wp-json\/wp\/v2\/product_cat?post=6974"},{"taxonomy":"product_tag","embeddable":true,"href":"https:\/\/etev7e.pef.czu.cz\/zs2223\/wp-json\/wp\/v2\/product_tag?post=6974"}],"curies":[{"name":"wp","href":"https:\/\/api.w.org\/{rel}","templated":true}]}}