{"id":6975,"date":"2025-11-05T14:20:15","date_gmt":"2025-11-05T13:20:15","guid":{"rendered":"https:\/\/etev7e.pef.czu.cz\/zs2223\/?post_type=product&#038;p=6975"},"modified":"2025-11-05T14:21:49","modified_gmt":"2025-11-05T13:21:49","slug":"iron-heaven-2-0","status":"publish","type":"product","link":"https:\/\/etev7e.pef.czu.cz\/zs2223\/produkt\/iron-heaven-2-0\/","title":{"rendered":"Iron Heaven 2.0"},"content":{"rendered":"<p>Iron Heaven 2.0 &#8211; stroj na automatick\u00e9 \u017eehlen\u00ed a skl\u00e1d\u00e1n\u00ed pr\u00e1dla.<\/p>\n<p><strong>Kompaktn\u00ed design<\/strong>\u00a0stroje, kter\u00fd lad\u00ed s ostatn\u00edmi spot\u0159ebi\u010di<\/p>\n<p><strong>Digit\u00e1ln\u00ed panel<\/strong>\u00a0pro snadn\u00e9 ovl\u00e1d\u00e1n\u00ed<\/p>\n<p><strong>Pr\u00e1dla vyj\u00ed\u017ed\u011bj\u00edc\u00ed slo\u017een\u00e9<\/strong>\u00a0p\u0159\u00edmo na v\u00fdsuvnou polici<\/p>\n","protected":false},"excerpt":{"rendered":"<p>Iron Heaven 2.0 &#8211; stroj na automatick\u00e9 \u017eehlen\u00ed a skl\u00e1d\u00e1n\u00ed pr\u00e1dla. Kompaktn\u00ed design\u00a0stroje, kter\u00fd lad\u00ed s ostatn\u00edmi spot\u0159ebi\u010di Digit\u00e1ln\u00ed panel\u00a0pro snadn\u00e9 ovl\u00e1d\u00e1n\u00ed Pr\u00e1dla vyj\u00ed\u017ed\u011bj\u00edc\u00ed slo\u017een\u00e9\u00a0p\u0159\u00edmo na v\u00fdsuvnou polici<\/p>\n","protected":false},"featured_media":6977,"comment_status":"open","ping_status":"closed","template":"","meta":[],"product_brand":[],"product_cat":[1871],"product_tag":[1667],"class_list":{"0":"post-6975","1":"product","2":"type-product","3":"status-publish","4":"has-post-thumbnail","6":"product_cat-domaci-elektro-10","7":"product_tag-domaci-spotrebic","9":"first","10":"instock","11":"sale","12":"taxable","13":"shipping-taxable","14":"purchasable","15":"product-type-simple"},"jetpack_sharing_enabled":true,"_links":{"self":[{"href":"https:\/\/etev7e.pef.czu.cz\/zs2223\/wp-json\/wp\/v2\/product\/6975","targetHints":{"allow":["GET"]}}],"collection":[{"href":"https:\/\/etev7e.pef.czu.cz\/zs2223\/wp-json\/wp\/v2\/product"}],"about":[{"href":"https:\/\/etev7e.pef.czu.cz\/zs2223\/wp-json\/wp\/v2\/types\/product"}],"replies":[{"embeddable":true,"href":"https:\/\/etev7e.pef.czu.cz\/zs2223\/wp-json\/wp\/v2\/comments?post=6975"}],"wp:featuredmedia":[{"embeddable":true,"href":"https:\/\/etev7e.pef.czu.cz\/zs2223\/wp-json\/wp\/v2\/media\/6977"}],"wp:attachment":[{"href":"https:\/\/etev7e.pef.czu.cz\/zs2223\/wp-json\/wp\/v2\/media?parent=6975"}],"wp:term":[{"taxonomy":"product_brand","embeddable":true,"href":"https:\/\/etev7e.pef.czu.cz\/zs2223\/wp-json\/wp\/v2\/product_brand?post=6975"},{"taxonomy":"product_cat","embeddable":true,"href":"https:\/\/etev7e.pef.czu.cz\/zs2223\/wp-json\/wp\/v2\/product_cat?post=6975"},{"taxonomy":"product_tag","embeddable":true,"href":"https:\/\/etev7e.pef.czu.cz\/zs2223\/wp-json\/wp\/v2\/product_tag?post=6975"}],"curies":[{"name":"wp","href":"https:\/\/api.w.org\/{rel}","templated":true}]}}