{"id":6976,"date":"2025-11-05T18:27:29","date_gmt":"2025-11-05T17:27:29","guid":{"rendered":"https:\/\/etev7e.pef.czu.cz\/zs2223\/?post_type=product&#038;p=6976"},"modified":"2025-11-05T18:27:29","modified_gmt":"2025-11-05T17:27:29","slug":"loreal-paris-panorama","status":"publish","type":"product","link":"https:\/\/etev7e.pef.czu.cz\/zs2223\/produkt\/loreal-paris-panorama\/","title":{"rendered":"L\u2019Or\u00e9al Paris Panorama"},"content":{"rendered":"<p>O\u010di v hlavn\u00ed roli \u2013 velk\u00e9 a v\u00fdrazn\u00e9. P\u0159esn\u011b takov\u00e9ho efektu v\u00e1m pom\u016f\u017ee dos\u00e1hnout \u0159asenka L\u2019Or\u00e9al Paris Panorama. Va\u0161e \u0159asy d\u00edky n\u00ed z\u00edskaj\u00ed dokonal\u00fd objem, a to od vnit\u0159n\u00edho koutku a\u017e po vn\u011bj\u0161\u00ed okraj. Opticky se zv\u011bt\u0161\u00ed, otev\u0159ou a p\u0159idaj\u00ed va\u0161emu pohledu na intenzit\u011b. Slo\u017een\u00ed obohacen\u00e9 o StretchFlex Complex\u2122 zachov\u00e1 \u0159asy pru\u017en\u00e9, bez n\u00e1znaku \u017emolk\u016f \u010di nevzhledn\u00fdch pavou\u010d\u00edch no\u017eek.<\/p>\n<p>9,9 ml<\/p>\n","protected":false},"excerpt":{"rendered":"<p>O\u010di v hlavn\u00ed roli \u2013 velk\u00e9 a v\u00fdrazn\u00e9. P\u0159esn\u011b takov\u00e9ho efektu v\u00e1m pom\u016f\u017ee dos\u00e1hnout \u0159asenka L\u2019Or\u00e9al Paris Panorama. Va\u0161e \u0159asy d\u00edky n\u00ed z\u00edskaj\u00ed dokonal\u00fd objem, a to od vnit\u0159n\u00edho koutku a\u017e po vn\u011bj\u0161\u00ed okraj. Opticky se zv\u011bt\u0161\u00ed, otev\u0159ou a p\u0159idaj\u00ed va\u0161emu pohledu na intenzit\u011b. Slo\u017een\u00ed obohacen\u00e9 o StretchFlex Complex\u2122 zachov\u00e1 \u0159asy pru\u017en\u00e9, bez n\u00e1znaku \u017emolk\u016f [&hellip;]<\/p>\n","protected":false},"featured_media":7010,"comment_status":"open","ping_status":"closed","template":"","meta":[],"product_brand":[1915],"product_cat":[1173,1518],"product_tag":[318,1523,1911,735,1522],"class_list":{"0":"post-6976","1":"product","2":"type-product","3":"status-publish","4":"has-post-thumbnail","6":"product_brand-loreal","7":"product_cat-kosmetika","8":"product_cat-rasenky","9":"product_tag-damska-kosmetika","10":"product_tag-dekorativni-kosmetika","11":"product_tag-liceni-oci","12":"product_tag-ocni-kosmetika","13":"product_tag-rasenky","15":"first","16":"instock","17":"sale","18":"taxable","19":"shipping-taxable","20":"purchasable","21":"product-type-variable"},"jetpack_sharing_enabled":true,"_links":{"self":[{"href":"https:\/\/etev7e.pef.czu.cz\/zs2223\/wp-json\/wp\/v2\/product\/6976","targetHints":{"allow":["GET"]}}],"collection":[{"href":"https:\/\/etev7e.pef.czu.cz\/zs2223\/wp-json\/wp\/v2\/product"}],"about":[{"href":"https:\/\/etev7e.pef.czu.cz\/zs2223\/wp-json\/wp\/v2\/types\/product"}],"replies":[{"embeddable":true,"href":"https:\/\/etev7e.pef.czu.cz\/zs2223\/wp-json\/wp\/v2\/comments?post=6976"}],"wp:featuredmedia":[{"embeddable":true,"href":"https:\/\/etev7e.pef.czu.cz\/zs2223\/wp-json\/wp\/v2\/media\/7010"}],"wp:attachment":[{"href":"https:\/\/etev7e.pef.czu.cz\/zs2223\/wp-json\/wp\/v2\/media?parent=6976"}],"wp:term":[{"taxonomy":"product_brand","embeddable":true,"href":"https:\/\/etev7e.pef.czu.cz\/zs2223\/wp-json\/wp\/v2\/product_brand?post=6976"},{"taxonomy":"product_cat","embeddable":true,"href":"https:\/\/etev7e.pef.czu.cz\/zs2223\/wp-json\/wp\/v2\/product_cat?post=6976"},{"taxonomy":"product_tag","embeddable":true,"href":"https:\/\/etev7e.pef.czu.cz\/zs2223\/wp-json\/wp\/v2\/product_tag?post=6976"}],"curies":[{"name":"wp","href":"https:\/\/api.w.org\/{rel}","templated":true}]}}