{"id":7001,"date":"2025-11-05T17:49:38","date_gmt":"2025-11-05T16:49:38","guid":{"rendered":"https:\/\/etev7e.pef.czu.cz\/zs2223\/?post_type=product&#038;p=7001"},"modified":"2025-11-06T13:47:01","modified_gmt":"2025-11-06T12:47:01","slug":"neprilnava-panev","status":"publish","type":"product","link":"https:\/\/etev7e.pef.czu.cz\/zs2223\/produkt\/neprilnava-panev\/","title":{"rendered":"Nep\u0159ilnav\u00e1 p\u00e1nev"},"content":{"rendered":"<p><span style=\"font-weight: 400\">Tato p\u00e1nev je pr\u00e9miov\u00e1 volba pro modern\u00ed kuchyni \u2014\u00a0 spojuje vysoce odoln\u00fd nep\u0159ilnav\u00fd povrch, variabilitu a chytr\u00fd design. D\u00edky technologii Titanium Anti-Scratch zvl\u00e1d\u00e1 a\u017e \u0161estin\u00e1sobn\u011b v\u011bt\u0161\u00ed odolnost proti po\u0161kr\u00e1b\u00e1n\u00ed ne\u017e b\u011b\u017en\u00e9 nep\u0159ilnav\u00e9 p\u00e1nve. Kompaktn\u00ed a funk\u010dn\u00ed rukoje\u0165 je odn\u00edmateln\u00e1, co\u017e umo\u017e\u0148uje p\u00e1nev pou\u017e\u00edt na plotn\u011b, v troub\u011b i pro serv\u00edrov\u00e1n\u00ed \u2014 a n\u00e1sledn\u011b snadno ulo\u017eit v mal\u00e9m prostoru. Povrch je zcela bezpe\u010dn\u00fd \u2014 bez PFOA, olova i kadmia. Indik\u00e1tor Thermo-Signal v\u00e1s upozorn\u00ed, kdy je p\u00e1nev spr\u00e1vn\u011b vyh\u0159\u00e1t\u00e1 pro optim\u00e1ln\u00ed v\u00fdsledky. Kompatibiln\u00ed se v\u0161emi typy varn\u00fdch desek v\u010detn\u011b indukce. Skv\u011bl\u00e1 volba pro ty, kdo hledaj\u00ed kombinaci kvalitn\u00edho povrchu, flexibiln\u00edho pou\u017eit\u00ed i elegantn\u00edho designu.\u00a0<\/span><\/p>\n","protected":false},"excerpt":{"rendered":"<p>Tato p\u00e1nev je pr\u00e9miov\u00e1 volba pro modern\u00ed kuchyni \u2014\u00a0 spojuje vysoce odoln\u00fd nep\u0159ilnav\u00fd povrch, variabilitu a chytr\u00fd design. D\u00edky technologii Titanium Anti-Scratch zvl\u00e1d\u00e1 a\u017e \u0161estin\u00e1sobn\u011b v\u011bt\u0161\u00ed odolnost proti po\u0161kr\u00e1b\u00e1n\u00ed ne\u017e b\u011b\u017en\u00e9 nep\u0159ilnav\u00e9 p\u00e1nve. Kompaktn\u00ed a funk\u010dn\u00ed rukoje\u0165 je odn\u00edmateln\u00e1, co\u017e umo\u017e\u0148uje p\u00e1nev pou\u017e\u00edt na plotn\u011b, v troub\u011b i pro serv\u00edrov\u00e1n\u00ed \u2014 a n\u00e1sledn\u011b snadno ulo\u017eit [&hellip;]<\/p>\n","protected":false},"featured_media":7256,"comment_status":"open","ping_status":"closed","template":"","meta":[],"product_brand":[],"product_cat":[1864],"product_tag":[1007,793,484],"class_list":{"0":"post-7001","1":"product","2":"type-product","3":"status-publish","4":"has-post-thumbnail","6":"product_cat-kuchynskevybaveni","7":"product_tag-kuchyne","8":"product_tag-kuchynske-nacini","9":"product_tag-kuchynske-vybaveni","11":"first","12":"instock","13":"sale","14":"taxable","15":"shipping-taxable","16":"purchasable","17":"product-type-simple"},"jetpack_sharing_enabled":true,"_links":{"self":[{"href":"https:\/\/etev7e.pef.czu.cz\/zs2223\/wp-json\/wp\/v2\/product\/7001","targetHints":{"allow":["GET"]}}],"collection":[{"href":"https:\/\/etev7e.pef.czu.cz\/zs2223\/wp-json\/wp\/v2\/product"}],"about":[{"href":"https:\/\/etev7e.pef.czu.cz\/zs2223\/wp-json\/wp\/v2\/types\/product"}],"replies":[{"embeddable":true,"href":"https:\/\/etev7e.pef.czu.cz\/zs2223\/wp-json\/wp\/v2\/comments?post=7001"}],"wp:featuredmedia":[{"embeddable":true,"href":"https:\/\/etev7e.pef.czu.cz\/zs2223\/wp-json\/wp\/v2\/media\/7256"}],"wp:attachment":[{"href":"https:\/\/etev7e.pef.czu.cz\/zs2223\/wp-json\/wp\/v2\/media?parent=7001"}],"wp:term":[{"taxonomy":"product_brand","embeddable":true,"href":"https:\/\/etev7e.pef.czu.cz\/zs2223\/wp-json\/wp\/v2\/product_brand?post=7001"},{"taxonomy":"product_cat","embeddable":true,"href":"https:\/\/etev7e.pef.czu.cz\/zs2223\/wp-json\/wp\/v2\/product_cat?post=7001"},{"taxonomy":"product_tag","embeddable":true,"href":"https:\/\/etev7e.pef.czu.cz\/zs2223\/wp-json\/wp\/v2\/product_tag?post=7001"}],"curies":[{"name":"wp","href":"https:\/\/api.w.org\/{rel}","templated":true}]}}