{"id":7006,"date":"2025-11-05T16:12:37","date_gmt":"2025-11-05T15:12:37","guid":{"rendered":"https:\/\/etev7e.pef.czu.cz\/zs2223\/?post_type=product&#038;p=7006"},"modified":"2025-11-05T17:17:31","modified_gmt":"2025-11-05T16:17:31","slug":"bsh-hranol-si-tridy-gl24h-140-x-140-x-5000-mm","status":"publish","type":"product","link":"https:\/\/etev7e.pef.czu.cz\/zs2223\/produkt\/bsh-hranol-si-tridy-gl24h-140-x-140-x-5000-mm\/","title":{"rendered":"BSH hranol Si \u2013 t\u0159\u00eddy GL24h \u2013 140 \u00d7 140 \u00d7 5000 mm"},"content":{"rendered":"<ul>\n<li><strong>Materi\u00e1l:<\/strong> Vyrobeno ze <strong>su\u0161en\u00e9ho smrkov\u00e9ho d\u0159eva<\/strong> (vlhkost hranolu 14 % s\u00a0odchylkou \u00b1 2 %).<\/li>\n<li><strong>Kvalita a \u00faprava:<\/strong> Jedn\u00e1 se o t\u0159\u00eddu pevnosti <strong>GL24h<\/strong>. Hranol je <strong>\u010dty\u0159strann\u011b hoblovan\u00fd<\/strong> s\u00a0precizn\u011b <strong>sra\u017een\u00fdmi hranami<\/strong>, co\u017e mu dod\u00e1v\u00e1 prvot\u0159\u00eddn\u00ed vzhled. Je <strong>neimpregnovan\u00fd<\/strong>.<\/li>\n<li><strong>Rozm\u011bry:<\/strong> <strong>140 \u00d7 140 \u00d7 5000 mm<\/strong> (v\u00fd\u0161ka \u00d7 \u0161\u00ed\u0159ka \u00d7 d\u00e9lka).<\/li>\n<li><strong>Vyu\u017eit\u00ed:<\/strong> Perfektn\u00ed pro viditeln\u00e9 \u010d\u00e1sti d\u0159evostaveb, jako jsou <strong>krovy, tr\u00e1my, pergoly, p\u0159\u00edst\u0159e\u0161ky<\/strong> \u010di <strong>dekorativn\u00ed nosn\u00e9 konstrukce<\/strong>, kde je po\u017eadov\u00e1na stabilita a bezchybn\u00fd vzhled.<\/li>\n<\/ul>\n","protected":false},"excerpt":{"rendered":"<p><strong>BSH hranol<\/strong> (lepen\u00e9 lamelov\u00e9 d\u0159evo \u2013 Brettschichtholz) v pohledov\u00e9 kvalit\u011b (<strong>Si<\/strong>) je ide\u00e1ln\u00ed volbou pro projekty, kde je kladen d\u016fraz na <strong>vysokou pevnost<\/strong> a\u00a0<strong>estetick\u00fd vzhled<\/strong> konstrukce.<\/p>\n","protected":false},"featured_media":7022,"comment_status":"open","ping_status":"closed","template":"","meta":[],"product_brand":[],"product_cat":[1924],"product_tag":[1927,1928,1925],"class_list":{"0":"post-7006","1":"product","2":"type-product","3":"status-publish","4":"has-post-thumbnail","6":"product_cat-dreveny-material-pro-stavby-2025","7":"product_tag-dreveny-hranol","8":"product_tag-hoblovane-drevo","9":"product_tag-susene-smrkove-drevo","11":"first","12":"instock","13":"taxable","14":"shipping-taxable","15":"purchasable","16":"product-type-simple"},"jetpack_sharing_enabled":true,"_links":{"self":[{"href":"https:\/\/etev7e.pef.czu.cz\/zs2223\/wp-json\/wp\/v2\/product\/7006","targetHints":{"allow":["GET"]}}],"collection":[{"href":"https:\/\/etev7e.pef.czu.cz\/zs2223\/wp-json\/wp\/v2\/product"}],"about":[{"href":"https:\/\/etev7e.pef.czu.cz\/zs2223\/wp-json\/wp\/v2\/types\/product"}],"replies":[{"embeddable":true,"href":"https:\/\/etev7e.pef.czu.cz\/zs2223\/wp-json\/wp\/v2\/comments?post=7006"}],"wp:featuredmedia":[{"embeddable":true,"href":"https:\/\/etev7e.pef.czu.cz\/zs2223\/wp-json\/wp\/v2\/media\/7022"}],"wp:attachment":[{"href":"https:\/\/etev7e.pef.czu.cz\/zs2223\/wp-json\/wp\/v2\/media?parent=7006"}],"wp:term":[{"taxonomy":"product_brand","embeddable":true,"href":"https:\/\/etev7e.pef.czu.cz\/zs2223\/wp-json\/wp\/v2\/product_brand?post=7006"},{"taxonomy":"product_cat","embeddable":true,"href":"https:\/\/etev7e.pef.czu.cz\/zs2223\/wp-json\/wp\/v2\/product_cat?post=7006"},{"taxonomy":"product_tag","embeddable":true,"href":"https:\/\/etev7e.pef.czu.cz\/zs2223\/wp-json\/wp\/v2\/product_tag?post=7006"}],"curies":[{"name":"wp","href":"https:\/\/api.w.org\/{rel}","templated":true}]}}