{"id":7027,"date":"2025-11-05T16:27:28","date_gmt":"2025-11-05T15:27:28","guid":{"rendered":"https:\/\/etev7e.pef.czu.cz\/zs2223\/?post_type=product&#038;p=7027"},"modified":"2025-11-05T17:17:59","modified_gmt":"2025-11-05T16:17:59","slug":"stavebni-fosna-c24-50-x-140-x-5000-mm","status":"publish","type":"product","link":"https:\/\/etev7e.pef.czu.cz\/zs2223\/produkt\/stavebni-fosna-c24-50-x-140-x-5000-mm\/","title":{"rendered":"Stavebn\u00ed fo\u0161na C24 \u2013 50 \u00d7 140 \u00d7 5000 mm"},"content":{"rendered":"<ul>\n<li><strong>Materi\u00e1l:<\/strong> Vyrobeno ze <strong>smrkov\u00e9ho d\u0159eva<\/strong>.<\/li>\n<li><strong>Kvalita a \u00faprava:<\/strong> Jedn\u00e1 se o t\u0159\u00eddu pevnosti <strong>C24<\/strong>. Fo\u0161na je <strong>nehoblovan\u00e1<\/strong> (hrub\u00fd \u0159ez) a\u00a0nem\u00e1 sra\u017een\u00e9 hrany.<\/li>\n<li><strong>Rozm\u011bry:<\/strong> <strong>50 \u00d7 140 \u00d7 5000 mm<\/strong> (v\u00fd\u0161ka \u00d7 \u0161\u00ed\u0159ka \u00d7 d\u00e9lka).<\/li>\n<li><strong>Vyu\u017eit\u00ed:<\/strong> Univerz\u00e1ln\u00ed stavebn\u00ed prvek, ide\u00e1ln\u00ed pro <strong>bedn\u011bn\u00ed, st\u0159e\u0161n\u00ed konstrukce, tr\u00e1my, podp\u011bry<\/strong>, ale i pro m\u00e9n\u011b n\u00e1ro\u010dn\u00e9 <strong>ploty<\/strong> \u010di <strong>do\u010dasn\u00e9 konstrukce<\/strong>.<\/li>\n<\/ul>\n","protected":false},"excerpt":{"rendered":"<p><strong>Stavebn\u00ed fo\u0161na<\/strong> pevnostn\u00ed t\u0159\u00eddy <strong>C24<\/strong> je z\u00e1kladn\u00edm stavebn\u00edm materi\u00e1lem s vysokou <strong>pevnost\u00ed<\/strong> a\u00a0<strong>stabilitou<\/strong>.<\/p>\n","protected":false},"featured_media":7028,"comment_status":"open","ping_status":"closed","template":"","meta":[],"product_brand":[],"product_cat":[1924],"product_tag":[1929,1926],"class_list":{"0":"post-7027","1":"product","2":"type-product","3":"status-publish","4":"has-post-thumbnail","6":"product_cat-dreveny-material-pro-stavby-2025","7":"product_tag-nehoblovane-drevo","8":"product_tag-smrkove-drevo","10":"first","11":"instock","12":"taxable","13":"shipping-taxable","14":"purchasable","15":"product-type-simple"},"jetpack_sharing_enabled":true,"_links":{"self":[{"href":"https:\/\/etev7e.pef.czu.cz\/zs2223\/wp-json\/wp\/v2\/product\/7027","targetHints":{"allow":["GET"]}}],"collection":[{"href":"https:\/\/etev7e.pef.czu.cz\/zs2223\/wp-json\/wp\/v2\/product"}],"about":[{"href":"https:\/\/etev7e.pef.czu.cz\/zs2223\/wp-json\/wp\/v2\/types\/product"}],"replies":[{"embeddable":true,"href":"https:\/\/etev7e.pef.czu.cz\/zs2223\/wp-json\/wp\/v2\/comments?post=7027"}],"wp:featuredmedia":[{"embeddable":true,"href":"https:\/\/etev7e.pef.czu.cz\/zs2223\/wp-json\/wp\/v2\/media\/7028"}],"wp:attachment":[{"href":"https:\/\/etev7e.pef.czu.cz\/zs2223\/wp-json\/wp\/v2\/media?parent=7027"}],"wp:term":[{"taxonomy":"product_brand","embeddable":true,"href":"https:\/\/etev7e.pef.czu.cz\/zs2223\/wp-json\/wp\/v2\/product_brand?post=7027"},{"taxonomy":"product_cat","embeddable":true,"href":"https:\/\/etev7e.pef.czu.cz\/zs2223\/wp-json\/wp\/v2\/product_cat?post=7027"},{"taxonomy":"product_tag","embeddable":true,"href":"https:\/\/etev7e.pef.czu.cz\/zs2223\/wp-json\/wp\/v2\/product_tag?post=7027"}],"curies":[{"name":"wp","href":"https:\/\/api.w.org\/{rel}","templated":true}]}}