{"id":7029,"date":"2025-11-05T16:29:51","date_gmt":"2025-11-05T15:29:51","guid":{"rendered":"https:\/\/etev7e.pef.czu.cz\/zs2223\/?post_type=product&#038;p=7029"},"modified":"2025-11-05T17:18:20","modified_gmt":"2025-11-05T16:18:20","slug":"stresni-lat-c24-40-x-60-x-5000-mm","status":"publish","type":"product","link":"https:\/\/etev7e.pef.czu.cz\/zs2223\/produkt\/stresni-lat-c24-40-x-60-x-5000-mm\/","title":{"rendered":"St\u0159e\u0161n\u00ed la\u0165 C24 \u2013 40 \u00d7 60 \u00d7 5000 mm"},"content":{"rendered":"<ul>\n<li><strong>Materi\u00e1l:<\/strong> Vyrobeno ze <strong>smrkov\u00e9ho d\u0159eva<\/strong>.<\/li>\n<li><strong>Kvalita a \u00faprava:<\/strong> T\u0159\u00edda pevnosti <strong>C24<\/strong>. La\u0165 je <strong>impregnovan\u00e1<\/strong> pro zv\u00fd\u0161enou odolnost proti vlhkosti, hnilob\u011b, pl\u00edsn\u00edm a d\u0159evokazn\u00e9mu hmyzu.<\/li>\n<li><strong>Rozm\u011bry:<\/strong> <strong>40 \u00d7 60 \u00d7 5000 mm<\/strong> (v\u00fd\u0161ka \u00d7 \u0161\u00ed\u0159ka \u00d7 d\u00e9lka).<\/li>\n<li><strong>Vyu\u017eit\u00ed:<\/strong> Je kl\u00ed\u010dov\u00e1 pro <strong>vytvo\u0159en\u00ed podkladn\u00edho ro\u0161tu<\/strong> na st\u0159e\u0161n\u00edch krovech, na kter\u00fd se n\u00e1sledn\u011b p\u0159ipev\u0148uje st\u0159e\u0161n\u00ed krytina (ta\u0161ky, plechy apod.). Pou\u017e\u00edv\u00e1 se tak\u00e9 pro pomocn\u00e9 <strong>lat\u011b a kontralat\u011b<\/strong>.<\/li>\n<\/ul>\n","protected":false},"excerpt":{"rendered":"<p><strong>St\u0159e\u0161n\u00ed la\u0165<\/strong> pevnostn\u00ed t\u0159\u00eddy <strong>C24<\/strong> je nezbytn\u00e1 pro spr\u00e1vnou <strong>mont\u00e1\u017e st\u0159e\u0161n\u00ed krytiny<\/strong>.<\/p>\n","protected":false},"featured_media":7030,"comment_status":"open","ping_status":"closed","template":"","meta":[],"product_brand":[],"product_cat":[1924],"product_tag":[1930,1929,1926],"class_list":{"0":"post-7029","1":"product","2":"type-product","3":"status-publish","4":"has-post-thumbnail","6":"product_cat-dreveny-material-pro-stavby-2025","7":"product_tag-impregnace","8":"product_tag-nehoblovane-drevo","9":"product_tag-smrkove-drevo","11":"first","12":"instock","13":"taxable","14":"shipping-taxable","15":"purchasable","16":"product-type-simple"},"jetpack_sharing_enabled":true,"_links":{"self":[{"href":"https:\/\/etev7e.pef.czu.cz\/zs2223\/wp-json\/wp\/v2\/product\/7029","targetHints":{"allow":["GET"]}}],"collection":[{"href":"https:\/\/etev7e.pef.czu.cz\/zs2223\/wp-json\/wp\/v2\/product"}],"about":[{"href":"https:\/\/etev7e.pef.czu.cz\/zs2223\/wp-json\/wp\/v2\/types\/product"}],"replies":[{"embeddable":true,"href":"https:\/\/etev7e.pef.czu.cz\/zs2223\/wp-json\/wp\/v2\/comments?post=7029"}],"wp:featuredmedia":[{"embeddable":true,"href":"https:\/\/etev7e.pef.czu.cz\/zs2223\/wp-json\/wp\/v2\/media\/7030"}],"wp:attachment":[{"href":"https:\/\/etev7e.pef.czu.cz\/zs2223\/wp-json\/wp\/v2\/media?parent=7029"}],"wp:term":[{"taxonomy":"product_brand","embeddable":true,"href":"https:\/\/etev7e.pef.czu.cz\/zs2223\/wp-json\/wp\/v2\/product_brand?post=7029"},{"taxonomy":"product_cat","embeddable":true,"href":"https:\/\/etev7e.pef.czu.cz\/zs2223\/wp-json\/wp\/v2\/product_cat?post=7029"},{"taxonomy":"product_tag","embeddable":true,"href":"https:\/\/etev7e.pef.czu.cz\/zs2223\/wp-json\/wp\/v2\/product_tag?post=7029"}],"curies":[{"name":"wp","href":"https:\/\/api.w.org\/{rel}","templated":true}]}}